{"id":29813,"date":"2025-12-06T20:41:35","date_gmt":"2025-12-06T20:41:35","guid":{"rendered":"https:\/\/hansen.devwp.dk\/udvikling\/"},"modified":"2026-02-16T08:05:15","modified_gmt":"2026-02-16T08:05:15","slug":"udvikling","status":"publish","type":"page","link":"https:\/\/hansen.devwp.dk\/da\/udvikling\/","title":{"rendered":"Udvikling"},"content":{"rendered":"\t\t<div data-elementor-type=\"wp-page\" data-elementor-id=\"29813\" class=\"elementor elementor-29813 elementor-29313\" data-elementor-post-type=\"page\">\n\t\t\t\t<div class=\"wd-negative-gap elementor-element elementor-element-804f15e e-flex e-con-boxed e-con e-parent\" data-id=\"804f15e\" data-element_type=\"container\" data-e-type=\"container\">\n\t\t\t\t\t<div class=\"e-con-inner\">\n\t\t\t\t<div class=\"elementor-element elementor-element-c4e5eb6 elementor-widget elementor-widget-shortcode\" data-id=\"c4e5eb6\" data-element_type=\"widget\" data-e-type=\"widget\" data-widget_type=\"shortcode.default\">\n\t\t\t\t\t\t\t<div class=\"elementor-shortcode\"><p class=\"ego-hansen-error\">Udvikling ikke fundet.<\/p>\n<\/div>\n\t\t\t\t\t\t<\/div>\n\t\t\t\t\t<\/div>\n\t\t\t\t<\/div>\n\t\t\t\t<\/div>\n\t\t","protected":false},"excerpt":{"rendered":"","protected":false},"author":1,"featured_media":0,"parent":0,"menu_order":3,"comment_status":"closed","ping_status":"closed","template":"elementor_header_footer","meta":{"footnotes":""},"class_list":["post-29813","page","type-page","status-publish","hentry"],"yoast_head":"<!-- This site is optimized with the Yoast SEO plugin v27.3 - https:\/\/yoast.com\/product\/yoast-seo-wordpress\/ -->\n<title>Udvikling og nybyg p\u00e5 Costa del Sol | Hansen Real Estate<\/title>\n<meta name=\"description\" content=\"F\u00e5 overblik over udvikling og nybyg p\u00e5 Costa del Sol. Vi r\u00e5dgiver trygt gennem hele processen fra f\u00f8rste kontakt til overdragelse. Kontakt os for fremvisni\" \/>\n<meta name=\"robots\" content=\"noindex, follow, max-snippet:-1, max-image-preview:large, max-video-preview:-1\" \/>\n<meta property=\"og:locale\" content=\"da_DK\" \/>\n<meta property=\"og:type\" content=\"article\" \/>\n<meta property=\"og:title\" content=\"Udvikling og nybyg p\u00e5 Costa del Sol | Hansen Real Estate\" \/>\n<meta property=\"og:description\" content=\"F\u00e5 overblik over udvikling og nybyg p\u00e5 Costa del Sol. Vi r\u00e5dgiver trygt gennem hele processen fra f\u00f8rste kontakt til overdragelse. Kontakt os for fremvisni\" \/>\n<meta property=\"og:url\" content=\"https:\/\/hansen.devwp.dk\/da\/udvikling\/\" \/>\n<meta property=\"og:site_name\" content=\"Hansen-Realestate\" \/>\n<meta property=\"article:modified_time\" content=\"2026-02-16T08:05:15+00:00\" \/>\n<meta name=\"twitter:card\" content=\"summary_large_image\" \/>\n<script type=\"application\/ld+json\" class=\"yoast-schema-graph\">{\"@context\":\"https:\\\/\\\/schema.org\",\"@graph\":[{\"@type\":\"WebPage\",\"@id\":\"https:\\\/\\\/hansen.devwp.dk\\\/da\\\/udvikling\\\/\",\"url\":\"https:\\\/\\\/hansen.devwp.dk\\\/da\\\/udvikling\\\/\",\"name\":\"Udvikling og nybyg p\u00e5 Costa del Sol | Hansen Real Estate\",\"isPartOf\":{\"@id\":\"https:\\\/\\\/hansen.devwp.dk\\\/da\\\/#website\"},\"datePublished\":\"2025-12-06T20:41:35+00:00\",\"dateModified\":\"2026-02-16T08:05:15+00:00\",\"description\":\"F\u00e5 overblik over udvikling og nybyg p\u00e5 Costa del Sol. Vi r\u00e5dgiver trygt gennem hele processen fra f\u00f8rste kontakt til overdragelse. Kontakt os for fremvisni\",\"breadcrumb\":{\"@id\":\"https:\\\/\\\/hansen.devwp.dk\\\/da\\\/udvikling\\\/#breadcrumb\"},\"inLanguage\":\"da-DK\",\"potentialAction\":[{\"@type\":\"ReadAction\",\"target\":[\"https:\\\/\\\/hansen.devwp.dk\\\/da\\\/udvikling\\\/\"]}]},{\"@type\":\"BreadcrumbList\",\"@id\":\"https:\\\/\\\/hansen.devwp.dk\\\/da\\\/udvikling\\\/#breadcrumb\",\"itemListElement\":[{\"@type\":\"ListItem\",\"position\":1,\"name\":\"Home\",\"item\":\"https:\\\/\\\/hansen.devwp.dk\\\/da\\\/hjem-rejser\\\/\"},{\"@type\":\"ListItem\",\"position\":2,\"name\":\"Udvikling\"}]},{\"@type\":\"WebSite\",\"@id\":\"https:\\\/\\\/hansen.devwp.dk\\\/da\\\/#website\",\"url\":\"https:\\\/\\\/hansen.devwp.dk\\\/da\\\/\",\"name\":\"Hansen Realestate\",\"description\":\"\",\"publisher\":{\"@id\":\"https:\\\/\\\/hansen.devwp.dk\\\/da\\\/#organization\"},\"potentialAction\":[{\"@type\":\"SearchAction\",\"target\":{\"@type\":\"EntryPoint\",\"urlTemplate\":\"https:\\\/\\\/hansen.devwp.dk\\\/da\\\/?s={search_term_string}\"},\"query-input\":{\"@type\":\"PropertyValueSpecification\",\"valueRequired\":true,\"valueName\":\"search_term_string\"}}],\"inLanguage\":\"da-DK\"},{\"@type\":\"Organization\",\"@id\":\"https:\\\/\\\/hansen.devwp.dk\\\/da\\\/#organization\",\"name\":\"Hansen Realestate\",\"url\":\"https:\\\/\\\/hansen.devwp.dk\\\/da\\\/\",\"logo\":{\"@type\":\"ImageObject\",\"inLanguage\":\"da-DK\",\"@id\":\"https:\\\/\\\/hansen.devwp.dk\\\/da\\\/#\\\/schema\\\/logo\\\/image\\\/\",\"url\":\"https:\\\/\\\/hansen.devwp.dk\\\/wp-content\\\/uploads\\\/2025\\\/11\\\/logo_hansen1.png\",\"contentUrl\":\"https:\\\/\\\/hansen.devwp.dk\\\/wp-content\\\/uploads\\\/2025\\\/11\\\/logo_hansen1.png\",\"width\":250,\"height\":150,\"caption\":\"Hansen Realestate\"},\"image\":{\"@id\":\"https:\\\/\\\/hansen.devwp.dk\\\/da\\\/#\\\/schema\\\/logo\\\/image\\\/\"}}]}<\/script>\n<!-- \/ Yoast SEO plugin. -->","yoast_head_json":{"title":"Udvikling og nybyg p\u00e5 Costa del Sol | Hansen Real Estate","description":"F\u00e5 overblik over udvikling og nybyg p\u00e5 Costa del Sol. Vi r\u00e5dgiver trygt gennem hele processen fra f\u00f8rste kontakt til overdragelse. Kontakt os for fremvisni","robots":{"index":"noindex","follow":"follow","max-snippet":"max-snippet:-1","max-image-preview":"max-image-preview:large","max-video-preview":"max-video-preview:-1"},"og_locale":"da_DK","og_type":"article","og_title":"Udvikling og nybyg p\u00e5 Costa del Sol | Hansen Real Estate","og_description":"F\u00e5 overblik over udvikling og nybyg p\u00e5 Costa del Sol. Vi r\u00e5dgiver trygt gennem hele processen fra f\u00f8rste kontakt til overdragelse. Kontakt os for fremvisni","og_url":"https:\/\/hansen.devwp.dk\/da\/udvikling\/","og_site_name":"Hansen-Realestate","article_modified_time":"2026-02-16T08:05:15+00:00","twitter_card":"summary_large_image","schema":{"@context":"https:\/\/schema.org","@graph":[{"@type":"WebPage","@id":"https:\/\/hansen.devwp.dk\/da\/udvikling\/","url":"https:\/\/hansen.devwp.dk\/da\/udvikling\/","name":"Udvikling og nybyg p\u00e5 Costa del Sol | Hansen Real Estate","isPartOf":{"@id":"https:\/\/hansen.devwp.dk\/da\/#website"},"datePublished":"2025-12-06T20:41:35+00:00","dateModified":"2026-02-16T08:05:15+00:00","description":"F\u00e5 overblik over udvikling og nybyg p\u00e5 Costa del Sol. Vi r\u00e5dgiver trygt gennem hele processen fra f\u00f8rste kontakt til overdragelse. Kontakt os for fremvisni","breadcrumb":{"@id":"https:\/\/hansen.devwp.dk\/da\/udvikling\/#breadcrumb"},"inLanguage":"da-DK","potentialAction":[{"@type":"ReadAction","target":["https:\/\/hansen.devwp.dk\/da\/udvikling\/"]}]},{"@type":"BreadcrumbList","@id":"https:\/\/hansen.devwp.dk\/da\/udvikling\/#breadcrumb","itemListElement":[{"@type":"ListItem","position":1,"name":"Home","item":"https:\/\/hansen.devwp.dk\/da\/hjem-rejser\/"},{"@type":"ListItem","position":2,"name":"Udvikling"}]},{"@type":"WebSite","@id":"https:\/\/hansen.devwp.dk\/da\/#website","url":"https:\/\/hansen.devwp.dk\/da\/","name":"Hansen Realestate","description":"","publisher":{"@id":"https:\/\/hansen.devwp.dk\/da\/#organization"},"potentialAction":[{"@type":"SearchAction","target":{"@type":"EntryPoint","urlTemplate":"https:\/\/hansen.devwp.dk\/da\/?s={search_term_string}"},"query-input":{"@type":"PropertyValueSpecification","valueRequired":true,"valueName":"search_term_string"}}],"inLanguage":"da-DK"},{"@type":"Organization","@id":"https:\/\/hansen.devwp.dk\/da\/#organization","name":"Hansen Realestate","url":"https:\/\/hansen.devwp.dk\/da\/","logo":{"@type":"ImageObject","inLanguage":"da-DK","@id":"https:\/\/hansen.devwp.dk\/da\/#\/schema\/logo\/image\/","url":"https:\/\/hansen.devwp.dk\/wp-content\/uploads\/2025\/11\/logo_hansen1.png","contentUrl":"https:\/\/hansen.devwp.dk\/wp-content\/uploads\/2025\/11\/logo_hansen1.png","width":250,"height":150,"caption":"Hansen Realestate"},"image":{"@id":"https:\/\/hansen.devwp.dk\/da\/#\/schema\/logo\/image\/"}}]}},"_links":{"self":[{"href":"https:\/\/hansen.devwp.dk\/da\/wp-json\/wp\/v2\/pages\/29813","targetHints":{"allow":["GET"]}}],"collection":[{"href":"https:\/\/hansen.devwp.dk\/da\/wp-json\/wp\/v2\/pages"}],"about":[{"href":"https:\/\/hansen.devwp.dk\/da\/wp-json\/wp\/v2\/types\/page"}],"author":[{"embeddable":true,"href":"https:\/\/hansen.devwp.dk\/da\/wp-json\/wp\/v2\/users\/1"}],"replies":[{"embeddable":true,"href":"https:\/\/hansen.devwp.dk\/da\/wp-json\/wp\/v2\/comments?post=29813"}],"version-history":[{"count":1,"href":"https:\/\/hansen.devwp.dk\/da\/wp-json\/wp\/v2\/pages\/29813\/revisions"}],"predecessor-version":[{"id":29814,"href":"https:\/\/hansen.devwp.dk\/da\/wp-json\/wp\/v2\/pages\/29813\/revisions\/29814"}],"wp:attachment":[{"href":"https:\/\/hansen.devwp.dk\/da\/wp-json\/wp\/v2\/media?parent=29813"}],"curies":[{"name":"wp","href":"https:\/\/api.w.org\/{rel}","templated":true}]}}