{"id":30429,"date":"2025-11-21T13:58:39","date_gmt":"2025-11-21T13:58:39","guid":{"rendered":"https:\/\/hansen.devwp.dk\/bolig\/"},"modified":"2026-02-16T09:07:02","modified_gmt":"2026-02-16T09:07:02","slug":"bolig","status":"publish","type":"page","link":"https:\/\/hansen.devwp.dk\/da\/bolig\/","title":{"rendered":"Bolig"},"content":{"rendered":"\t\t<div data-elementor-type=\"wp-page\" data-elementor-id=\"30429\" class=\"elementor elementor-30429 elementor-29129\" data-elementor-post-type=\"page\">\n\t\t\t\t<div class=\"wd-negative-gap elementor-element elementor-element-98f936e e-flex e-con-boxed e-con e-parent\" data-id=\"98f936e\" data-element_type=\"container\" data-e-type=\"container\">\n\t\t\t\t\t<div class=\"e-con-inner\">\n\t\t\t\t<div class=\"elementor-element elementor-element-aed2971 elementor-widget elementor-widget-heading\" data-id=\"aed2971\" data-element_type=\"widget\" data-e-type=\"widget\" data-widget_type=\"heading.default\">\n\t\t\t\t\t<h2 class=\"elementor-heading-title elementor-size-default\">Boliger til salg - Hansen Realestate<\/h2>\t\t\t\t<\/div>\n\t\t\t\t<div class=\"elementor-element elementor-element-37e9619 elementor-widget elementor-widget-spacer\" data-id=\"37e9619\" data-element_type=\"widget\" data-e-type=\"widget\" data-widget_type=\"spacer.default\">\n\t\t\t\t\t\t\t<div class=\"elementor-spacer\">\n\t\t\t<div class=\"elementor-spacer-inner\"><\/div>\n\t\t<\/div>\n\t\t\t\t\t\t<\/div>\n\t\t\t\t\t<\/div>\n\t\t\t\t<\/div>\n\t\t<div class=\"wd-negative-gap elementor-element elementor-element-df7bf9d e-flex e-con-boxed e-con e-parent\" data-id=\"df7bf9d\" data-element_type=\"container\" data-e-type=\"container\">\n\t\t\t\t\t<div class=\"e-con-inner\">\n\t\t\t\t<div class=\"elementor-element elementor-element-78b6e2c elementor-widget elementor-widget-shortcode\" data-id=\"78b6e2c\" data-element_type=\"widget\" data-e-type=\"widget\" data-widget_type=\"shortcode.default\">\n\t\t\t\t\t\t\t<div class=\"elementor-shortcode\"><p class=\"ego-hansen-single-noid ego-hansen-no-results\">No property selected.<\/p><\/div>\n\t\t\t\t\t\t<\/div>\n\t\t\t\t<div class=\"elementor-element elementor-element-69bfddc elementor-widget elementor-widget-spacer\" data-id=\"69bfddc\" data-element_type=\"widget\" data-e-type=\"widget\" data-widget_type=\"spacer.default\">\n\t\t\t\t\t\t\t<div class=\"elementor-spacer\">\n\t\t\t<div class=\"elementor-spacer-inner\"><\/div>\n\t\t<\/div>\n\t\t\t\t\t\t<\/div>\n\t\t\t\t\t<\/div>\n\t\t\t\t<\/div>\n\t\t\t\t<\/div>\n\t\t","protected":false},"excerpt":{"rendered":"<p>Boliger til salg &#8211; Hansen Realestate<\/p>\n","protected":false},"author":1,"featured_media":0,"parent":0,"menu_order":28,"comment_status":"closed","ping_status":"closed","template":"elementor_header_footer","meta":{"footnotes":""},"class_list":["post-30429","page","type-page","status-publish","hentry"],"yoast_head":"<!-- This site is optimized with the Yoast SEO plugin v27.3 - https:\/\/yoast.com\/product\/yoast-seo-wordpress\/ -->\n<title>Boliger til salg p\u00e5 Costa del Sol | Hansen Real Estate<\/title>\n<meta name=\"description\" content=\"Se boliger til salg p\u00e5 Costa del Sol: lejligheder, villaer, r\u00e6kkehuse og nybyg. Vi guider dig trygt fra s\u00f8gning til overdragelse. Kontakt os for fremvisnin\" \/>\n<meta name=\"robots\" content=\"noindex, follow, max-snippet:-1, max-image-preview:large, max-video-preview:-1\" \/>\n<meta property=\"og:locale\" content=\"da_DK\" \/>\n<meta property=\"og:type\" content=\"article\" \/>\n<meta property=\"og:title\" content=\"Boliger til salg p\u00e5 Costa del Sol | Hansen Real Estate\" \/>\n<meta property=\"og:description\" content=\"Se boliger til salg p\u00e5 Costa del Sol: lejligheder, villaer, r\u00e6kkehuse og nybyg. Vi guider dig trygt fra s\u00f8gning til overdragelse. Kontakt os for fremvisnin\" \/>\n<meta property=\"og:url\" content=\"https:\/\/hansen.devwp.dk\/da\/bolig\/\" \/>\n<meta property=\"og:site_name\" content=\"Hansen-Realestate\" \/>\n<meta property=\"article:modified_time\" content=\"2026-02-16T09:07:02+00:00\" \/>\n<meta name=\"twitter:card\" content=\"summary_large_image\" \/>\n<script type=\"application\/ld+json\" class=\"yoast-schema-graph\">{\"@context\":\"https:\\\/\\\/schema.org\",\"@graph\":[{\"@type\":\"WebPage\",\"@id\":\"https:\\\/\\\/hansen.devwp.dk\\\/da\\\/bolig\\\/\",\"url\":\"https:\\\/\\\/hansen.devwp.dk\\\/da\\\/bolig\\\/\",\"name\":\"Boliger til salg p\u00e5 Costa del Sol | Hansen Real Estate\",\"isPartOf\":{\"@id\":\"https:\\\/\\\/hansen.devwp.dk\\\/da\\\/#website\"},\"datePublished\":\"2025-11-21T13:58:39+00:00\",\"dateModified\":\"2026-02-16T09:07:02+00:00\",\"description\":\"Se boliger til salg p\u00e5 Costa del Sol: lejligheder, villaer, r\u00e6kkehuse og nybyg. Vi guider dig trygt fra s\u00f8gning til overdragelse. Kontakt os for fremvisnin\",\"breadcrumb\":{\"@id\":\"https:\\\/\\\/hansen.devwp.dk\\\/da\\\/bolig\\\/#breadcrumb\"},\"inLanguage\":\"da-DK\",\"potentialAction\":[{\"@type\":\"ReadAction\",\"target\":[\"https:\\\/\\\/hansen.devwp.dk\\\/da\\\/bolig\\\/\"]}]},{\"@type\":\"BreadcrumbList\",\"@id\":\"https:\\\/\\\/hansen.devwp.dk\\\/da\\\/bolig\\\/#breadcrumb\",\"itemListElement\":[{\"@type\":\"ListItem\",\"position\":1,\"name\":\"Home\",\"item\":\"https:\\\/\\\/hansen.devwp.dk\\\/da\\\/hjem-rejser\\\/\"},{\"@type\":\"ListItem\",\"position\":2,\"name\":\"Bolig\"}]},{\"@type\":\"WebSite\",\"@id\":\"https:\\\/\\\/hansen.devwp.dk\\\/da\\\/#website\",\"url\":\"https:\\\/\\\/hansen.devwp.dk\\\/da\\\/\",\"name\":\"Hansen Realestate\",\"description\":\"\",\"publisher\":{\"@id\":\"https:\\\/\\\/hansen.devwp.dk\\\/da\\\/#organization\"},\"potentialAction\":[{\"@type\":\"SearchAction\",\"target\":{\"@type\":\"EntryPoint\",\"urlTemplate\":\"https:\\\/\\\/hansen.devwp.dk\\\/da\\\/?s={search_term_string}\"},\"query-input\":{\"@type\":\"PropertyValueSpecification\",\"valueRequired\":true,\"valueName\":\"search_term_string\"}}],\"inLanguage\":\"da-DK\"},{\"@type\":\"Organization\",\"@id\":\"https:\\\/\\\/hansen.devwp.dk\\\/da\\\/#organization\",\"name\":\"Hansen Realestate\",\"url\":\"https:\\\/\\\/hansen.devwp.dk\\\/da\\\/\",\"logo\":{\"@type\":\"ImageObject\",\"inLanguage\":\"da-DK\",\"@id\":\"https:\\\/\\\/hansen.devwp.dk\\\/da\\\/#\\\/schema\\\/logo\\\/image\\\/\",\"url\":\"https:\\\/\\\/hansen.devwp.dk\\\/wp-content\\\/uploads\\\/2025\\\/11\\\/logo_hansen1.png\",\"contentUrl\":\"https:\\\/\\\/hansen.devwp.dk\\\/wp-content\\\/uploads\\\/2025\\\/11\\\/logo_hansen1.png\",\"width\":250,\"height\":150,\"caption\":\"Hansen Realestate\"},\"image\":{\"@id\":\"https:\\\/\\\/hansen.devwp.dk\\\/da\\\/#\\\/schema\\\/logo\\\/image\\\/\"}}]}<\/script>\n<!-- \/ Yoast SEO plugin. -->","yoast_head_json":{"title":"Boliger til salg p\u00e5 Costa del Sol | Hansen Real Estate","description":"Se boliger til salg p\u00e5 Costa del Sol: lejligheder, villaer, r\u00e6kkehuse og nybyg. Vi guider dig trygt fra s\u00f8gning til overdragelse. Kontakt os for fremvisnin","robots":{"index":"noindex","follow":"follow","max-snippet":"max-snippet:-1","max-image-preview":"max-image-preview:large","max-video-preview":"max-video-preview:-1"},"og_locale":"da_DK","og_type":"article","og_title":"Boliger til salg p\u00e5 Costa del Sol | Hansen Real Estate","og_description":"Se boliger til salg p\u00e5 Costa del Sol: lejligheder, villaer, r\u00e6kkehuse og nybyg. Vi guider dig trygt fra s\u00f8gning til overdragelse. Kontakt os for fremvisnin","og_url":"https:\/\/hansen.devwp.dk\/da\/bolig\/","og_site_name":"Hansen-Realestate","article_modified_time":"2026-02-16T09:07:02+00:00","twitter_card":"summary_large_image","schema":{"@context":"https:\/\/schema.org","@graph":[{"@type":"WebPage","@id":"https:\/\/hansen.devwp.dk\/da\/bolig\/","url":"https:\/\/hansen.devwp.dk\/da\/bolig\/","name":"Boliger til salg p\u00e5 Costa del Sol | Hansen Real Estate","isPartOf":{"@id":"https:\/\/hansen.devwp.dk\/da\/#website"},"datePublished":"2025-11-21T13:58:39+00:00","dateModified":"2026-02-16T09:07:02+00:00","description":"Se boliger til salg p\u00e5 Costa del Sol: lejligheder, villaer, r\u00e6kkehuse og nybyg. Vi guider dig trygt fra s\u00f8gning til overdragelse. Kontakt os for fremvisnin","breadcrumb":{"@id":"https:\/\/hansen.devwp.dk\/da\/bolig\/#breadcrumb"},"inLanguage":"da-DK","potentialAction":[{"@type":"ReadAction","target":["https:\/\/hansen.devwp.dk\/da\/bolig\/"]}]},{"@type":"BreadcrumbList","@id":"https:\/\/hansen.devwp.dk\/da\/bolig\/#breadcrumb","itemListElement":[{"@type":"ListItem","position":1,"name":"Home","item":"https:\/\/hansen.devwp.dk\/da\/hjem-rejser\/"},{"@type":"ListItem","position":2,"name":"Bolig"}]},{"@type":"WebSite","@id":"https:\/\/hansen.devwp.dk\/da\/#website","url":"https:\/\/hansen.devwp.dk\/da\/","name":"Hansen Realestate","description":"","publisher":{"@id":"https:\/\/hansen.devwp.dk\/da\/#organization"},"potentialAction":[{"@type":"SearchAction","target":{"@type":"EntryPoint","urlTemplate":"https:\/\/hansen.devwp.dk\/da\/?s={search_term_string}"},"query-input":{"@type":"PropertyValueSpecification","valueRequired":true,"valueName":"search_term_string"}}],"inLanguage":"da-DK"},{"@type":"Organization","@id":"https:\/\/hansen.devwp.dk\/da\/#organization","name":"Hansen Realestate","url":"https:\/\/hansen.devwp.dk\/da\/","logo":{"@type":"ImageObject","inLanguage":"da-DK","@id":"https:\/\/hansen.devwp.dk\/da\/#\/schema\/logo\/image\/","url":"https:\/\/hansen.devwp.dk\/wp-content\/uploads\/2025\/11\/logo_hansen1.png","contentUrl":"https:\/\/hansen.devwp.dk\/wp-content\/uploads\/2025\/11\/logo_hansen1.png","width":250,"height":150,"caption":"Hansen Realestate"},"image":{"@id":"https:\/\/hansen.devwp.dk\/da\/#\/schema\/logo\/image\/"}}]}},"_links":{"self":[{"href":"https:\/\/hansen.devwp.dk\/da\/wp-json\/wp\/v2\/pages\/30429","targetHints":{"allow":["GET"]}}],"collection":[{"href":"https:\/\/hansen.devwp.dk\/da\/wp-json\/wp\/v2\/pages"}],"about":[{"href":"https:\/\/hansen.devwp.dk\/da\/wp-json\/wp\/v2\/types\/page"}],"author":[{"embeddable":true,"href":"https:\/\/hansen.devwp.dk\/da\/wp-json\/wp\/v2\/users\/1"}],"replies":[{"embeddable":true,"href":"https:\/\/hansen.devwp.dk\/da\/wp-json\/wp\/v2\/comments?post=30429"}],"version-history":[{"count":2,"href":"https:\/\/hansen.devwp.dk\/da\/wp-json\/wp\/v2\/pages\/30429\/revisions"}],"predecessor-version":[{"id":30431,"href":"https:\/\/hansen.devwp.dk\/da\/wp-json\/wp\/v2\/pages\/30429\/revisions\/30431"}],"wp:attachment":[{"href":"https:\/\/hansen.devwp.dk\/da\/wp-json\/wp\/v2\/media?parent=30429"}],"curies":[{"name":"wp","href":"https:\/\/api.w.org\/{rel}","templated":true}]}}