{"id":29979,"date":"2025-12-22T08:54:50","date_gmt":"2025-12-22T08:54:50","guid":{"rendered":"https:\/\/hansen.devwp.dk\/datenschutzerklaerung\/"},"modified":"2026-02-16T08:11:28","modified_gmt":"2026-02-16T08:11:28","slug":"datenschutzerklaerung","status":"publish","type":"page","link":"https:\/\/hansen.devwp.dk\/de\/datenschutzerklaerung\/","title":{"rendered":"Datenschutzerkl\u00e4rung"},"content":{"rendered":"\n<p>Hansen Real Estate mit Hauptsitz in der Avenida de Andalucia, 64 und der Umsatzsteuer-Identifikationsnummer , ist Eigent\u00fcmer der Domain www.hansen-realestate.com, auf der die WEBSITE gehostet wird.<\/p>\n\n<p>HANSEN REAL ESTATE VERPFLICHTET SICH ZUM SCHUTZ DER PRIVATSPH\u00c4RE UND DER PERSONENBEZOGENEN DATEN SEINER KUNDEN UND WEBSITE-NUTZER. DAHER HAT DAS UNTERNEHMEN DIE VORLIEGENDE RICHTLINIE SOWIE DIE HIERIN BESCHRIEBENEN PRAKTIKEN ENTWICKELT UND VERABSCHIEDET. <\/p>\n\n<p>DIESE DATENSCHUTZERKL\u00c4RUNG ERL\u00c4UTERT, WIE IHRE PERSONENBEZOGENEN DATEN ERHOBEN UND VERARBEITET WERDEN. WIR EMPFEHLEN IHNEN, DIESE ZU LESEN, UM DIE BEDINGUNGEN ZU VERSTEHEN, UNTER DENEN IHRE PERSONENBEZOGENEN DATEN ERHOBEN UND VERWENDET WERDEN.<\/p>\n\n<p>Unsere Datenschutzerkl\u00e4rung steht im Einklang mit der geltenden portugiesischen Gesetzgebung, namentlich dem Gesetz Nr. 58\/2019 vom 8. August \u00fcber den Schutz personenbezogener Daten, anderen geltenden nationalen Gesetzen und der Datenschutz-Grundverordnung (DSGVO) 2016\/679 vom 27. April. Die Datenschutzgesetzgebung unterliegt regelm\u00e4\u00dfigen \u00dcberpr\u00fcfungen, und wir empfehlen den Nutzern, unsere Datenschutzerkl\u00e4rung regelm\u00e4\u00dfig zu konsultieren. Weitere Informationen finden Sie auf der Website www.cnpd.pt. Diese Website entspricht der nationalen und gemeinschaftlichen Gesetzgebung. F\u00fcr alle Streitigkeiten, die sich aus der Nutzung dieser Website ergeben, sind ausschlie\u00dflich portugiesische Gerichte zust\u00e4ndig.    <\/p>\n\n<h2 class=\"wp-block-heading\">1. WAS DECKT DIESE RICHTLINIE AB?<\/h2>\n\n<p>1.1. Diese Datenschutzerkl\u00e4rung erl\u00e4utert, wie wir die personenbezogenen Daten erheben und verarbeiten, die f\u00fcr die Bereitstellung der \u00fcber die WEBSITE verf\u00fcgbaren Dienste erforderlich sind.<\/p>\n\n<p>1.2. Beispiele f\u00fcr diese Dienste sind das Abonnieren von Newslettern oder die Kontaktaufnahme mit uns sowie das Zusenden Ihrer Bewerbung.<\/p>\n\n<p>1.3. Ziel ist es, diese Dienste effizient und reibungslos bereitzustellen und die zu diesem Zweck angewandten Praktiken zu beschreiben.<\/p>\n\n<h2 class=\"wp-block-heading\">2. WAS SIND PERSONENBEZOGENE DATEN?<\/h2>\n\n<p>2.1. Personenbezogene Daten sind alle Informationen, die sich auf eine Person beziehen und diese identifizieren oder identifizierbar machen, unabh\u00e4ngig von der Art und dem Tr\u00e4ger der Information, einschlie\u00dflich Ton und Bild.<\/p>\n\n<p>2.2. Beispiele f\u00fcr von uns erhobene personenbezogene Daten sind Vorname, Nachname, E-Mail-Adresse sowie Telefon- oder Mobilnummer.<\/p>\n\n<p>2.3. Identifizierbar ist eine Person, die direkt oder indirekt identifiziert werden kann, insbesondere durch Zuordnung zu einer Kennnummer oder zu einem oder mehreren spezifischen Elementen ihrer physischen, physiologischen, psychischen, wirtschaftlichen, kulturellen oder sozialen Identit\u00e4t.<\/p>\n\n<h2 class=\"wp-block-heading\">3. WIE WERDEN WIR IHRE PERSONENBEZOGENEN DATEN VERWENDEN?<\/h2>\n\n<p>3.1. Hansen Real Estate wird die von Ihnen zur Verf\u00fcgung gestellten personenbezogenen Daten f\u00fcr die folgenden Zwecke verwenden:<\/p>\n\n<p>(a) Zur Analyse und Beantwortung Ihrer Nachrichten, f\u00fcr den Kundensupport und Informationsanfragen;<\/p>\n\n<p>(b) Zur Analyse und Bearbeitung Ihrer Bewerbung f\u00fcr eine T\u00e4tigkeit bei Hansen Real Estate;<\/p>\n\n<p>(c) Zum Versenden von Newslettern oder anderen Publikationen, die Sie angefordert haben und\/oder die f\u00fcr Sie von Interesse sein k\u00f6nnten;<\/p>\n\n<p>(d) F\u00fcr Vorg\u00e4nge der Website-Verwaltung;<\/p>\n\n<p>(e) Zur F\u00fchrung eines Registers Ihrer Kontaktdaten;<\/p>\n\n<p>(f) F\u00fcr gesch\u00e4ftliche Zwecke wie Datenanalysen und Audits;<\/p>\n\n<p>(g) Zur Betrugspr\u00e4vention und Sicherheit von Informationssystemen;<\/p>\n\n<p>(h) Zur Anpassung, Verbesserung und \u00c4nderung von Diensten, einschlie\u00dflich der Identifizierung von Nutzungstrends oder der Ermittlung der Wirksamkeit von Werbekampagnen.<\/p>\n\n<p>3.2. Diese Vorg\u00e4nge zur Verarbeitung personenbezogener Daten sind f\u00fcr Ihre Zufriedenheit und f\u00fcr die T\u00e4tigkeit von Hansen Real Estate unerl\u00e4sslich und werden in \u00dcbereinstimmung mit der geltenden Gesetzgebung und den bew\u00e4hrten Praktiken durchgef\u00fchrt.<\/p>\n\n<p>3.3. Ihre personenbezogenen Daten werden nicht f\u00fcr andere als die zuvor genannten Zwecke oder f\u00fcr Zwecke, die nicht mit dem urspr\u00fcnglichen Erhebungszweck in Zusammenhang stehen, weiterverwendet.<\/p>\n\n<h2 class=\"wp-block-heading\">4. WAS SIND DIE RECHTSGRUNDLAGEN F\u00dcR DIE VERARBEITUNG DER VON UNS ERHOBENEN PERSONENBEZOGENEN DATEN?<\/h2>\n\n<p>4.1. Die von Hansen Real Estate verarbeiteten personenbezogenen Daten haben je nach Verwendungszweck spezifische Rechtsgrundlagen.<\/p>\n\n<p>4.2. In der folgenden Tabelle finden Sie die Rechtsgrundlagen entsprechend den oben genannten Zwecken:<\/p>\n\n<figure class=\"wp-block-table\"><table class=\"has-fixed-layout\"><tbody><tr><td>ZWECK<\/td><td>GRUNDLAGE<\/td><td>ERHOBENE DATEN<\/td><\/tr><tr><td>Zur Analyse und Beantwortung Ihrer Nachrichten, f\u00fcr den Kundensupport und Anfragen.<\/td><td>Einwilligung f\u00fcr diesen Zweck.<\/td><td>Name, Telefonnummer, E-Mail-Adresse.<\/td><\/tr><tr><td>Damit wir Ihnen Newsletter oder andere Publikationen zusenden k\u00f6nnen, die Sie angefordert haben und\/oder die f\u00fcr Sie von Interesse sein k\u00f6nnten.<\/td><td>Einwilligung f\u00fcr diesen spezifischen Zweck.<\/td><td>E-Mail-Adresse.<\/td><\/tr><tr><td>F\u00fcr Vorg\u00e4nge der Website-Verwaltung.<\/td><td>Einwilligung f\u00fcr diesen spezifischen Zweck (Cookies); Berechtigte Interessen von Hansen Real Estate.<\/td><td>Cookies, IP-Adresse<\/td><\/tr><tr><td>F\u00fcr kommerzielle Zwecke, wie Datenanalysen oder Audits.<\/td><td>Einwilligung f\u00fcr diesen spezifischen Zweck (Cookies); Berechtigte Interessen von Hansen Real Estate.<\/td><td>Cookies, IP-Adresse<\/td><\/tr><tr><td>Zur Betrugspr\u00e4vention und Sicherheit der Informationssysteme.<\/td><td>Berechtigte Interessen von Hansen Real Estate.<\/td><td>IP-Adresse<\/td><\/tr><tr><td>Zur Anpassung, Verbesserung und \u00c4nderung von Diensten, insbesondere durch die Identifizierung von Nutzertrends, oder zur Ermittlung der Wirksamkeit von Werbekampagnen.<\/td><td>Einwilligung f\u00fcr diesen spezifischen Zweck (Cookies); Berechtigte Interessen von Hansen Real Estate.<\/td><td>Cookies, IP-Adresse<\/td><\/tr><\/tbody><\/table><\/figure>\n\n<h2 class=\"wp-block-heading\">5. WIE ERHEBEN WIR IHRE PERSONENBEZOGENEN DATEN?<\/h2>\n\n<p>5.1. Wir erheben Ihre personenbezogenen Daten \u00fcber die Formulare auf der WEBSITE sowie \u00fcber die WEBSITE selbst und die Kommunikation, die sie mit Ihrem Ger\u00e4t aufbaut, sowie \u00fcber die E-Mail-Nachrichten, die Sie uns senden.<\/p>\n\n<p>5.2. Ihre personenbezogenen Daten werden von Ihrem Ger\u00e4t auf folgende Weise erhoben:<\/p>\n\n<p>(a) Durch Ihre Kontaktanfrage;<\/p>\n\n<p>(b) Durch das Einreichen einer Bewerbung;<\/p>\n\n<p>(c) Durch Ihr Abonnement des Newsletters;<\/p>\n\n<p>(d) Durch Ihren Browser;<\/p>\n\n<p>(e) Durch Cookies;<\/p>\n\n<p>(f) IP-Adresse.<\/p>\n\n<p>5.3. Hansen Real Estate verpflichtet sich, Ihre Daten gesetzeskonform und auf rechtm\u00e4\u00dfige Weise zu behandeln.<\/p>\n\n<p>5.4. Hansen Real Estate wird Ihre personenbezogenen Daten nicht verkaufen, vermieten oder an Dritte weitergeben, au\u00dfer in den in dieser Datenschutzerkl\u00e4rung klar genannten F\u00e4llen (siehe Punkt 9 f\u00fcr Details).<\/p>\n\n<p>5.5. Die Dienstleistungen von Hansen Real Estate richten sich nicht an Minderj\u00e4hrige, und eine absichtliche Verarbeitung personenbezogener Daten von Minderj\u00e4hrigen findet nicht statt.<\/p>\n\n<h2 class=\"wp-block-heading\">6. WAS SIND COOKIES?<\/h2>\n\n<p>6.1. Cookies sind kleine Informationsdateien, die helfen, Ihren Browser zu identifizieren, und die Informationen wie Benutzereinstellungen und Pr\u00e4ferenzen speichern k\u00f6nnen.<\/p>\n\n<p>6.2. Hansen Real Estate speichert Cookies auf Ihrem Ger\u00e4t, um die Navigation so weit wie m\u00f6glich zu personalisieren und zu erleichtern sowie zur Fehlerbehebung, f\u00fcr Statistiken, zur Qualit\u00e4tssicherung und zur \u00dcberwachung der Systemsicherheit.<\/p>\n\n<p>6.3. Mit Ausnahme der Cookies, die f\u00fcr den Betrieb der Website unbedingt erforderlich sind, h\u00e4ngt die Speicherung anderer Cookies stets von der Akzeptanz und Einwilligung des Nutzers ab, die jederzeit \u00fcber spezifische Browser-Tools widerrufen werden kann.<\/p>\n\n<p>6.4. Um mehr \u00fcber die von uns verwendeten Cookies zu erfahren, lesen Sie bitte unsere Cookie-Richtlinie.<\/p>\n\n<h2 class=\"wp-block-heading\">7. WIE SCH\u00dcTZEN WIR IHRE PERSONENBEZOGENEN DATEN?<\/h2>\n\n<p>7.1. Ihre personenbezogenen Daten werden durch die Verabschiedung verschiedener technischer und organisatorischer Sicherheitsma\u00dfnahmen gesch\u00fctzt, die sicherstellen, dass nur Mitarbeiter, die auf die Daten zugreifen m\u00fcssen, dies gem\u00e4\u00df den festgelegten Regeln tun.<\/p>\n\n<p>7.2. Zum Schutz Ihrer personenbezogenen Daten verlassen wir uns nur auf Rechenzentrumsanbieter, die angemessene und dokumentierte Sicherheitsma\u00dfnahmen bieten, einschlie\u00dflich Garantien, dass Ihre personenbezogenen Daten auf Servern gespeichert werden, die in kontrollierten Umgebungen mit eingeschr\u00e4nktem Zugriff unterhalten werden.<\/p>\n\n<p>7.3. Die personenbezogenen Daten werden auf sicheren Servern im PORTUGAL TELECOM DATA CENTER, S.A. gespeichert (Steuernummer 510.030.785, Sitz in Rua Data Center 6200-065 Covilh\u00e3). Dieses bietet uns angemessene Sicherheitsgarantien zum Schutz personenbezogener Daten vor unbefugter Offenlegung, Verlust, Missbrauch, \u00c4nderung, unbefugtem Zugriff oder jeder anderen Form der unrechtm\u00e4\u00dfigen Verarbeitung.<\/p>\n\n<p>7.4. Ebenso sch\u00fctzen wir Ihre Daten beim Surfen auf der WEBSITE durch Verschl\u00fcsselung, wie z. B. Hyper Text Transfer Protocol Secure (HTTPS). Dabei handelt es sich um ein Internetprotokoll, das darauf abzielt, die Kommunikation zwischen Ger\u00e4ten und Servern weltweit zu sichern. Das HTTPS-Protokoll entstand als Weiterentwicklung seines Vorg\u00e4ngers HTTP; der Unterschied besteht darin, dass HTTPS die Ger\u00e4tekommunikation verschl\u00fcsselt. <\/p>\n\n<p>7.5. Obwohl wir Vorsichtsma\u00dfnahmen und Ma\u00dfnahmen ergreifen, die wir f\u00fcr angemessen halten, um die von Ihnen bereitgestellten und von uns erhobenen personenbezogenen Daten zu sch\u00fctzen, weisen wir darauf hin, dass kein Sicherheitssystem undurchdringlich ist.<\/p>\n\n<h2 class=\"wp-block-heading\">8. WIE SIE IHRE RECHTE AUS\u00dcBEN K\u00d6NNEN:<\/h2>\n\n<p>8.1. Bevor wir erl\u00e4utern, wie Sie Ihre Rechte aus\u00fcben k\u00f6nnen, ist es wichtig zu wissen, welche Rechte dies sind. Die Gesetzgebung r\u00e4umt Ihnen das Recht ein, die Aus\u00fcbung der folgenden Rechte zu verlangen: <\/p>\n\n<p>(a) Auskunft: das Recht, eine Best\u00e4tigung dar\u00fcber zu erhalten, ob Sie betreffende personenbezogene Daten verarbeitet werden, und, falls dies der Fall ist, das Recht auf Auskunft \u00fcber diese Daten;<\/p>\n\n<p>(b) Berichtigung: das Recht, die Berichtigung Sie betreffender unrichtiger personenbezogener Daten zu verlangen sowie das Recht auf Vervollst\u00e4ndigung unvollst\u00e4ndiger Daten;<\/p>\n\n<p>(c) L\u00f6schung: das Recht, die L\u00f6schung Ihrer personenbezogenen Daten zu verlangen, wenn einer der gesetzlich aufgef\u00fchrten Gr\u00fcnde zutrifft;<\/p>\n\n<p>(d) Einschr\u00e4nkung der Verarbeitung: das Recht, die Einschr\u00e4nkung der Verarbeitung zu verlangen, wenn eine der gesetzlich aufgef\u00fchrten Situationen vorliegt;<\/p>\n\n<p>(e) Widerspruch: das Recht, jederzeit gegen die Verarbeitung Sie betreffender personenbezogener Daten Widerspruch einzulegen;<\/p>\n\n<p>(f) \u00dcbertragbarkeit: das Recht, die Sie betreffenden personenbezogenen Daten in einem strukturierten, g\u00e4ngigen und maschinenlesbaren Format zu erhalten.<\/p>\n\n<p>8.2. Sie haben au\u00dferdem das Recht, eine Beschwerde bei der zust\u00e4ndigen Aufsichtsbeh\u00f6rde einzureichen (in Portugal die Nationale Datenschutzkommission unter www.cnpd.pt).<\/p>\n\n<p>8.3. Um die oben genannten Rechte auszu\u00fcben, kontaktieren Sie Hansen Real Estate bitte \u00fcber die folgende E-Mail-Adresse: andreas@hansen-realestate.com.<\/p>\n\n<p>8.4. Wenn Sie die L\u00f6schung einiger oder aller Ihrer personenbezogenen Daten beantragen, k\u00f6nnen einige der angeforderten Dienste m\u00f6glicherweise nicht mehr f\u00fcr Sie erbracht werden. Hansen Real Estate wird nur die personenbezogenen Daten aufbewahren, die zur Erf\u00fcllung der gesetzlichen Verpflichtungen erforderlich sind.<\/p>\n\n<h2 class=\"wp-block-heading\">9. WANN GEBEN WIR DATEN AN DRITTE WEITER?<\/h2>\n\n<p>9.1. Hansen Real Estate kann sich bei der Erbringung bestimmter Dienstleistungen auf Dritte verlassen, wie z. B. Wartung, technischer Support, Marketing, Rechnungsstellung oder Zahlungsmanagement. Diese Dritten k\u00f6nnen Zugang zu einigen personenbezogenen Daten haben, namentlich zu den f\u00fcr die vertraglich vereinbarten Zwecke erforderlichen Daten.<\/p>\n\n<p>9.2. Hansen Real Estate stellt sicher, dass die Unternehmen, die Zugang zu den Daten haben, glaubw\u00fcrdig sind und hohe Schutzgarantien bieten. Ihnen werden keine Daten zur Verf\u00fcgung gestellt, die \u00fcber das f\u00fcr die Erbringung der vertraglich vereinbarten Dienstleistung erforderliche Ma\u00df hinausgehen, wobei Hansen Real Estate f\u00fcr die bereitgestellten personenbezogenen Daten verantwortlich bleibt. <\/p>\n\n<p>9.3. Hansen Real Estate kann Daten auch im Rahmen von Ermittlungen, Untersuchungen, gerichtlichen und\/oder Verwaltungsverfahren oder \u00e4hnlichen Verfahren an Dritte weitergeben, sofern dies durch eine gerichtliche Anordnung ordnungsgem\u00e4\u00df angewiesen wurde.<\/p>\n\n<h2 class=\"wp-block-heading\">10. WEBSITES DRITTER.<\/h2>\n\n<p>10.1. Die WEBSITE kann Links zu anderen Websites enthalten, die Ihre personenbezogenen Daten erheben und verarbeiten k\u00f6nnen. Die Verarbeitung von Daten auf diesen Websites liegt in der alleinigen Verantwortung der Eigent\u00fcmer dieser Websites, und Hansen Real Estate \u00fcbernimmt keine Verantwortung f\u00fcr deren Richtlinien und\/oder Praktiken. <\/p>\n\n<p>10.2. Beispiele f\u00fcr solche Dritten sind Facebook, Instagram, YouTube, WhatsApp und LinkedIn \u00fcber die auf der WEBSITE vorhandenen Schaltfl\u00e4chen.<\/p>\n\n<h2 class=\"wp-block-heading\">11. DATEN\u00dcBERMITTLUNGEN AUSSERHALB DER EUROP\u00c4ISCHEN UNION.<\/h2>\n\n<p>11.1. Im Falle von Daten\u00fcbermittlungen in Drittl\u00e4nder au\u00dferhalb der Europ\u00e4ischen Union wird Hansen Real Estate die gesetzlichen Anforderungen einhalten, insbesondere im Hinblick auf die Angemessenheit des Bestimmungslandes in Bezug auf den Schutz personenbezogener Daten und die f\u00fcr solche \u00dcbermittlungen geltenden Anforderungen. Personenbezogene Daten werden nicht in Rechtsordnungen \u00fcbermittelt, die keine angemessenen Sicherheits- und Schutzgarantien bieten. <\/p>\n\n<h2 class=\"wp-block-heading\">12. MINDERJ\u00c4HRIGE.<\/h2>\n\n<p>12.1. Die WEBSITE ist nicht f\u00fcr Personen unter 16 Jahren bestimmt, und wir bitten Minderj\u00e4hrige, uns keine personenbezogenen Daten \u00fcber die WEBSITE, die Anwendung, soziale Netzwerke und Medien oder E-Mails zur Verf\u00fcgung zu stellen.<\/p>\n\n<h2 class=\"wp-block-heading\">13. SENSIBLE PERSONENBEZOGENE DATEN.<\/h2>\n\n<p>13.1. Hansen Real Estate bittet Sie h\u00f6flich darum, keine sensiblen personenbezogenen Daten zu senden oder offenzulegen. Damit sind Informationen gemeint, aus denen die rassische oder ethnische Herkunft, politische Meinungen, religi\u00f6se oder weltanschauliche \u00dcberzeugungen, die Gewerkschaftszugeh\u00f6rigkeit, genetische oder biometrische Daten, Gesundheitsdaten oder Daten zum Sexualleben oder der sexuellen Orientierung einer Person hervorgehen.<\/p>\n\n<p>13.2. Sollten Sie dennoch solche Kategorien personenbezogener Daten senden oder offenlegen, werden diese umgehend gel\u00f6scht.<\/p>\n\n<h2 class=\"wp-block-heading\">14. \u00c4NDERUNGEN DER DATENSCHUTZERKL\u00c4RUNG.<\/h2>\n\n<p>14.1. Hansen Real Estate beh\u00e4lt sich das Recht vor, diese Datenschutzerkl\u00e4rung jederzeit anzupassen oder zu \u00e4ndern, wobei solche \u00c4nderungen bekannt gegeben werden.<\/p>\n\n<h2 class=\"wp-block-heading\">15. UNSERE KONTAKTDATEN.<\/h2>\n\n<p>15.1. Wenn Sie Fragen oder Bedenken bez\u00fcglich dieser Datenschutzerkl\u00e4rung haben, kontaktieren Sie uns bitte schriftlich per E-Mail unter andreas@hansen-realestate.com.<\/p>\n","protected":false},"excerpt":{"rendered":"<p>Hansen Real Estate mit Hauptsitz in der Avenida de Andalucia, 64 und der Umsatzsteuer-Identifikationsnummer , ist Eigent\u00fcmer der Domain www.hansen-realestate.com,<\/p>\n","protected":false},"author":1,"featured_media":0,"parent":0,"menu_order":12,"comment_status":"closed","ping_status":"closed","template":"elementor_header_footer","meta":{"footnotes":""},"class_list":["post-29979","page","type-page","status-publish","hentry"],"yoast_head":"<!-- This site is optimized with the Yoast SEO plugin v27.3 - https:\/\/yoast.com\/product\/yoast-seo-wordpress\/ -->\n<title>Datenschutzerkl\u00e4rung | Hansen Real Estate<\/title>\n<meta name=\"description\" content=\"Erfahren Sie, wie Hansen Real Estate Ihre personenbezogenen Daten verarbeitet, sch\u00fctzt und nutzt. Transparente Infos zu Zwecken, Rechten und Kontakt.\" \/>\n<meta name=\"robots\" content=\"noindex, follow, max-snippet:-1, max-image-preview:large, max-video-preview:-1\" \/>\n<meta property=\"og:locale\" content=\"de_DE\" \/>\n<meta property=\"og:type\" content=\"article\" \/>\n<meta property=\"og:title\" content=\"Datenschutzerkl\u00e4rung | Hansen Real Estate\" \/>\n<meta property=\"og:description\" content=\"Erfahren Sie, wie Hansen Real Estate Ihre personenbezogenen Daten verarbeitet, sch\u00fctzt und nutzt. Transparente Infos zu Zwecken, Rechten und Kontakt.\" \/>\n<meta property=\"og:url\" content=\"https:\/\/hansen.devwp.dk\/de\/datenschutzerklaerung\/\" \/>\n<meta property=\"og:site_name\" content=\"Hansen-Realestate\" \/>\n<meta property=\"article:modified_time\" content=\"2026-02-16T08:11:28+00:00\" \/>\n<meta name=\"twitter:card\" content=\"summary_large_image\" \/>\n<meta name=\"twitter:label1\" content=\"Gesch\u00e4tzte Lesezeit\" \/>\n\t<meta name=\"twitter:data1\" content=\"10\u00a0Minuten\" \/>\n<script type=\"application\/ld+json\" class=\"yoast-schema-graph\">{\"@context\":\"https:\\\/\\\/schema.org\",\"@graph\":[{\"@type\":\"WebPage\",\"@id\":\"https:\\\/\\\/hansen.devwp.dk\\\/de\\\/datenschutzerklaerung\\\/\",\"url\":\"https:\\\/\\\/hansen.devwp.dk\\\/de\\\/datenschutzerklaerung\\\/\",\"name\":\"Datenschutzerkl\u00e4rung | Hansen Real Estate\",\"isPartOf\":{\"@id\":\"https:\\\/\\\/hansen.devwp.dk\\\/de\\\/#website\"},\"datePublished\":\"2025-12-22T08:54:50+00:00\",\"dateModified\":\"2026-02-16T08:11:28+00:00\",\"description\":\"Erfahren Sie, wie Hansen Real Estate Ihre personenbezogenen Daten verarbeitet, sch\u00fctzt und nutzt. Transparente Infos zu Zwecken, Rechten und Kontakt.\",\"breadcrumb\":{\"@id\":\"https:\\\/\\\/hansen.devwp.dk\\\/de\\\/datenschutzerklaerung\\\/#breadcrumb\"},\"inLanguage\":\"de\",\"potentialAction\":[{\"@type\":\"ReadAction\",\"target\":[\"https:\\\/\\\/hansen.devwp.dk\\\/de\\\/datenschutzerklaerung\\\/\"]}]},{\"@type\":\"BreadcrumbList\",\"@id\":\"https:\\\/\\\/hansen.devwp.dk\\\/de\\\/datenschutzerklaerung\\\/#breadcrumb\",\"itemListElement\":[{\"@type\":\"ListItem\",\"position\":1,\"name\":\"Home\",\"item\":\"https:\\\/\\\/hansen.devwp.dk\\\/de\\\/home-travel\\\/\"},{\"@type\":\"ListItem\",\"position\":2,\"name\":\"Datenschutzerkl\u00e4rung\"}]},{\"@type\":\"WebSite\",\"@id\":\"https:\\\/\\\/hansen.devwp.dk\\\/de\\\/#website\",\"url\":\"https:\\\/\\\/hansen.devwp.dk\\\/de\\\/\",\"name\":\"Hansen Realestate\",\"description\":\"\",\"publisher\":{\"@id\":\"https:\\\/\\\/hansen.devwp.dk\\\/de\\\/#organization\"},\"potentialAction\":[{\"@type\":\"SearchAction\",\"target\":{\"@type\":\"EntryPoint\",\"urlTemplate\":\"https:\\\/\\\/hansen.devwp.dk\\\/de\\\/?s={search_term_string}\"},\"query-input\":{\"@type\":\"PropertyValueSpecification\",\"valueRequired\":true,\"valueName\":\"search_term_string\"}}],\"inLanguage\":\"de\"},{\"@type\":\"Organization\",\"@id\":\"https:\\\/\\\/hansen.devwp.dk\\\/de\\\/#organization\",\"name\":\"Hansen Realestate\",\"url\":\"https:\\\/\\\/hansen.devwp.dk\\\/de\\\/\",\"logo\":{\"@type\":\"ImageObject\",\"inLanguage\":\"de\",\"@id\":\"https:\\\/\\\/hansen.devwp.dk\\\/de\\\/#\\\/schema\\\/logo\\\/image\\\/\",\"url\":\"https:\\\/\\\/hansen.devwp.dk\\\/wp-content\\\/uploads\\\/2025\\\/11\\\/logo_hansen1.png\",\"contentUrl\":\"https:\\\/\\\/hansen.devwp.dk\\\/wp-content\\\/uploads\\\/2025\\\/11\\\/logo_hansen1.png\",\"width\":250,\"height\":150,\"caption\":\"Hansen Realestate\"},\"image\":{\"@id\":\"https:\\\/\\\/hansen.devwp.dk\\\/de\\\/#\\\/schema\\\/logo\\\/image\\\/\"}}]}<\/script>\n<!-- \/ Yoast SEO plugin. -->","yoast_head_json":{"title":"Datenschutzerkl\u00e4rung | Hansen Real Estate","description":"Erfahren Sie, wie Hansen Real Estate Ihre personenbezogenen Daten verarbeitet, sch\u00fctzt und nutzt. Transparente Infos zu Zwecken, Rechten und Kontakt.","robots":{"index":"noindex","follow":"follow","max-snippet":"max-snippet:-1","max-image-preview":"max-image-preview:large","max-video-preview":"max-video-preview:-1"},"og_locale":"de_DE","og_type":"article","og_title":"Datenschutzerkl\u00e4rung | Hansen Real Estate","og_description":"Erfahren Sie, wie Hansen Real Estate Ihre personenbezogenen Daten verarbeitet, sch\u00fctzt und nutzt. Transparente Infos zu Zwecken, Rechten und Kontakt.","og_url":"https:\/\/hansen.devwp.dk\/de\/datenschutzerklaerung\/","og_site_name":"Hansen-Realestate","article_modified_time":"2026-02-16T08:11:28+00:00","twitter_card":"summary_large_image","twitter_misc":{"Gesch\u00e4tzte Lesezeit":"10\u00a0Minuten"},"schema":{"@context":"https:\/\/schema.org","@graph":[{"@type":"WebPage","@id":"https:\/\/hansen.devwp.dk\/de\/datenschutzerklaerung\/","url":"https:\/\/hansen.devwp.dk\/de\/datenschutzerklaerung\/","name":"Datenschutzerkl\u00e4rung | Hansen Real Estate","isPartOf":{"@id":"https:\/\/hansen.devwp.dk\/de\/#website"},"datePublished":"2025-12-22T08:54:50+00:00","dateModified":"2026-02-16T08:11:28+00:00","description":"Erfahren Sie, wie Hansen Real Estate Ihre personenbezogenen Daten verarbeitet, sch\u00fctzt und nutzt. Transparente Infos zu Zwecken, Rechten und Kontakt.","breadcrumb":{"@id":"https:\/\/hansen.devwp.dk\/de\/datenschutzerklaerung\/#breadcrumb"},"inLanguage":"de","potentialAction":[{"@type":"ReadAction","target":["https:\/\/hansen.devwp.dk\/de\/datenschutzerklaerung\/"]}]},{"@type":"BreadcrumbList","@id":"https:\/\/hansen.devwp.dk\/de\/datenschutzerklaerung\/#breadcrumb","itemListElement":[{"@type":"ListItem","position":1,"name":"Home","item":"https:\/\/hansen.devwp.dk\/de\/home-travel\/"},{"@type":"ListItem","position":2,"name":"Datenschutzerkl\u00e4rung"}]},{"@type":"WebSite","@id":"https:\/\/hansen.devwp.dk\/de\/#website","url":"https:\/\/hansen.devwp.dk\/de\/","name":"Hansen Realestate","description":"","publisher":{"@id":"https:\/\/hansen.devwp.dk\/de\/#organization"},"potentialAction":[{"@type":"SearchAction","target":{"@type":"EntryPoint","urlTemplate":"https:\/\/hansen.devwp.dk\/de\/?s={search_term_string}"},"query-input":{"@type":"PropertyValueSpecification","valueRequired":true,"valueName":"search_term_string"}}],"inLanguage":"de"},{"@type":"Organization","@id":"https:\/\/hansen.devwp.dk\/de\/#organization","name":"Hansen Realestate","url":"https:\/\/hansen.devwp.dk\/de\/","logo":{"@type":"ImageObject","inLanguage":"de","@id":"https:\/\/hansen.devwp.dk\/de\/#\/schema\/logo\/image\/","url":"https:\/\/hansen.devwp.dk\/wp-content\/uploads\/2025\/11\/logo_hansen1.png","contentUrl":"https:\/\/hansen.devwp.dk\/wp-content\/uploads\/2025\/11\/logo_hansen1.png","width":250,"height":150,"caption":"Hansen Realestate"},"image":{"@id":"https:\/\/hansen.devwp.dk\/de\/#\/schema\/logo\/image\/"}}]}},"_links":{"self":[{"href":"https:\/\/hansen.devwp.dk\/de\/wp-json\/wp\/v2\/pages\/29979","targetHints":{"allow":["GET"]}}],"collection":[{"href":"https:\/\/hansen.devwp.dk\/de\/wp-json\/wp\/v2\/pages"}],"about":[{"href":"https:\/\/hansen.devwp.dk\/de\/wp-json\/wp\/v2\/types\/page"}],"author":[{"embeddable":true,"href":"https:\/\/hansen.devwp.dk\/de\/wp-json\/wp\/v2\/users\/1"}],"replies":[{"embeddable":true,"href":"https:\/\/hansen.devwp.dk\/de\/wp-json\/wp\/v2\/comments?post=29979"}],"version-history":[{"count":1,"href":"https:\/\/hansen.devwp.dk\/de\/wp-json\/wp\/v2\/pages\/29979\/revisions"}],"predecessor-version":[{"id":29980,"href":"https:\/\/hansen.devwp.dk\/de\/wp-json\/wp\/v2\/pages\/29979\/revisions\/29980"}],"wp:attachment":[{"href":"https:\/\/hansen.devwp.dk\/de\/wp-json\/wp\/v2\/media?parent=29979"}],"curies":[{"name":"wp","href":"https:\/\/api.w.org\/{rel}","templated":true}]}}