{"id":29874,"date":"2025-12-12T08:46:30","date_gmt":"2025-12-12T08:46:30","guid":{"rendered":"https:\/\/hansen.devwp.dk\/atencion-al-cliente\/"},"modified":"2026-02-16T08:06:48","modified_gmt":"2026-02-16T08:06:48","slug":"atencion-al-cliente","status":"publish","type":"page","link":"https:\/\/hansen.devwp.dk\/es\/atencion-al-cliente\/","title":{"rendered":"ATENCI\u00d3N AL CLIENTE"},"content":{"rendered":"\t\t<div data-elementor-type=\"wp-page\" data-elementor-id=\"29874\" class=\"elementor elementor-29874 elementor-29348\" data-elementor-post-type=\"page\">\n\t\t\t\t<div class=\"wd-negative-gap elementor-element elementor-element-ac24f6b e-flex e-con-boxed e-con e-parent\" data-id=\"ac24f6b\" data-element_type=\"container\" data-e-type=\"container\">\n\t\t\t\t\t<div class=\"e-con-inner\">\n\t\t\t\t<div class=\"elementor-element elementor-element-5f47cad elementor-widget elementor-widget-heading\" data-id=\"5f47cad\" data-element_type=\"widget\" data-e-type=\"widget\" data-widget_type=\"heading.default\">\n\t\t\t\t\t<h2 class=\"elementor-heading-title elementor-size-default\">Servicios<\/h2>\t\t\t\t<\/div>\n\t\t\t\t<div class=\"elementor-element elementor-element-c3ac937 color-scheme-inherit text-left elementor-widget elementor-widget-text-editor\" data-id=\"c3ac937\" data-element_type=\"widget\" data-e-type=\"widget\" data-widget_type=\"text-editor.default\">\n\t\t\t\t\t\t\t\t\t<div id=\"p1111142441585141\" class=\"Text Element align\"><div class=\"SEOElement\"><div class=\"contentContainer Size\"><div id=\"p1111142441585141_absfill\" class=\"absoluteFill\"><div class=\"elementBorder BoxStyle\"><div class=\"elementContainer ContainerStyle\"><div class=\"ViewportRealm break_320 break_480 break_768 break_992 break_1200\"><p>Sea lo que sea lo que necesite, estaremos all\u00ed<\/p><\/div><\/div><\/div><\/div><\/div><\/div><\/div>\t\t\t\t\t\t\t\t<\/div>\n\t\t\t\t\t<\/div>\n\t\t\t\t<\/div>\n\t\t<div class=\"wd-negative-gap elementor-element elementor-element-98f78fc e-grid e-con-boxed e-con e-parent\" data-id=\"98f78fc\" data-element_type=\"container\" data-e-type=\"container\">\n\t\t\t\t\t<div class=\"e-con-inner\">\n\t\t<div class=\"elementor-element elementor-element-e137be6 e-con-full e-flex e-con e-child\" data-id=\"e137be6\" data-element_type=\"container\" data-e-type=\"container\" data-settings=\"{&quot;background_background&quot;:&quot;classic&quot;}\">\n\t\t\t\t<div class=\"elementor-element elementor-element-202a7c7 elementor-widget elementor-widget-heading\" data-id=\"202a7c7\" data-element_type=\"widget\" data-e-type=\"widget\" data-widget_type=\"heading.default\">\n\t\t\t\t\t<h2 class=\"elementor-heading-title elementor-size-default\">\nAl comprar<\/h2>\t\t\t\t<\/div>\n\t\t\t\t<\/div>\n\t\t<div class=\"elementor-element elementor-element-b82df3d e-con-full e-flex e-con e-child\" data-id=\"b82df3d\" data-element_type=\"container\" data-e-type=\"container\" data-settings=\"{&quot;background_background&quot;:&quot;classic&quot;}\">\n\t\t\t\t<div class=\"elementor-element elementor-element-25d40b3 elementor-widget elementor-widget-heading\" data-id=\"25d40b3\" data-element_type=\"widget\" data-e-type=\"widget\" data-widget_type=\"heading.default\">\n\t\t\t\t\t<h2 class=\"elementor-heading-title elementor-size-default\">Al vender<\/h2>\t\t\t\t<\/div>\n\t\t\t\t<\/div>\n\t\t<div class=\"elementor-element elementor-element-83abd77 e-con-full e-flex e-con e-child\" data-id=\"83abd77\" data-element_type=\"container\" data-e-type=\"container\" data-settings=\"{&quot;background_background&quot;:&quot;classic&quot;}\">\n\t\t\t\t<div class=\"elementor-element elementor-element-d0ef06d elementor-widget elementor-widget-heading\" data-id=\"d0ef06d\" data-element_type=\"widget\" data-e-type=\"widget\" data-widget_type=\"heading.default\">\n\t\t\t\t\t<h2 class=\"elementor-heading-title elementor-size-default\">\n\nAl llegar<\/h2>\t\t\t\t<\/div>\n\t\t\t\t<\/div>\n\t\t\t\t\t<\/div>\n\t\t\t\t<\/div>\n\t\t\t\t<\/div>\n\t\t","protected":false},"excerpt":{"rendered":"<p>Servicios Sea lo que sea lo que necesite, estaremos all\u00ed Al comprar Al vender Al llegar<\/p>\n","protected":false},"author":1,"featured_media":0,"parent":0,"menu_order":8,"comment_status":"closed","ping_status":"closed","template":"elementor_header_footer","meta":{"footnotes":""},"class_list":["post-29874","page","type-page","status-publish","hentry"],"yoast_head":"<!-- This site is optimized with the Yoast SEO plugin v27.3 - https:\/\/yoast.com\/product\/yoast-seo-wordpress\/ -->\n<title>Atenci\u00f3n al cliente en Costa del Sol | Hansen Real Estate<\/title>\n<meta name=\"description\" content=\"Atenci\u00f3n al cliente para comprar, vender y llegar a la Costa del Sol. Acompa\u00f1amiento claro y cercano en cada paso. Contacta para una consulta.\" \/>\n<meta name=\"robots\" content=\"noindex, follow, max-snippet:-1, max-image-preview:large, max-video-preview:-1\" \/>\n<meta property=\"og:locale\" content=\"es_ES\" \/>\n<meta property=\"og:type\" content=\"article\" \/>\n<meta property=\"og:title\" content=\"Atenci\u00f3n al cliente en Costa del Sol | Hansen Real Estate\" \/>\n<meta property=\"og:description\" content=\"Atenci\u00f3n al cliente para comprar, vender y llegar a la Costa del Sol. Acompa\u00f1amiento claro y cercano en cada paso. Contacta para una consulta.\" \/>\n<meta property=\"og:url\" content=\"https:\/\/hansen.devwp.dk\/es\/atencion-al-cliente\/\" \/>\n<meta property=\"og:site_name\" content=\"Hansen-Realestate\" \/>\n<meta property=\"article:modified_time\" content=\"2026-02-16T08:06:48+00:00\" \/>\n<meta name=\"twitter:card\" content=\"summary_large_image\" \/>\n<script type=\"application\/ld+json\" class=\"yoast-schema-graph\">{\"@context\":\"https:\\\/\\\/schema.org\",\"@graph\":[{\"@type\":\"WebPage\",\"@id\":\"https:\\\/\\\/hansen.devwp.dk\\\/es\\\/atencion-al-cliente\\\/\",\"url\":\"https:\\\/\\\/hansen.devwp.dk\\\/es\\\/atencion-al-cliente\\\/\",\"name\":\"Atenci\u00f3n al cliente en Costa del Sol | Hansen Real Estate\",\"isPartOf\":{\"@id\":\"https:\\\/\\\/hansen.devwp.dk\\\/es\\\/#website\"},\"datePublished\":\"2025-12-12T08:46:30+00:00\",\"dateModified\":\"2026-02-16T08:06:48+00:00\",\"description\":\"Atenci\u00f3n al cliente para comprar, vender y llegar a la Costa del Sol. Acompa\u00f1amiento claro y cercano en cada paso. Contacta para una consulta.\",\"breadcrumb\":{\"@id\":\"https:\\\/\\\/hansen.devwp.dk\\\/es\\\/atencion-al-cliente\\\/#breadcrumb\"},\"inLanguage\":\"es\",\"potentialAction\":[{\"@type\":\"ReadAction\",\"target\":[\"https:\\\/\\\/hansen.devwp.dk\\\/es\\\/atencion-al-cliente\\\/\"]}]},{\"@type\":\"BreadcrumbList\",\"@id\":\"https:\\\/\\\/hansen.devwp.dk\\\/es\\\/atencion-al-cliente\\\/#breadcrumb\",\"itemListElement\":[{\"@type\":\"ListItem\",\"position\":1,\"name\":\"Home\",\"item\":\"https:\\\/\\\/hansen.devwp.dk\\\/es\\\/inicio-viajes\\\/\"},{\"@type\":\"ListItem\",\"position\":2,\"name\":\"ATENCI\u00d3N AL CLIENTE\"}]},{\"@type\":\"WebSite\",\"@id\":\"https:\\\/\\\/hansen.devwp.dk\\\/es\\\/#website\",\"url\":\"https:\\\/\\\/hansen.devwp.dk\\\/es\\\/\",\"name\":\"Hansen Realestate\",\"description\":\"\",\"publisher\":{\"@id\":\"https:\\\/\\\/hansen.devwp.dk\\\/es\\\/#organization\"},\"potentialAction\":[{\"@type\":\"SearchAction\",\"target\":{\"@type\":\"EntryPoint\",\"urlTemplate\":\"https:\\\/\\\/hansen.devwp.dk\\\/es\\\/?s={search_term_string}\"},\"query-input\":{\"@type\":\"PropertyValueSpecification\",\"valueRequired\":true,\"valueName\":\"search_term_string\"}}],\"inLanguage\":\"es\"},{\"@type\":\"Organization\",\"@id\":\"https:\\\/\\\/hansen.devwp.dk\\\/es\\\/#organization\",\"name\":\"Hansen Realestate\",\"url\":\"https:\\\/\\\/hansen.devwp.dk\\\/es\\\/\",\"logo\":{\"@type\":\"ImageObject\",\"inLanguage\":\"es\",\"@id\":\"https:\\\/\\\/hansen.devwp.dk\\\/es\\\/#\\\/schema\\\/logo\\\/image\\\/\",\"url\":\"https:\\\/\\\/hansen.devwp.dk\\\/wp-content\\\/uploads\\\/2025\\\/11\\\/logo_hansen1.png\",\"contentUrl\":\"https:\\\/\\\/hansen.devwp.dk\\\/wp-content\\\/uploads\\\/2025\\\/11\\\/logo_hansen1.png\",\"width\":250,\"height\":150,\"caption\":\"Hansen Realestate\"},\"image\":{\"@id\":\"https:\\\/\\\/hansen.devwp.dk\\\/es\\\/#\\\/schema\\\/logo\\\/image\\\/\"}}]}<\/script>\n<!-- \/ Yoast SEO plugin. -->","yoast_head_json":{"title":"Atenci\u00f3n al cliente en Costa del Sol | Hansen Real Estate","description":"Atenci\u00f3n al cliente para comprar, vender y llegar a la Costa del Sol. Acompa\u00f1amiento claro y cercano en cada paso. Contacta para una consulta.","robots":{"index":"noindex","follow":"follow","max-snippet":"max-snippet:-1","max-image-preview":"max-image-preview:large","max-video-preview":"max-video-preview:-1"},"og_locale":"es_ES","og_type":"article","og_title":"Atenci\u00f3n al cliente en Costa del Sol | Hansen Real Estate","og_description":"Atenci\u00f3n al cliente para comprar, vender y llegar a la Costa del Sol. Acompa\u00f1amiento claro y cercano en cada paso. Contacta para una consulta.","og_url":"https:\/\/hansen.devwp.dk\/es\/atencion-al-cliente\/","og_site_name":"Hansen-Realestate","article_modified_time":"2026-02-16T08:06:48+00:00","twitter_card":"summary_large_image","schema":{"@context":"https:\/\/schema.org","@graph":[{"@type":"WebPage","@id":"https:\/\/hansen.devwp.dk\/es\/atencion-al-cliente\/","url":"https:\/\/hansen.devwp.dk\/es\/atencion-al-cliente\/","name":"Atenci\u00f3n al cliente en Costa del Sol | Hansen Real Estate","isPartOf":{"@id":"https:\/\/hansen.devwp.dk\/es\/#website"},"datePublished":"2025-12-12T08:46:30+00:00","dateModified":"2026-02-16T08:06:48+00:00","description":"Atenci\u00f3n al cliente para comprar, vender y llegar a la Costa del Sol. Acompa\u00f1amiento claro y cercano en cada paso. Contacta para una consulta.","breadcrumb":{"@id":"https:\/\/hansen.devwp.dk\/es\/atencion-al-cliente\/#breadcrumb"},"inLanguage":"es","potentialAction":[{"@type":"ReadAction","target":["https:\/\/hansen.devwp.dk\/es\/atencion-al-cliente\/"]}]},{"@type":"BreadcrumbList","@id":"https:\/\/hansen.devwp.dk\/es\/atencion-al-cliente\/#breadcrumb","itemListElement":[{"@type":"ListItem","position":1,"name":"Home","item":"https:\/\/hansen.devwp.dk\/es\/inicio-viajes\/"},{"@type":"ListItem","position":2,"name":"ATENCI\u00d3N AL CLIENTE"}]},{"@type":"WebSite","@id":"https:\/\/hansen.devwp.dk\/es\/#website","url":"https:\/\/hansen.devwp.dk\/es\/","name":"Hansen Realestate","description":"","publisher":{"@id":"https:\/\/hansen.devwp.dk\/es\/#organization"},"potentialAction":[{"@type":"SearchAction","target":{"@type":"EntryPoint","urlTemplate":"https:\/\/hansen.devwp.dk\/es\/?s={search_term_string}"},"query-input":{"@type":"PropertyValueSpecification","valueRequired":true,"valueName":"search_term_string"}}],"inLanguage":"es"},{"@type":"Organization","@id":"https:\/\/hansen.devwp.dk\/es\/#organization","name":"Hansen Realestate","url":"https:\/\/hansen.devwp.dk\/es\/","logo":{"@type":"ImageObject","inLanguage":"es","@id":"https:\/\/hansen.devwp.dk\/es\/#\/schema\/logo\/image\/","url":"https:\/\/hansen.devwp.dk\/wp-content\/uploads\/2025\/11\/logo_hansen1.png","contentUrl":"https:\/\/hansen.devwp.dk\/wp-content\/uploads\/2025\/11\/logo_hansen1.png","width":250,"height":150,"caption":"Hansen Realestate"},"image":{"@id":"https:\/\/hansen.devwp.dk\/es\/#\/schema\/logo\/image\/"}}]}},"_links":{"self":[{"href":"https:\/\/hansen.devwp.dk\/es\/wp-json\/wp\/v2\/pages\/29874","targetHints":{"allow":["GET"]}}],"collection":[{"href":"https:\/\/hansen.devwp.dk\/es\/wp-json\/wp\/v2\/pages"}],"about":[{"href":"https:\/\/hansen.devwp.dk\/es\/wp-json\/wp\/v2\/types\/page"}],"author":[{"embeddable":true,"href":"https:\/\/hansen.devwp.dk\/es\/wp-json\/wp\/v2\/users\/1"}],"replies":[{"embeddable":true,"href":"https:\/\/hansen.devwp.dk\/es\/wp-json\/wp\/v2\/comments?post=29874"}],"version-history":[{"count":1,"href":"https:\/\/hansen.devwp.dk\/es\/wp-json\/wp\/v2\/pages\/29874\/revisions"}],"predecessor-version":[{"id":29878,"href":"https:\/\/hansen.devwp.dk\/es\/wp-json\/wp\/v2\/pages\/29874\/revisions\/29878"}],"wp:attachment":[{"href":"https:\/\/hansen.devwp.dk\/es\/wp-json\/wp\/v2\/media?parent=29874"}],"curies":[{"name":"wp","href":"https:\/\/api.w.org\/{rel}","templated":true}]}}