{"id":29894,"date":"2025-12-11T14:10:29","date_gmt":"2025-12-11T14:10:29","guid":{"rendered":"https:\/\/hansen.devwp.dk\/deseo-vender\/"},"modified":"2026-02-16T08:07:36","modified_gmt":"2026-02-16T08:07:36","slug":"deseo-vender","status":"publish","type":"page","link":"https:\/\/hansen.devwp.dk\/es\/deseo-vender\/","title":{"rendered":"Deseo vender"},"content":{"rendered":"\t\t<div data-elementor-type=\"wp-page\" data-elementor-id=\"29894\" class=\"elementor elementor-29894 elementor-29342\" data-elementor-post-type=\"page\">\n\t\t\t\t<div class=\"wd-negative-gap elementor-element elementor-element-50ea5f8 e-flex e-con-boxed e-con e-parent\" data-id=\"50ea5f8\" data-element_type=\"container\" data-e-type=\"container\">\n\t\t\t\t\t<div class=\"e-con-inner\">\n\t\t\t\t<div class=\"elementor-element elementor-element-55feacc elementor-widget elementor-widget-shortcode\" data-id=\"55feacc\" data-element_type=\"widget\" data-e-type=\"widget\" data-widget_type=\"shortcode.default\">\n\t\t\t\t\t\t\t<div class=\"elementor-shortcode\">\r\n    <div class=\"ego-hansen-wish ego-hansen-wish-sell\">\r\n        <div class=\"ego-hansen-wish-inner\">\r\n            <h2 class=\"ego-hansen-wish-title\">\r\n                What is my property worth?            <\/h2>\r\n\r\n            \r\n            <form method=\"post\" class=\"ego-hansen-wish-form ego-hansen-wish-form-sell\">\r\n                <input type=\"hidden\" id=\"ego_hansen_wish_sell_nonce\" name=\"ego_hansen_wish_sell_nonce\" value=\"8f0c06c61a\" \/><input type=\"hidden\" name=\"_wp_http_referer\" value=\"\/es\/wp-json\/wp\/v2\/pages\/29894\" \/>\r\n                <div class=\"ego-hansen-wish-grid ego-hansen-wish-grid-sell\">\r\n\r\n                    <!-- Property Type -->\r\n                    <div class=\"ego-hansen-wish-field\">\r\n                        <label for=\"ego-wish-type\" class=\"ego-hansen-wish-label\">\r\n                            Tipo de propiedad                        <\/label>\r\n                        <select id=\"ego-wish-type\" name=\"ego_wish_type\" class=\"ego-hansen-wish-input\">\r\n                                                            <option\r\n                                    value=\"\"\r\n                                     selected='selected'                                >\r\n                                    Tipo de propiedad                                <\/option>\r\n                                                            <option\r\n                                    value=\"Apartments\"\r\n                                                                    >\r\n                                    Apartments                                <\/option>\r\n                                                            <option\r\n                                    value=\"Buildings\"\r\n                                                                    >\r\n                                    Buildings                                <\/option>\r\n                                                            <option\r\n                                    value=\"Commercial Properties\"\r\n                                                                    >\r\n                                    Commercial Properties                                <\/option>\r\n                                                            <option\r\n                                    value=\"Farms and Estates\"\r\n                                                                    >\r\n                                    Farms and Estates                                <\/option>\r\n                                                            <option\r\n                                    value=\"Garages\"\r\n                                                                    >\r\n                                    Garages                                <\/option>\r\n                                                            <option\r\n                                    value=\"Houses\"\r\n                                                                    >\r\n                                    Houses                                <\/option>\r\n                                                            <option\r\n                                    value=\"Land\"\r\n                                                                    >\r\n                                    Land                                <\/option>\r\n                                                            <option\r\n                                    value=\"Offices\"\r\n                                                                    >\r\n                                    Offices                                <\/option>\r\n                                                            <option\r\n                                    value=\"Rooms\"\r\n                                                                    >\r\n                                    Rooms                                <\/option>\r\n                                                            <option\r\n                                    value=\"Shops\"\r\n                                                                    >\r\n                                    Shops                                <\/option>\r\n                                                            <option\r\n                                    value=\"Warehouses\"\r\n                                                                    >\r\n                                    Warehouses                                <\/option>\r\n                                                    <\/select>\r\n                    <\/div>\r\n\r\n                    <!-- Bedrooms -->\r\n                    <div class=\"ego-hansen-wish-field\">\r\n                        <label for=\"ego-wish-beds\" class=\"ego-hansen-wish-label\">\r\n                            Dormitorios                        <\/label>\r\n                        <select id=\"ego-wish-beds\" name=\"ego_wish_beds\" class=\"ego-hansen-wish-input\">\r\n                                                            <option\r\n                                    value=\"\"\r\n                                     selected='selected'                                >\r\n                                    Dormitorios                                <\/option>\r\n                                                            <option\r\n                                    value=\"1\"\r\n                                                                    >\r\n                                    1                                <\/option>\r\n                                                            <option\r\n                                    value=\"2\"\r\n                                                                    >\r\n                                    2                                <\/option>\r\n                                                            <option\r\n                                    value=\"3\"\r\n                                                                    >\r\n                                    3                                <\/option>\r\n                                                            <option\r\n                                    value=\"4\"\r\n                                                                    >\r\n                                    4                                <\/option>\r\n                                                            <option\r\n                                    value=\"5\"\r\n                                                                    >\r\n                                    5+                                <\/option>\r\n                                                    <\/select>\r\n                    <\/div>\r\n\r\n                    <!-- County \/ Town -->\r\n                    <div class=\"ego-hansen-wish-field\">\r\n                        <label for=\"ego-wish-county\" class=\"ego-hansen-wish-label\">\r\n                            Municipio\/Poblaci\u00f3n                        <\/label>\r\n                        <select id=\"ego-wish-county\" name=\"ego_wish_county\" class=\"ego-hansen-wish-input\">\r\n                                                            <option\r\n                                    value=\"\"\r\n                                     selected='selected'                                >\r\n                                    Municipio\/Poblaci\u00f3n                                <\/option>\r\n                                                            <option\r\n                                    value=\"16218\"\r\n                                                                    >\r\n                                    Algarrobo                                <\/option>\r\n                                                            <option\r\n                                    value=\"15884\"\r\n                                                                    >\r\n                                    Almu\u00f1\u00e9car                                <\/option>\r\n                                                            <option\r\n                                    value=\"16236\"\r\n                                                                    >\r\n                                    Benalm\u00e1dena                                <\/option>\r\n                                                            <option\r\n                                    value=\"69673\"\r\n                                                                    >\r\n                                    Broward                                <\/option>\r\n                                                            <option\r\n                                    value=\"16251\"\r\n                                                                    >\r\n                                    Comares                                <\/option>\r\n                                                            <option\r\n                                    value=\"16265\"\r\n                                                                    >\r\n                                    Fuengirola                                <\/option>\r\n                                                            <option\r\n                                    value=\"16285\"\r\n                                                                    >\r\n                                    M\u00e1laga                                <\/option>\r\n                                                            <option\r\n                                    value=\"16279\"\r\n                                                                    >\r\n                                    Marbella                                <\/option>\r\n                                                            <option\r\n                                    value=\"16280\"\r\n                                                                    >\r\n                                    Mijas                                <\/option>\r\n                                                            <option\r\n                                    value=\"16286\"\r\n                                                                    >\r\n                                    Nerja                                <\/option>\r\n                                                            <option\r\n                                    value=\"16292\"\r\n                                                                    >\r\n                                    Rinc\u00f3n de la Victoria                                <\/option>\r\n                                                            <option\r\n                                    value=\"16296\"\r\n                                                                    >\r\n                                    Sayalonga                                <\/option>\r\n                                                            <option\r\n                                    value=\"16302\"\r\n                                                                    >\r\n                                    Torrox                                <\/option>\r\n                                                            <option\r\n                                    value=\"16310\"\r\n                                                                    >\r\n                                    V\u00e9lez-M\u00e1laga                                <\/option>\r\n                                                            <option\r\n                                    value=\"16309\"\r\n                                                                    >\r\n                                    Vi\u00f1uela                                <\/option>\r\n                                                    <\/select>\r\n                    <\/div>\r\n\r\n                    <!-- Name -->\r\n                    <div class=\"ego-hansen-wish-field\">\r\n                        <label for=\"ego-wish-name\" class=\"ego-hansen-wish-label\">\r\n                            Name                        <\/label>\r\n                        <input\r\n                            type=\"text\"\r\n                            id=\"ego-wish-name\"\r\n                            name=\"ego_wish_name\"\r\n                            class=\"ego-hansen-wish-input\"\r\n                            required\r\n                            value=\"\"\r\n                        \/>\r\n                    <\/div>\r\n\r\n                    <!-- Email -->\r\n                    <div class=\"ego-hansen-wish-field\">\r\n                        <label for=\"ego-wish-email\" class=\"ego-hansen-wish-label\">\r\n                            Email                        <\/label>\r\n                        <input\r\n                            type=\"email\"\r\n                            id=\"ego-wish-email\"\r\n                            name=\"ego_wish_email\"\r\n                            class=\"ego-hansen-wish-input\"\r\n                            value=\"\"\r\n                        \/>\r\n                    <\/div>\r\n\r\n                    <!-- Telephone -->\r\n                    <div class=\"ego-hansen-wish-field\">\r\n                        <label for=\"ego-wish-phone\" class=\"ego-hansen-wish-label\">\r\n                            Telephone                        <\/label>\r\n                        <input\r\n                            type=\"text\"\r\n                            id=\"ego-wish-phone\"\r\n                            name=\"ego_wish_phone\"\r\n                            class=\"ego-hansen-wish-input\"\r\n                            value=\"\"\r\n                        \/>\r\n                    <\/div>\r\n\r\n                <\/div><!-- \/.ego-hansen-wish-grid -->\r\n\r\n                <div class=\"ego-hansen-wish-footer\">\r\n                    <label class=\"ego-hansen-wish-legal\">\r\n                        <input type=\"checkbox\" name=\"ego_wish_legal\" value=\"1\"  \/>\r\n                        <span>\r\n                            I declare that I have read, understood and accept the                             <a href=\"\/legal-notice\" target=\"_blank\" rel=\"noopener\">\r\n                                Legal Notice                            <\/a>\r\n                             and the                             <a href=\"\/privacy-policy\" target=\"_blank\" rel=\"noopener\">\r\n                                Privacy Policy                            <\/a>.\r\n                        <\/span>\r\n                    <\/label>\r\n\r\n                    <button type=\"submit\" class=\"ego-hansen-wish-submit\" name=\"ego_hansen_wish_sell_submit\" value=\"1\">\r\n                        Send                    <\/button>\r\n                <\/div>\r\n\r\n            <\/form>\r\n        <\/div>\r\n    <\/div>\r\n\r\n    \n<\/div>\n\t\t\t\t\t\t<\/div>\n\t\t\t\t\t<\/div>\n\t\t\t\t<\/div>\n\t\t<div class=\"wd-negative-gap elementor-element elementor-element-28a5433 e-flex e-con-boxed e-con e-parent\" data-id=\"28a5433\" data-element_type=\"container\" data-e-type=\"container\">\n\t\t\t\t\t<div class=\"e-con-inner\">\n\t\t\t\t<div class=\"elementor-element elementor-element-6265bc4 color-scheme-inherit text-left elementor-widget elementor-widget-text-editor\" data-id=\"6265bc4\" data-element_type=\"widget\" data-e-type=\"widget\" data-widget_type=\"text-editor.default\">\n\t\t\t\t\t\t\t\t\t<p><strong>Contacto<\/strong><br><br><strong>Direcci\u00f3n<\/strong><br>Avenida Andaluc\u00eda, 64<\/p><p>29740, Torre del Mar, M\u00e1laga, Espa\u00f1a<\/p><p><strong>Tel\u00e9fono<\/strong><br>(+34) 952 54 17 94<\/p><p><strong>Correo electr\u00f3nico<\/strong><\/p><p>info@hansen-realestate.com<\/p>\t\t\t\t\t\t\t\t<\/div>\n\t\t\t\t\t<\/div>\n\t\t\t\t<\/div>\n\t\t\t\t<\/div>\n\t\t","protected":false},"excerpt":{"rendered":"<p>Contacto Direcci\u00f3nAvenida Andaluc\u00eda, 64 29740, Torre del Mar, M\u00e1laga, Espa\u00f1a Tel\u00e9fono(+34) 952 54 17 94 Correo electr\u00f3nico info@hansen-realestate.com<\/p>\n","protected":false},"author":1,"featured_media":0,"parent":0,"menu_order":7,"comment_status":"closed","ping_status":"closed","template":"elementor_header_footer","meta":{"footnotes":""},"class_list":["post-29894","page","type-page","status-publish","hentry"],"yoast_head":"<!-- This site is optimized with the Yoast SEO plugin v27.3 - https:\/\/yoast.com\/product\/yoast-seo-wordpress\/ -->\n<title>Vender vivienda en Torre del Mar | Hansen Real Estate<\/title>\n<meta name=\"description\" content=\"Vende tu vivienda en Torre del Mar con asesoramiento claro y apoyo completo. Valoraci\u00f3n, estrategia y gesti\u00f3n de la venta. Reserva una consulta.\" \/>\n<meta name=\"robots\" content=\"noindex, follow, max-snippet:-1, max-image-preview:large, max-video-preview:-1\" \/>\n<meta property=\"og:locale\" content=\"es_ES\" \/>\n<meta property=\"og:type\" content=\"article\" \/>\n<meta property=\"og:title\" content=\"Vender vivienda en Torre del Mar | Hansen Real Estate\" \/>\n<meta property=\"og:description\" content=\"Vende tu vivienda en Torre del Mar con asesoramiento claro y apoyo completo. Valoraci\u00f3n, estrategia y gesti\u00f3n de la venta. Reserva una consulta.\" \/>\n<meta property=\"og:url\" content=\"https:\/\/hansen.devwp.dk\/es\/deseo-vender\/\" \/>\n<meta property=\"og:site_name\" content=\"Hansen-Realestate\" \/>\n<meta property=\"article:modified_time\" content=\"2026-02-16T08:07:36+00:00\" \/>\n<meta name=\"twitter:card\" content=\"summary_large_image\" \/>\n<script type=\"application\/ld+json\" class=\"yoast-schema-graph\">{\"@context\":\"https:\\\/\\\/schema.org\",\"@graph\":[{\"@type\":\"WebPage\",\"@id\":\"https:\\\/\\\/hansen.devwp.dk\\\/es\\\/deseo-vender\\\/\",\"url\":\"https:\\\/\\\/hansen.devwp.dk\\\/es\\\/deseo-vender\\\/\",\"name\":\"Vender vivienda en Torre del Mar | Hansen Real Estate\",\"isPartOf\":{\"@id\":\"https:\\\/\\\/hansen.devwp.dk\\\/es\\\/#website\"},\"datePublished\":\"2025-12-11T14:10:29+00:00\",\"dateModified\":\"2026-02-16T08:07:36+00:00\",\"description\":\"Vende tu vivienda en Torre del Mar con asesoramiento claro y apoyo completo. Valoraci\u00f3n, estrategia y gesti\u00f3n de la venta. Reserva una consulta.\",\"breadcrumb\":{\"@id\":\"https:\\\/\\\/hansen.devwp.dk\\\/es\\\/deseo-vender\\\/#breadcrumb\"},\"inLanguage\":\"es\",\"potentialAction\":[{\"@type\":\"ReadAction\",\"target\":[\"https:\\\/\\\/hansen.devwp.dk\\\/es\\\/deseo-vender\\\/\"]}]},{\"@type\":\"BreadcrumbList\",\"@id\":\"https:\\\/\\\/hansen.devwp.dk\\\/es\\\/deseo-vender\\\/#breadcrumb\",\"itemListElement\":[{\"@type\":\"ListItem\",\"position\":1,\"name\":\"Home\",\"item\":\"https:\\\/\\\/hansen.devwp.dk\\\/es\\\/inicio-viajes\\\/\"},{\"@type\":\"ListItem\",\"position\":2,\"name\":\"Deseo vender\"}]},{\"@type\":\"WebSite\",\"@id\":\"https:\\\/\\\/hansen.devwp.dk\\\/es\\\/#website\",\"url\":\"https:\\\/\\\/hansen.devwp.dk\\\/es\\\/\",\"name\":\"Hansen Realestate\",\"description\":\"\",\"publisher\":{\"@id\":\"https:\\\/\\\/hansen.devwp.dk\\\/es\\\/#organization\"},\"potentialAction\":[{\"@type\":\"SearchAction\",\"target\":{\"@type\":\"EntryPoint\",\"urlTemplate\":\"https:\\\/\\\/hansen.devwp.dk\\\/es\\\/?s={search_term_string}\"},\"query-input\":{\"@type\":\"PropertyValueSpecification\",\"valueRequired\":true,\"valueName\":\"search_term_string\"}}],\"inLanguage\":\"es\"},{\"@type\":\"Organization\",\"@id\":\"https:\\\/\\\/hansen.devwp.dk\\\/es\\\/#organization\",\"name\":\"Hansen Realestate\",\"url\":\"https:\\\/\\\/hansen.devwp.dk\\\/es\\\/\",\"logo\":{\"@type\":\"ImageObject\",\"inLanguage\":\"es\",\"@id\":\"https:\\\/\\\/hansen.devwp.dk\\\/es\\\/#\\\/schema\\\/logo\\\/image\\\/\",\"url\":\"https:\\\/\\\/hansen.devwp.dk\\\/wp-content\\\/uploads\\\/2025\\\/11\\\/logo_hansen1.png\",\"contentUrl\":\"https:\\\/\\\/hansen.devwp.dk\\\/wp-content\\\/uploads\\\/2025\\\/11\\\/logo_hansen1.png\",\"width\":250,\"height\":150,\"caption\":\"Hansen Realestate\"},\"image\":{\"@id\":\"https:\\\/\\\/hansen.devwp.dk\\\/es\\\/#\\\/schema\\\/logo\\\/image\\\/\"}}]}<\/script>\n<!-- \/ Yoast SEO plugin. -->","yoast_head_json":{"title":"Vender vivienda en Torre del Mar | Hansen Real Estate","description":"Vende tu vivienda en Torre del Mar con asesoramiento claro y apoyo completo. Valoraci\u00f3n, estrategia y gesti\u00f3n de la venta. Reserva una consulta.","robots":{"index":"noindex","follow":"follow","max-snippet":"max-snippet:-1","max-image-preview":"max-image-preview:large","max-video-preview":"max-video-preview:-1"},"og_locale":"es_ES","og_type":"article","og_title":"Vender vivienda en Torre del Mar | Hansen Real Estate","og_description":"Vende tu vivienda en Torre del Mar con asesoramiento claro y apoyo completo. Valoraci\u00f3n, estrategia y gesti\u00f3n de la venta. Reserva una consulta.","og_url":"https:\/\/hansen.devwp.dk\/es\/deseo-vender\/","og_site_name":"Hansen-Realestate","article_modified_time":"2026-02-16T08:07:36+00:00","twitter_card":"summary_large_image","schema":{"@context":"https:\/\/schema.org","@graph":[{"@type":"WebPage","@id":"https:\/\/hansen.devwp.dk\/es\/deseo-vender\/","url":"https:\/\/hansen.devwp.dk\/es\/deseo-vender\/","name":"Vender vivienda en Torre del Mar | Hansen Real Estate","isPartOf":{"@id":"https:\/\/hansen.devwp.dk\/es\/#website"},"datePublished":"2025-12-11T14:10:29+00:00","dateModified":"2026-02-16T08:07:36+00:00","description":"Vende tu vivienda en Torre del Mar con asesoramiento claro y apoyo completo. Valoraci\u00f3n, estrategia y gesti\u00f3n de la venta. Reserva una consulta.","breadcrumb":{"@id":"https:\/\/hansen.devwp.dk\/es\/deseo-vender\/#breadcrumb"},"inLanguage":"es","potentialAction":[{"@type":"ReadAction","target":["https:\/\/hansen.devwp.dk\/es\/deseo-vender\/"]}]},{"@type":"BreadcrumbList","@id":"https:\/\/hansen.devwp.dk\/es\/deseo-vender\/#breadcrumb","itemListElement":[{"@type":"ListItem","position":1,"name":"Home","item":"https:\/\/hansen.devwp.dk\/es\/inicio-viajes\/"},{"@type":"ListItem","position":2,"name":"Deseo vender"}]},{"@type":"WebSite","@id":"https:\/\/hansen.devwp.dk\/es\/#website","url":"https:\/\/hansen.devwp.dk\/es\/","name":"Hansen Realestate","description":"","publisher":{"@id":"https:\/\/hansen.devwp.dk\/es\/#organization"},"potentialAction":[{"@type":"SearchAction","target":{"@type":"EntryPoint","urlTemplate":"https:\/\/hansen.devwp.dk\/es\/?s={search_term_string}"},"query-input":{"@type":"PropertyValueSpecification","valueRequired":true,"valueName":"search_term_string"}}],"inLanguage":"es"},{"@type":"Organization","@id":"https:\/\/hansen.devwp.dk\/es\/#organization","name":"Hansen Realestate","url":"https:\/\/hansen.devwp.dk\/es\/","logo":{"@type":"ImageObject","inLanguage":"es","@id":"https:\/\/hansen.devwp.dk\/es\/#\/schema\/logo\/image\/","url":"https:\/\/hansen.devwp.dk\/wp-content\/uploads\/2025\/11\/logo_hansen1.png","contentUrl":"https:\/\/hansen.devwp.dk\/wp-content\/uploads\/2025\/11\/logo_hansen1.png","width":250,"height":150,"caption":"Hansen Realestate"},"image":{"@id":"https:\/\/hansen.devwp.dk\/es\/#\/schema\/logo\/image\/"}}]}},"_links":{"self":[{"href":"https:\/\/hansen.devwp.dk\/es\/wp-json\/wp\/v2\/pages\/29894","targetHints":{"allow":["GET"]}}],"collection":[{"href":"https:\/\/hansen.devwp.dk\/es\/wp-json\/wp\/v2\/pages"}],"about":[{"href":"https:\/\/hansen.devwp.dk\/es\/wp-json\/wp\/v2\/types\/page"}],"author":[{"embeddable":true,"href":"https:\/\/hansen.devwp.dk\/es\/wp-json\/wp\/v2\/users\/1"}],"replies":[{"embeddable":true,"href":"https:\/\/hansen.devwp.dk\/es\/wp-json\/wp\/v2\/comments?post=29894"}],"version-history":[{"count":1,"href":"https:\/\/hansen.devwp.dk\/es\/wp-json\/wp\/v2\/pages\/29894\/revisions"}],"predecessor-version":[{"id":29895,"href":"https:\/\/hansen.devwp.dk\/es\/wp-json\/wp\/v2\/pages\/29894\/revisions\/29895"}],"wp:attachment":[{"href":"https:\/\/hansen.devwp.dk\/es\/wp-json\/wp\/v2\/media?parent=29894"}],"curies":[{"name":"wp","href":"https:\/\/api.w.org\/{rel}","templated":true}]}}