{"id":29991,"date":"2025-12-22T08:53:21","date_gmt":"2025-12-22T08:53:21","guid":{"rendered":"https:\/\/hansen.devwp.dk\/terminos-y-condiciones\/"},"modified":"2026-02-16T08:12:10","modified_gmt":"2026-02-16T08:12:10","slug":"terminos-y-condiciones","status":"publish","type":"page","link":"https:\/\/hansen.devwp.dk\/es\/terminos-y-condiciones\/","title":{"rendered":"T\u00e9rminos y condiciones"},"content":{"rendered":"\n<h2 class=\"wp-block-heading\">1. ACUERDO ENTRE EL USUARIO Y Hansen Real Estate<\/h2>\n\n<p>El sitio web consta de un conjunto de p\u00e1ginas. El sitio se presenta bajo la condici\u00f3n de que el usuario acepte no modificar los t\u00e9rminos y condiciones contenidos en este documento. Al utilizar este sitio, el usuario acepta las presentes condiciones de uso.  <\/p>\n\n<h2 class=\"wp-block-heading\">2. MODIFICACI\u00d3N DE LAS CONDICIONES DE USO<\/h2>\n\n<p>Hansen Real Estate se reserva el derecho de modificar en cualquier momento los t\u00e9rminos bajo los cuales se presenta el sitio. Se aconseja a los usuarios revisar regularmente la normativa de esta p\u00e1gina para mantenerse actualizados sobre las condiciones de uso del sitio. <\/p>\n\n<h2 class=\"wp-block-heading\">3. REDIRECCIONAMIENTO A OTROS SITIOS WEB<\/h2>\n\n<p>El sitio puede contener enlaces a sitios web externos. Los sitios enlazados no est\u00e1n bajo el control de Hansen Real Estate, y no nos hacemos responsables del contenido de ning\u00fan sitio enlazado, incluyendo cualquier restricci\u00f3n en dichos sitios o cambios o actualizaciones de los mismos. El sitio facilita estos enlaces \u00fanicamente para su conveniencia, y su inclusi\u00f3n no implica la aceptaci\u00f3n por parte de Hansen Real Estate del sitio visitado ni asociaci\u00f3n alguna con sus operadores.  <\/p>\n\n<h2 class=\"wp-block-heading\">4. USO ILEGAL O PROHIBIDO<\/h2>\n\n<p>Al utilizar el sitio, el usuario garantiza que no lo emplear\u00e1 para fines ilegales o prohibidos. El usuario no podr\u00e1 utilizar el sitio de forma que lo da\u00f1e, sobrecargue o deteriore, ni que interfiera con el uso de cualquier otra parte o con su funcionamiento. El usuario no podr\u00e1 obtener ni intentar obtener ninguna informaci\u00f3n o contenido que no se haya puesto a su disposici\u00f3n o publicado intencionadamente en el sitio.  <\/p>\n\n<h2 class=\"wp-block-heading\">5. EXENCI\u00d3N DE RESPONSABILIDAD<\/h2>\n\n<p>La informaci\u00f3n, el software, los productos y los servicios incluidos en el sitio o disponibles a trav\u00e9s de \u00e9l pueden incluir inexactitudes o errores tipogr\u00e1ficos, y se realizan cambios peri\u00f3dicamente. El sitio y\/o los proveedores pueden realizar mejoras o cambios en el sitio en cualquier momento.<br\/>Hansen Real Estate y\/o los proveedores no se responsabilizan de la fiabilidad, disponibilidad y exactitud de la informaci\u00f3n, programas, productos, servicios, im\u00e1genes y gr\u00e1ficos contenidos en el sitio, ni del uso indebido de los mismos, los cuales se proporcionan \u201ctal cual\u201d sin garant\u00eda ni condici\u00f3n de ning\u00fan tipo.<br\/>Por la presente, Hansen Real Estate y\/o los proveedores renuncian a todas las garant\u00edas y condiciones relativas a dicha informaci\u00f3n, programas, productos, servicios, im\u00e1genes y gr\u00e1ficos, incluidas todas las garant\u00edas y condiciones impl\u00edcitas de comerciabilidad e idoneidad para un fin determinado. <\/p>\n\n<h2 class=\"wp-block-heading\">6. CANCELACI\u00d3N\/RESTRICCI\u00d3N DE ACCESO<\/h2>\n\n<p>Hansen Real Estate se reserva el derecho de poner fin al acceso del usuario al sitio y a los servicios relacionados, o a cualquier parte de los mismos, en cualquier momento, sin previo aviso ni observaci\u00f3n. El \u201cUso ilegal\u201d del sitio en virtud de este acuerdo se rige por la legislaci\u00f3n europea en todos los litigios relacionados con el uso del sitio. El uso del sitio no est\u00e1 autorizado en ninguna jurisdicci\u00f3n donde este acuerdo no surta efecto en todas las partes de este acuerdo y condiciones, incluido este p\u00e1rrafo.<br\/>El usuario acepta que no existe ninguna asociaci\u00f3n, sociedad, empleo o relaci\u00f3n entre el usuario y el sitio como resultado de este acuerdo o del uso del sitio. El cumplimiento de este acuerdo por parte de Hansen Real Estate est\u00e1 sujeto a las leyes y procesos legales vigentes, y nada de lo contenido en este acuerdo renuncia a los derechos del sitio a cumplir con las solicitudes o requisitos gubernamentales o policiales relativos al uso del sitio.<br\/>Si se determina que alguna parte de este acuerdo es inv\u00e1lida, inaplicable o contraria a la ley, la disposici\u00f3n inv\u00e1lida o inaplicable se considerar\u00e1 sustituida por una disposici\u00f3n v\u00e1lida y aplicable que se aproxime lo m\u00e1s posible a la intenci\u00f3n de la disposici\u00f3n original, y el resto del acuerdo permanecer\u00e1 en vigor. Este acuerdo constituye el acuerdo \u00edntegro entre el usuario y Hansen Real Estate con respecto al sitio y sustituye a todas las comunicaciones y propuestas anteriores, ya sean electr\u00f3nicas, orales o escritas, entre el usuario y Hansen Real Estate en relaci\u00f3n con el sitio. Se podr\u00e1 solicitar una versi\u00f3n impresa de este acuerdo y de cualquier notificaci\u00f3n enviada en formato electr\u00f3nico en procedimientos judiciales o administrativos relacionados con este acuerdo.     <\/p>\n\n<h2 class=\"wp-block-heading\">7. AVISO DE DERECHOS DE AUTOR Y MARCAS COMERCIALES (COPYRIGHT)<\/h2>\n\n<p>Todo el contenido del sitio, incluidos textos, im\u00e1genes, gr\u00e1ficos, sonidos, v\u00eddeos, animaciones, descargas, as\u00ed como su forma de presentaci\u00f3n, la estructura del sitio y la disposici\u00f3n de los elementos, est\u00e1n sujetos, sin excepci\u00f3n, a los derechos de autor de nuestra marca, a menos que se indique lo contrario.<br\/>No se concede ninguna licencia ni derecho de propiedad sobre la informaci\u00f3n del sitio, y queda prohibida la reproducci\u00f3n del contenido del mismo. Ning\u00fan contenido del sitio puede ser copiado, distribuido, modificado o colocado en otro sitio sin el consentimiento previo por escrito de la marca. <\/p>\n\n<h2 class=\"wp-block-heading\">8. MARCAS COMERCIALES<\/h2>\n\n<p>Todos los servicios y marcas comerciales de Hansen Real Estate est\u00e1n registrados.<\/p>\n\n<h2 class=\"wp-block-heading\">9. LEY APLICABLE<\/h2>\n\n<p>Esta p\u00e1gina y las Condiciones de uso aqu\u00ed contenidas han sido creadas de acuerdo con la legislaci\u00f3n europea. En caso de desacuerdo o conflicto en la interpretaci\u00f3n de la informaci\u00f3n, se someter\u00e1 al tribunal europeo competente para su an\u00e1lisis. <\/p>\n","protected":false},"excerpt":{"rendered":"<p>1. ACUERDO ENTRE EL USUARIO Y Hansen Real Estate El sitio web consta de un conjunto de p\u00e1ginas. El sitio<\/p>\n","protected":false},"author":1,"featured_media":0,"parent":0,"menu_order":11,"comment_status":"closed","ping_status":"closed","template":"elementor_header_footer","meta":{"footnotes":""},"class_list":["post-29991","page","type-page","status-publish","hentry"],"yoast_head":"<!-- This site is optimized with the Yoast SEO plugin v27.3 - https:\/\/yoast.com\/product\/yoast-seo-wordpress\/ -->\n<title>T\u00e9rminos y condiciones | Hansen Real Estate<\/title>\n<meta name=\"description\" content=\"Consulta los t\u00e9rminos y condiciones de uso del sitio de Hansen Real Estate: enlaces externos, uso permitido, exenci\u00f3n de responsabilidad y cambios.\" \/>\n<meta name=\"robots\" content=\"noindex, follow, max-snippet:-1, max-image-preview:large, max-video-preview:-1\" \/>\n<meta property=\"og:locale\" content=\"es_ES\" \/>\n<meta property=\"og:type\" content=\"article\" \/>\n<meta property=\"og:title\" content=\"T\u00e9rminos y condiciones | Hansen Real Estate\" \/>\n<meta property=\"og:description\" content=\"Consulta los t\u00e9rminos y condiciones de uso del sitio de Hansen Real Estate: enlaces externos, uso permitido, exenci\u00f3n de responsabilidad y cambios.\" \/>\n<meta property=\"og:url\" content=\"https:\/\/hansen.devwp.dk\/es\/terminos-y-condiciones\/\" \/>\n<meta property=\"og:site_name\" content=\"Hansen-Realestate\" \/>\n<meta property=\"article:modified_time\" content=\"2026-02-16T08:12:10+00:00\" \/>\n<meta name=\"twitter:card\" content=\"summary_large_image\" \/>\n<meta name=\"twitter:label1\" content=\"Tiempo de lectura\" \/>\n\t<meta name=\"twitter:data1\" content=\"5 minutos\" \/>\n<script type=\"application\/ld+json\" class=\"yoast-schema-graph\">{\"@context\":\"https:\\\/\\\/schema.org\",\"@graph\":[{\"@type\":\"WebPage\",\"@id\":\"https:\\\/\\\/hansen.devwp.dk\\\/es\\\/terminos-y-condiciones\\\/\",\"url\":\"https:\\\/\\\/hansen.devwp.dk\\\/es\\\/terminos-y-condiciones\\\/\",\"name\":\"T\u00e9rminos y condiciones | Hansen Real Estate\",\"isPartOf\":{\"@id\":\"https:\\\/\\\/hansen.devwp.dk\\\/es\\\/#website\"},\"datePublished\":\"2025-12-22T08:53:21+00:00\",\"dateModified\":\"2026-02-16T08:12:10+00:00\",\"description\":\"Consulta los t\u00e9rminos y condiciones de uso del sitio de Hansen Real Estate: enlaces externos, uso permitido, exenci\u00f3n de responsabilidad y cambios.\",\"breadcrumb\":{\"@id\":\"https:\\\/\\\/hansen.devwp.dk\\\/es\\\/terminos-y-condiciones\\\/#breadcrumb\"},\"inLanguage\":\"es\",\"potentialAction\":[{\"@type\":\"ReadAction\",\"target\":[\"https:\\\/\\\/hansen.devwp.dk\\\/es\\\/terminos-y-condiciones\\\/\"]}]},{\"@type\":\"BreadcrumbList\",\"@id\":\"https:\\\/\\\/hansen.devwp.dk\\\/es\\\/terminos-y-condiciones\\\/#breadcrumb\",\"itemListElement\":[{\"@type\":\"ListItem\",\"position\":1,\"name\":\"Home\",\"item\":\"https:\\\/\\\/hansen.devwp.dk\\\/es\\\/inicio-viajes\\\/\"},{\"@type\":\"ListItem\",\"position\":2,\"name\":\"T\u00e9rminos y condiciones\"}]},{\"@type\":\"WebSite\",\"@id\":\"https:\\\/\\\/hansen.devwp.dk\\\/es\\\/#website\",\"url\":\"https:\\\/\\\/hansen.devwp.dk\\\/es\\\/\",\"name\":\"Hansen Realestate\",\"description\":\"\",\"publisher\":{\"@id\":\"https:\\\/\\\/hansen.devwp.dk\\\/es\\\/#organization\"},\"potentialAction\":[{\"@type\":\"SearchAction\",\"target\":{\"@type\":\"EntryPoint\",\"urlTemplate\":\"https:\\\/\\\/hansen.devwp.dk\\\/es\\\/?s={search_term_string}\"},\"query-input\":{\"@type\":\"PropertyValueSpecification\",\"valueRequired\":true,\"valueName\":\"search_term_string\"}}],\"inLanguage\":\"es\"},{\"@type\":\"Organization\",\"@id\":\"https:\\\/\\\/hansen.devwp.dk\\\/es\\\/#organization\",\"name\":\"Hansen Realestate\",\"url\":\"https:\\\/\\\/hansen.devwp.dk\\\/es\\\/\",\"logo\":{\"@type\":\"ImageObject\",\"inLanguage\":\"es\",\"@id\":\"https:\\\/\\\/hansen.devwp.dk\\\/es\\\/#\\\/schema\\\/logo\\\/image\\\/\",\"url\":\"https:\\\/\\\/hansen.devwp.dk\\\/wp-content\\\/uploads\\\/2025\\\/11\\\/logo_hansen1.png\",\"contentUrl\":\"https:\\\/\\\/hansen.devwp.dk\\\/wp-content\\\/uploads\\\/2025\\\/11\\\/logo_hansen1.png\",\"width\":250,\"height\":150,\"caption\":\"Hansen Realestate\"},\"image\":{\"@id\":\"https:\\\/\\\/hansen.devwp.dk\\\/es\\\/#\\\/schema\\\/logo\\\/image\\\/\"}}]}<\/script>\n<!-- \/ Yoast SEO plugin. -->","yoast_head_json":{"title":"T\u00e9rminos y condiciones | Hansen Real Estate","description":"Consulta los t\u00e9rminos y condiciones de uso del sitio de Hansen Real Estate: enlaces externos, uso permitido, exenci\u00f3n de responsabilidad y cambios.","robots":{"index":"noindex","follow":"follow","max-snippet":"max-snippet:-1","max-image-preview":"max-image-preview:large","max-video-preview":"max-video-preview:-1"},"og_locale":"es_ES","og_type":"article","og_title":"T\u00e9rminos y condiciones | Hansen Real Estate","og_description":"Consulta los t\u00e9rminos y condiciones de uso del sitio de Hansen Real Estate: enlaces externos, uso permitido, exenci\u00f3n de responsabilidad y cambios.","og_url":"https:\/\/hansen.devwp.dk\/es\/terminos-y-condiciones\/","og_site_name":"Hansen-Realestate","article_modified_time":"2026-02-16T08:12:10+00:00","twitter_card":"summary_large_image","twitter_misc":{"Tiempo de lectura":"5 minutos"},"schema":{"@context":"https:\/\/schema.org","@graph":[{"@type":"WebPage","@id":"https:\/\/hansen.devwp.dk\/es\/terminos-y-condiciones\/","url":"https:\/\/hansen.devwp.dk\/es\/terminos-y-condiciones\/","name":"T\u00e9rminos y condiciones | Hansen Real Estate","isPartOf":{"@id":"https:\/\/hansen.devwp.dk\/es\/#website"},"datePublished":"2025-12-22T08:53:21+00:00","dateModified":"2026-02-16T08:12:10+00:00","description":"Consulta los t\u00e9rminos y condiciones de uso del sitio de Hansen Real Estate: enlaces externos, uso permitido, exenci\u00f3n de responsabilidad y cambios.","breadcrumb":{"@id":"https:\/\/hansen.devwp.dk\/es\/terminos-y-condiciones\/#breadcrumb"},"inLanguage":"es","potentialAction":[{"@type":"ReadAction","target":["https:\/\/hansen.devwp.dk\/es\/terminos-y-condiciones\/"]}]},{"@type":"BreadcrumbList","@id":"https:\/\/hansen.devwp.dk\/es\/terminos-y-condiciones\/#breadcrumb","itemListElement":[{"@type":"ListItem","position":1,"name":"Home","item":"https:\/\/hansen.devwp.dk\/es\/inicio-viajes\/"},{"@type":"ListItem","position":2,"name":"T\u00e9rminos y condiciones"}]},{"@type":"WebSite","@id":"https:\/\/hansen.devwp.dk\/es\/#website","url":"https:\/\/hansen.devwp.dk\/es\/","name":"Hansen Realestate","description":"","publisher":{"@id":"https:\/\/hansen.devwp.dk\/es\/#organization"},"potentialAction":[{"@type":"SearchAction","target":{"@type":"EntryPoint","urlTemplate":"https:\/\/hansen.devwp.dk\/es\/?s={search_term_string}"},"query-input":{"@type":"PropertyValueSpecification","valueRequired":true,"valueName":"search_term_string"}}],"inLanguage":"es"},{"@type":"Organization","@id":"https:\/\/hansen.devwp.dk\/es\/#organization","name":"Hansen Realestate","url":"https:\/\/hansen.devwp.dk\/es\/","logo":{"@type":"ImageObject","inLanguage":"es","@id":"https:\/\/hansen.devwp.dk\/es\/#\/schema\/logo\/image\/","url":"https:\/\/hansen.devwp.dk\/wp-content\/uploads\/2025\/11\/logo_hansen1.png","contentUrl":"https:\/\/hansen.devwp.dk\/wp-content\/uploads\/2025\/11\/logo_hansen1.png","width":250,"height":150,"caption":"Hansen Realestate"},"image":{"@id":"https:\/\/hansen.devwp.dk\/es\/#\/schema\/logo\/image\/"}}]}},"_links":{"self":[{"href":"https:\/\/hansen.devwp.dk\/es\/wp-json\/wp\/v2\/pages\/29991","targetHints":{"allow":["GET"]}}],"collection":[{"href":"https:\/\/hansen.devwp.dk\/es\/wp-json\/wp\/v2\/pages"}],"about":[{"href":"https:\/\/hansen.devwp.dk\/es\/wp-json\/wp\/v2\/types\/page"}],"author":[{"embeddable":true,"href":"https:\/\/hansen.devwp.dk\/es\/wp-json\/wp\/v2\/users\/1"}],"replies":[{"embeddable":true,"href":"https:\/\/hansen.devwp.dk\/es\/wp-json\/wp\/v2\/comments?post=29991"}],"version-history":[{"count":1,"href":"https:\/\/hansen.devwp.dk\/es\/wp-json\/wp\/v2\/pages\/29991\/revisions"}],"predecessor-version":[{"id":29992,"href":"https:\/\/hansen.devwp.dk\/es\/wp-json\/wp\/v2\/pages\/29991\/revisions\/29992"}],"wp:attachment":[{"href":"https:\/\/hansen.devwp.dk\/es\/wp-json\/wp\/v2\/media?parent=29991"}],"curies":[{"name":"wp","href":"https:\/\/api.w.org\/{rel}","templated":true}]}}