{"id":29943,"date":"2025-12-01T14:23:57","date_gmt":"2025-12-01T14:23:57","guid":{"rendered":"https:\/\/hansen.devwp.dk\/lei\/"},"modified":"2026-02-16T08:10:26","modified_gmt":"2026-02-16T08:10:26","slug":"lei","status":"publish","type":"page","link":"https:\/\/hansen.devwp.dk\/no\/lei\/","title":{"rendered":"Lei"},"content":{"rendered":"\t\t<div data-elementor-type=\"wp-page\" data-elementor-id=\"29943\" class=\"elementor elementor-29943 elementor-29243\" data-elementor-post-type=\"page\">\n\t\t\t\t<div class=\"wd-negative-gap elementor-element elementor-element-dce4c14 e-flex e-con-boxed e-con e-parent\" data-id=\"dce4c14\" data-element_type=\"container\" data-e-type=\"container\">\n\t\t\t\t\t<div class=\"e-con-inner\">\n\t\t\t\t<div class=\"elementor-element elementor-element-792dd61 elementor-widget elementor-widget-heading\" data-id=\"792dd61\" data-element_type=\"widget\" data-e-type=\"widget\" data-widget_type=\"heading.default\">\n\t\t\t\t\t<h2 class=\"elementor-heading-title elementor-size-default\">Lei gjennom Hansen Realestate<\/h2>\t\t\t\t<\/div>\n\t\t\t\t<div class=\"elementor-element elementor-element-6437142 elementor-widget elementor-widget-spacer\" data-id=\"6437142\" data-element_type=\"widget\" data-e-type=\"widget\" data-widget_type=\"spacer.default\">\n\t\t\t\t\t\t\t<div class=\"elementor-spacer\">\n\t\t\t<div class=\"elementor-spacer-inner\"><\/div>\n\t\t<\/div>\n\t\t\t\t\t\t<\/div>\n\t\t\t\t\t<\/div>\n\t\t\t\t<\/div>\n\t\t<div class=\"wd-negative-gap elementor-element elementor-element-2149102 e-flex e-con-boxed e-con e-parent\" data-id=\"2149102\" data-element_type=\"container\" data-e-type=\"container\">\n\t\t\t\t\t<div class=\"e-con-inner\">\n\t\t\t\t<div class=\"elementor-element elementor-element-4db5c67 elementor-widget elementor-widget-html\" data-id=\"4db5c67\" data-element_type=\"widget\" data-e-type=\"widget\" data-widget_type=\"html.default\">\n\t\t\t\t\t<div style=\"width: 100%; max-width: 1280px; margin: 0 auto;\">\n <iframe id=\"host-websites-booking-module\" style=\"aspect-ratio: 1280 \/ 1000; width: 100%; min-height: 500px; height: 500px; border: none;\" src=\"https:\/\/widget.holiduhost.com\/widget\/6898a43b-1529-4441-a2c9-3d29a07d5ff3\">\n <\/iframe>\n<\/div>\n<script>\n window.addEventListener('message', function(event) {\n   if (event.data.type === 'resize') {\n     const iframe = document.getElementById('host-websites-booking-module');\n     if (iframe) {\n       iframe.style.height = event.data.height + 'px';\n     }\n   }\n });\n<\/script>\t\t\t\t<\/div>\n\t\t\t\t\t<\/div>\n\t\t\t\t<\/div>\n\t\t\t\t<\/div>\n\t\t","protected":false},"excerpt":{"rendered":"<p>Lei gjennom Hansen Realestate<\/p>\n","protected":false},"author":1,"featured_media":0,"parent":0,"menu_order":1,"comment_status":"closed","ping_status":"closed","template":"elementor_header_footer","meta":{"footnotes":""},"class_list":["post-29943","page","type-page","status-publish","hentry"],"yoast_head":"<!-- This site is optimized with the Yoast SEO plugin v27.3 - https:\/\/yoast.com\/product\/yoast-seo-wordpress\/ -->\n<title>Lei bolig p\u00e5 Costa del Sol | Hansen Real Estate<\/title>\n<meta name=\"description\" content=\"Lei gjennom Hansen Real Estate p\u00e5 Costa del Sol. Trygg og tydelig oppf\u00f8lging fra f\u00f8rste kontakt til innflytting. Kontakt oss for visning.\" \/>\n<meta name=\"robots\" content=\"noindex, follow, max-snippet:-1, max-image-preview:large, max-video-preview:-1\" \/>\n<meta property=\"og:locale\" content=\"nb_NO\" \/>\n<meta property=\"og:type\" content=\"article\" \/>\n<meta property=\"og:title\" content=\"Lei bolig p\u00e5 Costa del Sol | Hansen Real Estate\" \/>\n<meta property=\"og:description\" content=\"Lei gjennom Hansen Real Estate p\u00e5 Costa del Sol. Trygg og tydelig oppf\u00f8lging fra f\u00f8rste kontakt til innflytting. Kontakt oss for visning.\" \/>\n<meta property=\"og:url\" content=\"https:\/\/hansen.devwp.dk\/no\/lei\/\" \/>\n<meta property=\"og:site_name\" content=\"Hansen-Realestate\" \/>\n<meta property=\"article:modified_time\" content=\"2026-02-16T08:10:26+00:00\" \/>\n<meta name=\"twitter:card\" content=\"summary_large_image\" \/>\n<script type=\"application\/ld+json\" class=\"yoast-schema-graph\">{\"@context\":\"https:\\\/\\\/schema.org\",\"@graph\":[{\"@type\":\"WebPage\",\"@id\":\"https:\\\/\\\/hansen.devwp.dk\\\/no\\\/lei\\\/\",\"url\":\"https:\\\/\\\/hansen.devwp.dk\\\/no\\\/lei\\\/\",\"name\":\"Lei bolig p\u00e5 Costa del Sol | Hansen Real Estate\",\"isPartOf\":{\"@id\":\"https:\\\/\\\/hansen.devwp.dk\\\/no\\\/#website\"},\"datePublished\":\"2025-12-01T14:23:57+00:00\",\"dateModified\":\"2026-02-16T08:10:26+00:00\",\"description\":\"Lei gjennom Hansen Real Estate p\u00e5 Costa del Sol. Trygg og tydelig oppf\u00f8lging fra f\u00f8rste kontakt til innflytting. Kontakt oss for visning.\",\"breadcrumb\":{\"@id\":\"https:\\\/\\\/hansen.devwp.dk\\\/no\\\/lei\\\/#breadcrumb\"},\"inLanguage\":\"nb-NO\",\"potentialAction\":[{\"@type\":\"ReadAction\",\"target\":[\"https:\\\/\\\/hansen.devwp.dk\\\/no\\\/lei\\\/\"]}]},{\"@type\":\"BreadcrumbList\",\"@id\":\"https:\\\/\\\/hansen.devwp.dk\\\/no\\\/lei\\\/#breadcrumb\",\"itemListElement\":[{\"@type\":\"ListItem\",\"position\":1,\"name\":\"Home\",\"item\":\"https:\\\/\\\/hansen.devwp.dk\\\/no\\\/hjem-reise\\\/\"},{\"@type\":\"ListItem\",\"position\":2,\"name\":\"Lei\"}]},{\"@type\":\"WebSite\",\"@id\":\"https:\\\/\\\/hansen.devwp.dk\\\/no\\\/#website\",\"url\":\"https:\\\/\\\/hansen.devwp.dk\\\/no\\\/\",\"name\":\"Hansen Realestate\",\"description\":\"\",\"publisher\":{\"@id\":\"https:\\\/\\\/hansen.devwp.dk\\\/no\\\/#organization\"},\"potentialAction\":[{\"@type\":\"SearchAction\",\"target\":{\"@type\":\"EntryPoint\",\"urlTemplate\":\"https:\\\/\\\/hansen.devwp.dk\\\/no\\\/?s={search_term_string}\"},\"query-input\":{\"@type\":\"PropertyValueSpecification\",\"valueRequired\":true,\"valueName\":\"search_term_string\"}}],\"inLanguage\":\"nb-NO\"},{\"@type\":\"Organization\",\"@id\":\"https:\\\/\\\/hansen.devwp.dk\\\/no\\\/#organization\",\"name\":\"Hansen Realestate\",\"url\":\"https:\\\/\\\/hansen.devwp.dk\\\/no\\\/\",\"logo\":{\"@type\":\"ImageObject\",\"inLanguage\":\"nb-NO\",\"@id\":\"https:\\\/\\\/hansen.devwp.dk\\\/no\\\/#\\\/schema\\\/logo\\\/image\\\/\",\"url\":\"https:\\\/\\\/hansen.devwp.dk\\\/wp-content\\\/uploads\\\/2025\\\/11\\\/logo_hansen1.png\",\"contentUrl\":\"https:\\\/\\\/hansen.devwp.dk\\\/wp-content\\\/uploads\\\/2025\\\/11\\\/logo_hansen1.png\",\"width\":250,\"height\":150,\"caption\":\"Hansen Realestate\"},\"image\":{\"@id\":\"https:\\\/\\\/hansen.devwp.dk\\\/no\\\/#\\\/schema\\\/logo\\\/image\\\/\"}}]}<\/script>\n<!-- \/ Yoast SEO plugin. -->","yoast_head_json":{"title":"Lei bolig p\u00e5 Costa del Sol | Hansen Real Estate","description":"Lei gjennom Hansen Real Estate p\u00e5 Costa del Sol. Trygg og tydelig oppf\u00f8lging fra f\u00f8rste kontakt til innflytting. Kontakt oss for visning.","robots":{"index":"noindex","follow":"follow","max-snippet":"max-snippet:-1","max-image-preview":"max-image-preview:large","max-video-preview":"max-video-preview:-1"},"og_locale":"nb_NO","og_type":"article","og_title":"Lei bolig p\u00e5 Costa del Sol | Hansen Real Estate","og_description":"Lei gjennom Hansen Real Estate p\u00e5 Costa del Sol. Trygg og tydelig oppf\u00f8lging fra f\u00f8rste kontakt til innflytting. Kontakt oss for visning.","og_url":"https:\/\/hansen.devwp.dk\/no\/lei\/","og_site_name":"Hansen-Realestate","article_modified_time":"2026-02-16T08:10:26+00:00","twitter_card":"summary_large_image","schema":{"@context":"https:\/\/schema.org","@graph":[{"@type":"WebPage","@id":"https:\/\/hansen.devwp.dk\/no\/lei\/","url":"https:\/\/hansen.devwp.dk\/no\/lei\/","name":"Lei bolig p\u00e5 Costa del Sol | Hansen Real Estate","isPartOf":{"@id":"https:\/\/hansen.devwp.dk\/no\/#website"},"datePublished":"2025-12-01T14:23:57+00:00","dateModified":"2026-02-16T08:10:26+00:00","description":"Lei gjennom Hansen Real Estate p\u00e5 Costa del Sol. Trygg og tydelig oppf\u00f8lging fra f\u00f8rste kontakt til innflytting. Kontakt oss for visning.","breadcrumb":{"@id":"https:\/\/hansen.devwp.dk\/no\/lei\/#breadcrumb"},"inLanguage":"nb-NO","potentialAction":[{"@type":"ReadAction","target":["https:\/\/hansen.devwp.dk\/no\/lei\/"]}]},{"@type":"BreadcrumbList","@id":"https:\/\/hansen.devwp.dk\/no\/lei\/#breadcrumb","itemListElement":[{"@type":"ListItem","position":1,"name":"Home","item":"https:\/\/hansen.devwp.dk\/no\/hjem-reise\/"},{"@type":"ListItem","position":2,"name":"Lei"}]},{"@type":"WebSite","@id":"https:\/\/hansen.devwp.dk\/no\/#website","url":"https:\/\/hansen.devwp.dk\/no\/","name":"Hansen Realestate","description":"","publisher":{"@id":"https:\/\/hansen.devwp.dk\/no\/#organization"},"potentialAction":[{"@type":"SearchAction","target":{"@type":"EntryPoint","urlTemplate":"https:\/\/hansen.devwp.dk\/no\/?s={search_term_string}"},"query-input":{"@type":"PropertyValueSpecification","valueRequired":true,"valueName":"search_term_string"}}],"inLanguage":"nb-NO"},{"@type":"Organization","@id":"https:\/\/hansen.devwp.dk\/no\/#organization","name":"Hansen Realestate","url":"https:\/\/hansen.devwp.dk\/no\/","logo":{"@type":"ImageObject","inLanguage":"nb-NO","@id":"https:\/\/hansen.devwp.dk\/no\/#\/schema\/logo\/image\/","url":"https:\/\/hansen.devwp.dk\/wp-content\/uploads\/2025\/11\/logo_hansen1.png","contentUrl":"https:\/\/hansen.devwp.dk\/wp-content\/uploads\/2025\/11\/logo_hansen1.png","width":250,"height":150,"caption":"Hansen Realestate"},"image":{"@id":"https:\/\/hansen.devwp.dk\/no\/#\/schema\/logo\/image\/"}}]}},"_links":{"self":[{"href":"https:\/\/hansen.devwp.dk\/no\/wp-json\/wp\/v2\/pages\/29943","targetHints":{"allow":["GET"]}}],"collection":[{"href":"https:\/\/hansen.devwp.dk\/no\/wp-json\/wp\/v2\/pages"}],"about":[{"href":"https:\/\/hansen.devwp.dk\/no\/wp-json\/wp\/v2\/types\/page"}],"author":[{"embeddable":true,"href":"https:\/\/hansen.devwp.dk\/no\/wp-json\/wp\/v2\/users\/1"}],"replies":[{"embeddable":true,"href":"https:\/\/hansen.devwp.dk\/no\/wp-json\/wp\/v2\/comments?post=29943"}],"version-history":[{"count":1,"href":"https:\/\/hansen.devwp.dk\/no\/wp-json\/wp\/v2\/pages\/29943\/revisions"}],"predecessor-version":[{"id":29944,"href":"https:\/\/hansen.devwp.dk\/no\/wp-json\/wp\/v2\/pages\/29943\/revisions\/29944"}],"wp:attachment":[{"href":"https:\/\/hansen.devwp.dk\/no\/wp-json\/wp\/v2\/media?parent=29943"}],"curies":[{"name":"wp","href":"https:\/\/api.w.org\/{rel}","templated":true}]}}