{"id":29977,"date":"2025-12-22T08:54:50","date_gmt":"2025-12-22T08:54:50","guid":{"rendered":"https:\/\/hansen.devwp.dk\/personvernerklaering\/"},"modified":"2026-02-16T08:11:27","modified_gmt":"2026-02-16T08:11:27","slug":"personvernerklaering","status":"publish","type":"page","link":"https:\/\/hansen.devwp.dk\/no\/personvernerklaering\/","title":{"rendered":"Personvernerkl\u00e6ring"},"content":{"rendered":"\n<p>Hansen Real Estate, med hovedkontor i Avenida de Andalucia, 64 og organisasjonsnummer , er eier av domenet www.hansen-realestate.com, hvor NETTSIDEN er vertskap.<\/p>\n\n<p>HANSEN REAL ESTATE ER FORPLIKTET TIL \u00c5 BESKYTTE PERSONVERNET OG PERSONOPPLYSNINGENE TIL SINE KUNDER OG NETTSIDEBRUKERE. DERFOR HAR VI UTVIKLET OG VEDTATT DENNE ERKL\u00c6RINGEN OG PRAKSISEN SOM ER BESKREVET HER. <\/p>\n\n<p>DENNE PERSONVERNERKL\u00c6RINGEN FORKLARER HVORDAN DINE PERSONOPPLYSNINGER SAMLES INN OG BEHANDLES, OG VI ANBEFALER AT DU LESER DEN FOR \u00c5 FORST\u00c5 VILK\u00c5RENE FOR HVORDAN DINE PERSONOPPLYSNINGER SAMLES INN OG BRUKES.<\/p>\n\n<p>V\u00e5r personvernerkl\u00e6ring er i samsvar med gjeldende portugisisk lovgivning, n\u00e6rmere bestemt lov nr. 58\/2019 av 8. august om beskyttelse av personopplysninger, andre gjeldende nasjonale lover, og personvernforordningen (GDPR) 2016\/679 av 27. april. Lovgivningen om databeskyttelse er gjenstand for revisjon, og vi anbefaler at brukere regelmessig sjekker v\u00e5r personvernerkl\u00e6ring. For referanse kan du bes\u00f8ke nettstedet www.cnpd.pt. Denne nettsiden overholder nasjonal lovgivning og EU-lovgivning. Portugisiske domstoler vil ha eksklusiv jurisdiksjon over enhver tvist som m\u00e5tte oppst\u00e5 som f\u00f8lge av bruken av denne nettsiden.    <\/p>\n\n<h2 class=\"wp-block-heading\">1. HVA DEKKER DENNE ERKL\u00c6RINGEN?<\/h2>\n\n<p>1.1. Denne personvernerkl\u00e6ringen forklarer hvordan vi samler inn og behandler personopplysningene som er n\u00f8dvendige for \u00e5 levere tjenestene som er tilgjengelige via NETTSIDEN.<\/p>\n\n<p>1.2. Eksempler p\u00e5 disse tjenestene inkluderer abonnement p\u00e5 nyhetsbrev eller \u00e5 kontakte oss og sende oss din s\u00f8knad.<\/p>\n\n<p>1.3. M\u00e5let er \u00e5 tilby disse tjenestene p\u00e5 en effektiv og problemfri m\u00e5te, og beskrive praksisen som er vedtatt for dette form\u00e5let.<\/p>\n\n<h2 class=\"wp-block-heading\">2. HVA ER PERSONOPPLYSNINGER?<\/h2>\n\n<p>2.1. Personopplysninger refererer til all informasjon knyttet til en person som identifiserer eller kan identifisere dem, uavhengig av informasjonens art og medium, inkludert lyd og bilde.<\/p>\n\n<p>2.2. Eksempler p\u00e5 personopplysninger vi samler inn inkluderer navn, etternavn, e-post og telefon- eller mobilnummer.<\/p>\n\n<p>2.3. Identifiserbar betyr en person som kan identifiseres direkte eller indirekte, spesielt ved henvisning til et identifikasjonsnummer eller andre spesifikke elementer ved deres fysiske, fysiologiske, mentale, \u00f8konomiske, kulturelle eller sosiale identitet.<\/p>\n\n<h2 class=\"wp-block-heading\">3. HVORDAN VIL VI BRUKE DINE PERSONOPPLYSNINGER?<\/h2>\n\n<p>3.1. Hansen Real Estate vil bruke personopplysningene du gir oss til f\u00f8lgende form\u00e5l:<\/p>\n\n<p>(a) For \u00e5 analysere og svare p\u00e5 dine meldinger, kundest\u00f8tte og informasjonsforesp\u00f8rsler;<\/p>\n\n<p>(b) For \u00e5 analysere og behandle din jobbs\u00f8knad for \u00e5 jobbe hos Hansen Real Estate;<\/p>\n\n<p>(c) For \u00e5 sende nyhetsbrev eller andre publikasjoner som du har bedt om og\/eller som kan v\u00e6re av interesse for deg;<\/p>\n\n<p>(d) For drift og administrasjon av nettsiden;<\/p>\n\n<p>(e) For \u00e5 opprettholde en oversikt over dine kontaktopplysninger;<\/p>\n\n<p>(f) For forretningsform\u00e5l som dataanalyse og revisjoner;<\/p>\n\n<p>(g) For forebygging av svindel og sikkerhet i informasjonssystemer;<\/p>\n\n<p>(h) For \u00e5 tilpasse, forbedre og endre tjenester, inkludert identifisering av brukstrender eller for \u00e5 fastsl\u00e5 effektiviteten av kampanjer.<\/p>\n\n<p>3.2. Disse behandlingene av personopplysninger er avgj\u00f8rende for din tilfredshet og for virksomheten til Hansen Real Estate, og de utf\u00f8res i samsvar med gjeldende lovgivning og beste praksis.<\/p>\n\n<p>3.3. Dine personopplysninger vil ikke bli gjenbrukt til andre form\u00e5l enn de som er identifisert tidligere, eller som ikke er relatert til form\u00e5lene de opprinnelig ble samlet inn for.<\/p>\n\n<h2 class=\"wp-block-heading\">4. HVA ER DET JURIDISKE GRUNNLAGET FOR BEHANDLING AV PERSONOPPLYSNINGENE VI SAMLER INN?<\/h2>\n\n<p>4.1. Personopplysningene som behandles av Hansen Real Estate har spesifikke juridiske grunnlag avhengig av form\u00e5lene de er ment for.<\/p>\n\n<p>4.2. I tabellen nedenfor kan du se det juridiske grunnlaget i henhold til de ovennevnte form\u00e5lene:<\/p>\n\n<figure class=\"wp-block-table\"><table class=\"has-fixed-layout\"><tbody><tr><td>FORM\u00c5L<\/td><td>GRUNNLAG<\/td><td>INNSAMLEDE DATA<\/td><\/tr><tr><td>For \u00e5 analysere og svare p\u00e5 dine meldinger, kundest\u00f8tte og foresp\u00f8rsler.<\/td><td>Samtykke for dette form\u00e5let.<\/td><td>Navn, telefonnummer, e-postadresse.<\/td><\/tr><tr><td>Slik at vi kan sende deg nyhetsbrev eller andre publikasjoner som du har bedt om og\/eller som kan v\u00e6re av din interesse.<\/td><td>Samtykke for dette spesifikke form\u00e5let.<\/td><td>E-postadresse.<\/td><\/tr><tr><td>For drift og administrasjon av nettsiden.<\/td><td>Samtykke for dette spesifikke form\u00e5let (informasjonskapsler); Berettigede interesser forfulgt av Hansen Real Estate.<\/td><td>Informasjonskapsler, IP-adresse<\/td><\/tr><tr><td>For kommersielle form\u00e5l, som dataanalyse eller revisjoner.<\/td><td>Samtykke for dette spesifikke form\u00e5let (informasjonskapsler); Berettigede interesser forfulgt av Hansen Real Estate.<\/td><td>Informasjonskapsler, IP-adresse<\/td><\/tr><tr><td>For forebygging av svindel og sikkerhet i informasjonssystemer.<\/td><td>Berettigede interesser forfulgt av Hansen Real Estate.<\/td><td>IP-adresse<\/td><\/tr><tr><td>For tilpasning, forbedring og endring av tjenester, spesielt ved \u00e5 identifisere brukertrender, eller for \u00e5 fastsl\u00e5 effektiviteten av kampanjer.<\/td><td>Samtykke for dette spesifikke form\u00e5let (informasjonskapsler); Berettigede interesser forfulgt av Hansen Real Estate.<\/td><td>Informasjonskapsler, IP-adresse<\/td><\/tr><\/tbody><\/table><\/figure>\n\n<h2 class=\"wp-block-heading\">5. HVORDAN SAMLER VI INN DINE PERSONOPPLYSNINGER?<\/h2>\n\n<p>5.1. Vi samler inn dine personopplysninger via skjemaene p\u00e5 NETTSIDEN, samt gjennom selve NETTSIDEN og kommunikasjonen den oppretter med din enhet, og e-postmeldingene du sender oss.<\/p>\n\n<p>5.2. Dine personopplysninger samles inn fra din enhet p\u00e5 f\u00f8lgende m\u00e5ter:<\/p>\n\n<p>(a) Gjennom din kontaktforesp\u00f8rsel;<\/p>\n\n<p>(b) Gjennom innsending av en s\u00f8knad;<\/p>\n\n<p>(c) Gjennom ditt abonnement p\u00e5 nyhetsbrevet;<\/p>\n\n<p>(d) Gjennom nettleseren din;<\/p>\n\n<p>(e) Gjennom informasjonskapsler;<\/p>\n\n<p>(f) IP-adresse.<\/p>\n\n<p>5.3. Hansen Real Estate er forpliktet til \u00e5 behandle dine data i samsvar med loven og p\u00e5 en rettmessig m\u00e5te.<\/p>\n\n<p>5.4. Hansen Real Estate vil ikke selge, leie ut eller dele dine personopplysninger med tredjeparter, unntatt i tilfeller som er tydelig identifisert i denne personvernerkl\u00e6ringen (se punkt 9 for \u00e5 forst\u00e5 hvordan).<\/p>\n\n<p>5.5. Hansen Real Estates tjenester er ikke rettet mot mindre\u00e5rige, og det utf\u00f8res ikke tilsiktet behandling av personopplysninger om mindre\u00e5rige.<\/p>\n\n<h2 class=\"wp-block-heading\">6. HVA ER INFORMASJONSKAPSLER (COOKIES)?<\/h2>\n\n<p>6.1. Informasjonskapsler er sm\u00e5 informasjonsfiler som bidrar til \u00e5 identifisere nettleseren din og kan lagre informasjon, som brukerinnstillinger og preferanser.<\/p>\n\n<p>6.2. Hansen Real Estate vil lagre informasjonskapsler p\u00e5 din enhet for \u00e5 tilpasse og forenkle navigeringen s\u00e5 mye som mulig, samt for feils\u00f8king, statistikk, kvalitetssikring og overv\u00e5king av systemsikkerhet.<\/p>\n\n<p>6.3. Med unntak av informasjonskapsler som er strengt n\u00f8dvendige for nettsidens funksjonalitet, vil lagring av andre informasjonskapsler alltid avhenge av brukerens aksept og samtykke, som kan trekkes tilbake n\u00e5r som helst via spesifikke verkt\u00f8y i nettleseren.<\/p>\n\n<p>6.4. For \u00e5 l\u00e6re mer om informasjonskapslene vi bruker, vennligst se v\u00e5r erkl\u00e6ring om informasjonskapsler.<\/p>\n\n<h2 class=\"wp-block-heading\">7. HVORDAN BESKYTTER VI DINE PERSONOPPLYSNINGER?<\/h2>\n\n<p>7.1. Dine personopplysninger holdes sikre gjennom vedtakelse av ulike tekniske og organisatoriske sikkerhetstiltak som sikrer at kun ansatte som trenger tilgang til dataene, gj\u00f8r det i samsvar med etablerte regler.<\/p>\n\n<p>7.2. For \u00e5 beskytte dine personopplysninger benytter vi oss kun av datasenterleverand\u00f8rer som tilbyr tilstrekkelige og dokumenterte sikkerhetstiltak, inkludert garantier for at dine personopplysninger lagres p\u00e5 servere i kontrollerte milj\u00f8er med begrenset tilgang.<\/p>\n\n<p>7.3. Personopplysninger lagres p\u00e5 sikre servere hos PORTUGAL TELECOM DATA CENTER, S.A med organisasjonsnummer 510.030.785 og hovedkontor i Rua Data Center 6200-065 Covilh\u00e3, som gir oss passende sikkerhetsgarantier for \u00e5 beskytte personopplysninger mot uautorisert utlevering, tap, misbruk, endring, uautorisert tilgang eller enhver annen form for ulovlig behandling.<\/p>\n\n<p>7.4. P\u00e5 samme m\u00e5te, n\u00e5r du surfer p\u00e5 NETTSIDEN, beskytter vi dataene dine med kryptering, som Hyper Text Transfer Protocol Secure (HTTPS), som er en internettprotokoll som har som m\u00e5l \u00e5 etablere kommunikasjon mellom enheter og servere over hele verden. HTTPS-protokollen oppsto som en videreutvikling av forgjengeren HTTP, og forskjellen mellom dem er at HTTPS krypterer kommunikasjonen mellom enhetene. <\/p>\n\n<p>7.5. Selv om vi tar forholdsregler og tiltak vi anser som hensiktsmessige for \u00e5 beskytte personopplysningene du oppgir og vi samler inn, b\u00f8r det bemerkes at ingen sikkerhetssystemer er ugjennomtrengelige.<\/p>\n\n<h2 class=\"wp-block-heading\">8. HVORDAN KAN DU UT\u00d8VE DINE RETTIGHETER:<\/h2>\n\n<p>8.1. F\u00f8r vi forklarer hvordan du kan ut\u00f8ve dine rettigheter, er det viktig \u00e5 vite hva de er. Lovgivningen gir deg rett til \u00e5 be om \u00e5 ut\u00f8ve f\u00f8lgende rettigheter: <\/p>\n\n<p>(a) Innsyn: retten til \u00e5 f\u00e5 bekreftelse p\u00e5 om personopplysninger om deg behandles, og i s\u00e5 fall retten til innsyn i dine personopplysninger;<\/p>\n\n<p>(b) Retting: retten til \u00e5 f\u00e5 rettet uriktige personopplysninger om deg og retten til \u00e5 f\u00e5 ufullstendige personopplysninger supplert;<\/p>\n\n<p>(c) Sletting: retten til \u00e5 f\u00e5 slettet dine personopplysninger n\u00e5r en av grunnene nevnt i lovgivningen foreligger;<\/p>\n\n<p>(d) Begrensning av behandling: retten til \u00e5 f\u00e5 begrenset behandlingen dersom en av situasjonene nevnt i lovgivningen foreligger;<\/p>\n\n<p>(e) Innsigelse: retten til n\u00e5r som helst \u00e5 protestere mot behandlingen av personopplysninger om deg;<\/p>\n\n<p>(f) Dataportabilitet: retten til \u00e5 motta personopplysningene om deg i et strukturert, vanlig brukt og maskinlesbart format.<\/p>\n\n<p>8.2. Du har ogs\u00e5 rett til \u00e5 sende inn en klage til den kompetente tilsynsmyndigheten (i Portugal, den nasjonale databeskyttelseskommisjonen p\u00e5 www.cnpd.pt).<\/p>\n\n<p>8.3. For \u00e5 ut\u00f8ve de ovennevnte rettighetene, vennligst kontakt Hansen Real Estate via f\u00f8lgende e-post: andreas@hansen-realestate.com.<\/p>\n\n<p>8.4. Hvis du ber om sletting av noen eller alle dine personopplysninger, kan det hende at enkelte av de forespurte tjenestene ikke kan leveres til deg, og Hansen Real Estate vil kun beholde de personopplysningene som er n\u00f8dvendige for \u00e5 oppfylle de juridiske forpliktelsene vi er bundet av.<\/p>\n\n<h2 class=\"wp-block-heading\">9. N\u00c5R UTLEVERER VI DATA TIL TREDJEPARTER?<\/h2>\n\n<p>9.1. Hansen Real Estate kan benytte seg av tredjeparter for levering av visse tjenester, som vedlikehold, teknisk st\u00f8tte, markedsf\u00f8ring, fakturering eller betalingsh\u00e5ndtering, og disse tredjepartene kan ha tilgang til enkelte personopplysninger, n\u00e6rmere bestemt de dataene som er n\u00f8dvendige for de avtalte form\u00e5lene.<\/p>\n\n<p>9.2. Hansen Real Estate sikrer at enhetene som har tilgang til dataene er troverdige og gir h\u00f8ye garantier for beskyttelse. De vil ikke f\u00e5 utlevert mer data enn det som er n\u00f8dvendig for \u00e5 levere den avtalte tjenesten, mens Hansen Real Estate forblir ansvarlig for personopplysningene som er gitt. <\/p>\n\n<p>9.3. Hansen Real Estate kan ogs\u00e5 utlevere data til tredjeparter i forbindelse med etterforskning, unders\u00f8kelser, rettslige og\/eller administrative prosedyrer, eller lignende prosesser, forutsatt at det foreligger en rettslig kjennelse om dette.<\/p>\n\n<h2 class=\"wp-block-heading\">10. TREDJEPARTS NETTSIDER.<\/h2>\n\n<p>10.1. NETTSIDEN kan inneholde lenker til andre nettsteder som kan samle inn og behandle dine personopplysninger. Behandlingen av data p\u00e5 disse nettstedene er utelukkende eierne av disse nettstedenes ansvar, og Hansen Real Estate p\u00e5tar seg intet ansvar for deres retningslinjer og\/eller praksis. <\/p>\n\n<p>10.2. Eksempler p\u00e5 slike tredjeparter er Facebook, Instagram, YouTube, WhatsApp og LinkedIn via knappene p\u00e5 NETTSIDEN.<\/p>\n\n<h2 class=\"wp-block-heading\">11. OVERF\u00d8RING AV DATA UTENFOR DEN EUROPEISKE UNION.<\/h2>\n\n<p>11.1. Ved overf\u00f8ring av data til tredjeland utenfor EU, vil Hansen Real Estate overholde juridiske krav, spesielt n\u00e5r det gjelder mottakerlandets tilstrekkelighet med hensyn til beskyttelse av personopplysninger og kravene som gjelder for slike overf\u00f8ringer. Personopplysninger vil ikke bli overf\u00f8rt til jurisdiksjoner som ikke gir tilstrekkelige sikkerhets- og beskyttelsesgarantier. <\/p>\n\n<h2 class=\"wp-block-heading\">12. MINDRE\u00c5RIGE.<\/h2>\n\n<p>12.1. NETTSIDEN er ikke beregnet for personer under 16 \u00e5r, og vi ber vennligst om at mindre\u00e5rige ikke gir oss personopplysninger via NETTSIDEN, applikasjonen, sosiale nettverk og medier, eller e-post.<\/p>\n\n<h2 class=\"wp-block-heading\">13. SENSITIVE PERSONOPPLYSNINGER.<\/h2>\n\n<p>13.1. Hansen Real Estate ber deg vennligst om ikke \u00e5 sende eller oppgi sensitive personopplysninger, det vil si informasjon som avsl\u00f8rer rase eller etnisk opprinnelse, politiske oppfatninger, religi\u00f8s eller filosofisk overbevisning, fagforeningsmedlemskap, genetiske eller biometriske data, helseopplysninger eller opplysninger om en persons seksualliv eller seksuelle orientering.<\/p>\n\n<p>13.2. Hvis du likevel sender eller oppgir slike kategorier av personopplysninger, vil de bli slettet umiddelbart.<\/p>\n\n<h2 class=\"wp-block-heading\">14. ENDRINGER I PERSONVERNERKL\u00c6RINGEN.<\/h2>\n\n<p>14.1. Hansen Real Estate forbeholder seg retten til \u00e5 justere eller endre denne personvernerkl\u00e6ringen n\u00e5r som helst, og slike endringer vil bli kunngjort.<\/p>\n\n<h2 class=\"wp-block-heading\">15. V\u00c5RE KONTAKTPOPPLYSNINGER.<\/h2>\n\n<p>15.1. Hvis du har sp\u00f8rsm\u00e5l eller bekymringer ang\u00e5ende denne personvernerkl\u00e6ringen, vennligst kontakt oss skriftlig via e-post p\u00e5 andreas@hansen-realestate.com.<\/p>\n","protected":false},"excerpt":{"rendered":"<p>Hansen Real Estate, med hovedkontor i Avenida de Andalucia, 64 og organisasjonsnummer , er eier av domenet www.hansen-realestate.com, hvor NETTSIDEN<\/p>\n","protected":false},"author":1,"featured_media":0,"parent":0,"menu_order":12,"comment_status":"closed","ping_status":"closed","template":"elementor_header_footer","meta":{"footnotes":""},"class_list":["post-29977","page","type-page","status-publish","hentry"],"yoast_head":"<!-- This site is optimized with the Yoast SEO plugin v27.3 - https:\/\/yoast.com\/product\/yoast-seo-wordpress\/ -->\n<title>Personvernerkl\u00e6ring | Hansen Real Estate<\/title>\n<meta name=\"description\" content=\"Les hvordan Hansen Real Estate behandler personopplysninger p\u00e5 nettsiden, i tr\u00e5d med GDPR. Kontakt oss ved sp\u00f8rsm\u00e5l eller innsyn.\" \/>\n<meta name=\"robots\" content=\"noindex, follow, max-snippet:-1, max-image-preview:large, max-video-preview:-1\" \/>\n<meta property=\"og:locale\" content=\"nb_NO\" \/>\n<meta property=\"og:type\" content=\"article\" \/>\n<meta property=\"og:title\" content=\"Personvernerkl\u00e6ring | Hansen Real Estate\" \/>\n<meta property=\"og:description\" content=\"Les hvordan Hansen Real Estate behandler personopplysninger p\u00e5 nettsiden, i tr\u00e5d med GDPR. Kontakt oss ved sp\u00f8rsm\u00e5l eller innsyn.\" \/>\n<meta property=\"og:url\" content=\"https:\/\/hansen.devwp.dk\/no\/personvernerklaering\/\" \/>\n<meta property=\"og:site_name\" content=\"Hansen-Realestate\" \/>\n<meta property=\"article:modified_time\" content=\"2026-02-16T08:11:27+00:00\" \/>\n<meta name=\"twitter:card\" content=\"summary_large_image\" \/>\n<meta name=\"twitter:label1\" content=\"Ansl. lesetid\" \/>\n\t<meta name=\"twitter:data1\" content=\"9 minutter\" \/>\n<script type=\"application\/ld+json\" class=\"yoast-schema-graph\">{\"@context\":\"https:\\\/\\\/schema.org\",\"@graph\":[{\"@type\":\"WebPage\",\"@id\":\"https:\\\/\\\/hansen.devwp.dk\\\/no\\\/personvernerklaering\\\/\",\"url\":\"https:\\\/\\\/hansen.devwp.dk\\\/no\\\/personvernerklaering\\\/\",\"name\":\"Personvernerkl\u00e6ring | Hansen Real Estate\",\"isPartOf\":{\"@id\":\"https:\\\/\\\/hansen.devwp.dk\\\/no\\\/#website\"},\"datePublished\":\"2025-12-22T08:54:50+00:00\",\"dateModified\":\"2026-02-16T08:11:27+00:00\",\"description\":\"Les hvordan Hansen Real Estate behandler personopplysninger p\u00e5 nettsiden, i tr\u00e5d med GDPR. Kontakt oss ved sp\u00f8rsm\u00e5l eller innsyn.\",\"breadcrumb\":{\"@id\":\"https:\\\/\\\/hansen.devwp.dk\\\/no\\\/personvernerklaering\\\/#breadcrumb\"},\"inLanguage\":\"nb-NO\",\"potentialAction\":[{\"@type\":\"ReadAction\",\"target\":[\"https:\\\/\\\/hansen.devwp.dk\\\/no\\\/personvernerklaering\\\/\"]}]},{\"@type\":\"BreadcrumbList\",\"@id\":\"https:\\\/\\\/hansen.devwp.dk\\\/no\\\/personvernerklaering\\\/#breadcrumb\",\"itemListElement\":[{\"@type\":\"ListItem\",\"position\":1,\"name\":\"Home\",\"item\":\"https:\\\/\\\/hansen.devwp.dk\\\/no\\\/hjem-reise\\\/\"},{\"@type\":\"ListItem\",\"position\":2,\"name\":\"Personvernerkl\u00e6ring\"}]},{\"@type\":\"WebSite\",\"@id\":\"https:\\\/\\\/hansen.devwp.dk\\\/no\\\/#website\",\"url\":\"https:\\\/\\\/hansen.devwp.dk\\\/no\\\/\",\"name\":\"Hansen Realestate\",\"description\":\"\",\"publisher\":{\"@id\":\"https:\\\/\\\/hansen.devwp.dk\\\/no\\\/#organization\"},\"potentialAction\":[{\"@type\":\"SearchAction\",\"target\":{\"@type\":\"EntryPoint\",\"urlTemplate\":\"https:\\\/\\\/hansen.devwp.dk\\\/no\\\/?s={search_term_string}\"},\"query-input\":{\"@type\":\"PropertyValueSpecification\",\"valueRequired\":true,\"valueName\":\"search_term_string\"}}],\"inLanguage\":\"nb-NO\"},{\"@type\":\"Organization\",\"@id\":\"https:\\\/\\\/hansen.devwp.dk\\\/no\\\/#organization\",\"name\":\"Hansen Realestate\",\"url\":\"https:\\\/\\\/hansen.devwp.dk\\\/no\\\/\",\"logo\":{\"@type\":\"ImageObject\",\"inLanguage\":\"nb-NO\",\"@id\":\"https:\\\/\\\/hansen.devwp.dk\\\/no\\\/#\\\/schema\\\/logo\\\/image\\\/\",\"url\":\"https:\\\/\\\/hansen.devwp.dk\\\/wp-content\\\/uploads\\\/2025\\\/11\\\/logo_hansen1.png\",\"contentUrl\":\"https:\\\/\\\/hansen.devwp.dk\\\/wp-content\\\/uploads\\\/2025\\\/11\\\/logo_hansen1.png\",\"width\":250,\"height\":150,\"caption\":\"Hansen Realestate\"},\"image\":{\"@id\":\"https:\\\/\\\/hansen.devwp.dk\\\/no\\\/#\\\/schema\\\/logo\\\/image\\\/\"}}]}<\/script>\n<!-- \/ Yoast SEO plugin. -->","yoast_head_json":{"title":"Personvernerkl\u00e6ring | Hansen Real Estate","description":"Les hvordan Hansen Real Estate behandler personopplysninger p\u00e5 nettsiden, i tr\u00e5d med GDPR. Kontakt oss ved sp\u00f8rsm\u00e5l eller innsyn.","robots":{"index":"noindex","follow":"follow","max-snippet":"max-snippet:-1","max-image-preview":"max-image-preview:large","max-video-preview":"max-video-preview:-1"},"og_locale":"nb_NO","og_type":"article","og_title":"Personvernerkl\u00e6ring | Hansen Real Estate","og_description":"Les hvordan Hansen Real Estate behandler personopplysninger p\u00e5 nettsiden, i tr\u00e5d med GDPR. Kontakt oss ved sp\u00f8rsm\u00e5l eller innsyn.","og_url":"https:\/\/hansen.devwp.dk\/no\/personvernerklaering\/","og_site_name":"Hansen-Realestate","article_modified_time":"2026-02-16T08:11:27+00:00","twitter_card":"summary_large_image","twitter_misc":{"Ansl. lesetid":"9 minutter"},"schema":{"@context":"https:\/\/schema.org","@graph":[{"@type":"WebPage","@id":"https:\/\/hansen.devwp.dk\/no\/personvernerklaering\/","url":"https:\/\/hansen.devwp.dk\/no\/personvernerklaering\/","name":"Personvernerkl\u00e6ring | Hansen Real Estate","isPartOf":{"@id":"https:\/\/hansen.devwp.dk\/no\/#website"},"datePublished":"2025-12-22T08:54:50+00:00","dateModified":"2026-02-16T08:11:27+00:00","description":"Les hvordan Hansen Real Estate behandler personopplysninger p\u00e5 nettsiden, i tr\u00e5d med GDPR. Kontakt oss ved sp\u00f8rsm\u00e5l eller innsyn.","breadcrumb":{"@id":"https:\/\/hansen.devwp.dk\/no\/personvernerklaering\/#breadcrumb"},"inLanguage":"nb-NO","potentialAction":[{"@type":"ReadAction","target":["https:\/\/hansen.devwp.dk\/no\/personvernerklaering\/"]}]},{"@type":"BreadcrumbList","@id":"https:\/\/hansen.devwp.dk\/no\/personvernerklaering\/#breadcrumb","itemListElement":[{"@type":"ListItem","position":1,"name":"Home","item":"https:\/\/hansen.devwp.dk\/no\/hjem-reise\/"},{"@type":"ListItem","position":2,"name":"Personvernerkl\u00e6ring"}]},{"@type":"WebSite","@id":"https:\/\/hansen.devwp.dk\/no\/#website","url":"https:\/\/hansen.devwp.dk\/no\/","name":"Hansen Realestate","description":"","publisher":{"@id":"https:\/\/hansen.devwp.dk\/no\/#organization"},"potentialAction":[{"@type":"SearchAction","target":{"@type":"EntryPoint","urlTemplate":"https:\/\/hansen.devwp.dk\/no\/?s={search_term_string}"},"query-input":{"@type":"PropertyValueSpecification","valueRequired":true,"valueName":"search_term_string"}}],"inLanguage":"nb-NO"},{"@type":"Organization","@id":"https:\/\/hansen.devwp.dk\/no\/#organization","name":"Hansen Realestate","url":"https:\/\/hansen.devwp.dk\/no\/","logo":{"@type":"ImageObject","inLanguage":"nb-NO","@id":"https:\/\/hansen.devwp.dk\/no\/#\/schema\/logo\/image\/","url":"https:\/\/hansen.devwp.dk\/wp-content\/uploads\/2025\/11\/logo_hansen1.png","contentUrl":"https:\/\/hansen.devwp.dk\/wp-content\/uploads\/2025\/11\/logo_hansen1.png","width":250,"height":150,"caption":"Hansen Realestate"},"image":{"@id":"https:\/\/hansen.devwp.dk\/no\/#\/schema\/logo\/image\/"}}]}},"_links":{"self":[{"href":"https:\/\/hansen.devwp.dk\/no\/wp-json\/wp\/v2\/pages\/29977","targetHints":{"allow":["GET"]}}],"collection":[{"href":"https:\/\/hansen.devwp.dk\/no\/wp-json\/wp\/v2\/pages"}],"about":[{"href":"https:\/\/hansen.devwp.dk\/no\/wp-json\/wp\/v2\/types\/page"}],"author":[{"embeddable":true,"href":"https:\/\/hansen.devwp.dk\/no\/wp-json\/wp\/v2\/users\/1"}],"replies":[{"embeddable":true,"href":"https:\/\/hansen.devwp.dk\/no\/wp-json\/wp\/v2\/comments?post=29977"}],"version-history":[{"count":1,"href":"https:\/\/hansen.devwp.dk\/no\/wp-json\/wp\/v2\/pages\/29977\/revisions"}],"predecessor-version":[{"id":29978,"href":"https:\/\/hansen.devwp.dk\/no\/wp-json\/wp\/v2\/pages\/29977\/revisions\/29978"}],"wp:attachment":[{"href":"https:\/\/hansen.devwp.dk\/no\/wp-json\/wp\/v2\/media?parent=29977"}],"curies":[{"name":"wp","href":"https:\/\/api.w.org\/{rel}","templated":true}]}}