{"id":30151,"date":"2025-12-12T10:31:37","date_gmt":"2025-12-12T10:31:37","guid":{"rendered":"https:\/\/hansen.devwp.dk\/ved-ankomst\/"},"modified":"2026-02-16T08:18:13","modified_gmt":"2026-02-16T08:18:13","slug":"ved-ankomst","status":"publish","type":"page","link":"https:\/\/hansen.devwp.dk\/no\/ved-ankomst\/","title":{"rendered":"Ved ankomst"},"content":{"rendered":"\t\t<div data-elementor-type=\"wp-page\" data-elementor-id=\"30151\" class=\"elementor elementor-30151 elementor-29391\" data-elementor-post-type=\"page\">\n\t\t\t\t<div class=\"wd-negative-gap elementor-element elementor-element-7b80b75 wd-section-stretch e-flex e-con-boxed e-con e-parent\" data-id=\"7b80b75\" data-element_type=\"container\" data-e-type=\"container\" data-settings=\"{&quot;background_background&quot;:&quot;classic&quot;}\">\n\t\t\t\t\t<div class=\"e-con-inner\">\n\t\t\t\t<div class=\"elementor-element elementor-element-5b85eca elementor-widget elementor-widget-heading\" data-id=\"5b85eca\" data-element_type=\"widget\" data-e-type=\"widget\" data-widget_type=\"heading.default\">\n\t\t\t\t\t<h2 class=\"elementor-heading-title elementor-size-default\">Ved ankomst\n\n<\/h2>\t\t\t\t<\/div>\n\t\t\t\t<div class=\"elementor-element elementor-element-be6cafa elementor-widget elementor-widget-heading\" data-id=\"be6cafa\" data-element_type=\"widget\" data-e-type=\"widget\" data-widget_type=\"heading.default\">\n\t\t\t\t\t<h2 class=\"elementor-heading-title elementor-size-default\">S\u00e5 du har kommet til Spania for \u00e5 starte et nytt prosjekt!\n\n<\/h2>\t\t\t\t<\/div>\n\t\t\t\t<div class=\"elementor-element elementor-element-e9bcd9e text-center color-scheme-inherit elementor-widget elementor-widget-text-editor\" data-id=\"e9bcd9e\" data-element_type=\"widget\" data-e-type=\"widget\" data-widget_type=\"text-editor.default\">\n\t\t\t\t\t\t\t\t\t<div id=\"p8111117122510013\" class=\"Text Element tracking-in-expand-fwd-bottom golden item3\"><div class=\"contentContainer Size\"><div id=\"p8111117122510013_absfill\" class=\"absoluteFill\"><div id=\"p108310131151514112\" class=\"Text Element tracking-in-expand-fwd-bottom rating item3\"><div class=\"contentContainer Size\"><div id=\"p108310131151514112_absfill\" class=\"absoluteFill\"><div class=\"elementBorder BoxStyle\"><div class=\"elementContainer ContainerStyle\"><div class=\"ViewportRealm break_768 break_992 break_1200\"><p>Her vil vi forklare noen av trinnene du m\u00e5 ta, avhengig av din situasjon; vi hjelper deg med alt du m\u00e5tte trenge!<\/p><\/div><\/div><\/div><\/div><\/div><\/div><\/div><\/div><\/div>\t\t\t\t\t\t\t\t<\/div>\n\t\t\t\t\t<\/div>\n\t\t\t\t<\/div>\n\t\t<div class=\"wd-negative-gap elementor-element elementor-element-55ce352 wd-section-stretch e-flex e-con-boxed e-con e-parent\" data-id=\"55ce352\" data-element_type=\"container\" data-e-type=\"container\" data-settings=\"{&quot;background_background&quot;:&quot;classic&quot;}\">\n\t\t\t\t\t<div class=\"e-con-inner\">\n\t\t\t\t<div class=\"elementor-element elementor-element-4bb2ce8 elementor-widget elementor-widget-spacer\" data-id=\"4bb2ce8\" data-element_type=\"widget\" data-e-type=\"widget\" data-widget_type=\"spacer.default\">\n\t\t\t\t\t\t\t<div class=\"elementor-spacer\">\n\t\t\t<div class=\"elementor-spacer-inner\"><\/div>\n\t\t<\/div>\n\t\t\t\t\t\t<\/div>\n\t\t\t\t\t<\/div>\n\t\t\t\t<\/div>\n\t\t<div class=\"wd-negative-gap elementor-element elementor-element-10788d2 wd-section-stretch e-flex e-con-boxed e-con e-parent\" data-id=\"10788d2\" data-element_type=\"container\" data-e-type=\"container\" data-settings=\"{&quot;background_background&quot;:&quot;classic&quot;}\">\n\t\t\t\t\t<div class=\"e-con-inner\">\n\t\t<div class=\"elementor-element elementor-element-ceb7900 e-con-full e-flex e-con e-child\" data-id=\"ceb7900\" data-element_type=\"container\" data-e-type=\"container\">\n\t\t\t\t<div class=\"elementor-element elementor-element-22809ec color-scheme-inherit text-left elementor-widget elementor-widget-text-editor\" data-id=\"22809ec\" data-element_type=\"widget\" data-e-type=\"widget\" data-widget_type=\"text-editor.default\">\n\t\t\t\t\t\t\t\t\t<div id=\"p88119106615107\" class=\"Picture Element\"><div class=\"SEOElement\"><div class=\"contentContainer Size\"><div id=\"p88119106615107_absfill\" class=\"absoluteFill\"><div class=\"elementImgBG BgImg WebP\">F\u00f8rst, som du kanskje allerede har lest i v\u00e5r seksjon \u2018\u2019<a href=\"https:\/\/hansen.devwp.dk\/no\/ved-kjop\/\">n\u00e5r du kj\u00f8per<\/a>\u2019\u2019, er det f\u00f8rste du trenger et N.I.E.-nummer (N\u00famero de Identidad de Extranjero eller utlendingsidentifikasjonsnummer). Denne ID-en er n\u00f8dvendig hvis du \u00f8nsker \u00e5 operere p\u00e5 det spanske markedet \u2013 for eksempel n\u00e5r du kj\u00f8per en eiendom, hvis du planlegger \u00e5 jobbe her, studere, \u00e5pne en bankkonto\u2026 \u2013 eller hvis du skal v\u00e6re her i mer enn 90 dager. Sp\u00f8r oss om skjemaer og gebyrer, s\u00e5 hjelper vi deg.  <\/div><\/div><\/div><\/div><\/div><div id=\"p1081435721210683\" class=\"Text Element\"><div class=\"SEOElement\"><div class=\"contentContainer Size\"><div id=\"p1081435721210683_absfill\" class=\"absoluteFill\"><div class=\"elementBorder BoxStyle\"><div class=\"elementContainer ContainerStyle\"><div class=\"ViewportRealm break_480 break_768 break_992 break_1200\"><p>Hvis du planlegger \u00e5 bo og jobbe her permanent, trenger du ogs\u00e5 et trygdenummer; dette gjelder b\u00e5de ansatte og selvstendig n\u00e6ringsdrivende.<\/p><p>N\u00e5r N.I.E. er skaffet, trenger du selvf\u00f8lgelig et sted \u00e5 bo, enten ved \u00e5 leie eller kj\u00f8pe en eiendom. Vi st\u00e5r selvsagt til tjeneste for eventuelle sp\u00f8rsm\u00e5l du m\u00e5tte ha eller hjelp du m\u00e5tte trenge. Du kan lese mer om kj\u00f8psprosessen her.  <\/p><p>En bankkonto er ogs\u00e5 veldig viktig og et essensielt verkt\u00f8y for at du skal kunne operere; her kan vi ogs\u00e5 hjelpe deg med anbefalinger om n\u00f8dvendig.<\/p><p>N\u00e5r N.I.E., boligen og bankkontoen er ordnet, anbefaler vi at du endrer informasjonen i forsyningskontraktene for de tjenestene du har abonnert p\u00e5, og at du abonnerer p\u00e5 nye tjenester hvis du ikke allerede har gjort det. For eksempel med en privat helseforsikring. <\/p><\/div><\/div><\/div><\/div><\/div><\/div><\/div>\t\t\t\t\t\t\t\t<\/div>\n\t\t\t\t<\/div>\n\t\t<div class=\"elementor-element elementor-element-4623133 e-con-full e-flex e-con e-child\" data-id=\"4623133\" data-element_type=\"container\" data-e-type=\"container\">\n\t\t<div class=\"elementor-element elementor-element-d6c026b e-con-full e-flex e-con e-child\" data-id=\"d6c026b\" data-element_type=\"container\" data-e-type=\"container\">\n\t\t\t\t<div class=\"elementor-element elementor-element-530cd53 color-scheme-inherit text-left elementor-widget elementor-widget-text-editor\" data-id=\"530cd53\" data-element_type=\"widget\" data-e-type=\"widget\" data-widget_type=\"text-editor.default\">\n\t\t\t\t\t\t\t\t\t<div id=\"p11105649201291512\" class=\"Section siteSection siteSectionHero \" data-ispopup=\"\" data-popuptime=\"\" data-popuponmobile=\"\" data-popupopenlimit=\"\"><div class=\"SEOElement\"><div class=\"sectionBody\"><div id=\"p107111513169131492\" class=\"Text Element\"><div class=\"SEOElement\"><div class=\"contentContainer Size\"><div id=\"p107111513169131492_absfill\" class=\"absoluteFill\"><div class=\"elementBorder BoxStyle\"><div class=\"elementContainer ContainerStyle\"><div class=\"ViewportRealm break_480 break_768 break_992 break_1200\"><p>Alle disse trinnene er generelt relativt enkle, selv om byr\u00e5krati og lokale skikker til tider kan komplisere ting mer enn n\u00f8dvendig, men det er derfor vi er her; hvis du har sp\u00f8rsm\u00e5l eller trenger hjelp i denne nye delen av livet ditt, st\u00e5r vi til tjeneste.<\/p><\/div><\/div><\/div><\/div><\/div><\/div><\/div><\/div><\/div><\/div><div id=\"p875155581311382\" class=\"Section siteSection siteSectionHero \" data-ispopup=\"\" data-popuptime=\"\" data-popuponmobile=\"\" data-popupopenlimit=\"\"> <\/div>\t\t\t\t\t\t\t\t<\/div>\n\t\t\t\t<\/div>\n\t\t<div class=\"elementor-element elementor-element-7e0f4bd e-con-full e-flex e-con e-child\" data-id=\"7e0f4bd\" data-element_type=\"container\" data-e-type=\"container\">\n\t\t\t\t<div class=\"elementor-element elementor-element-25e0224 elementor-widget elementor-widget-image\" data-id=\"25e0224\" data-element_type=\"widget\" data-e-type=\"widget\" data-widget_type=\"image.default\">\n\t\t\t\t\t\t\t\t\t\t\t\t\t\t\t<img loading=\"lazy\" decoding=\"async\" width=\"536\" height=\"411\" src=\"https:\/\/hansen.devwp.dk\/wp-content\/uploads\/2025\/12\/passport.png\" class=\"attachment-large size-large wp-image-30153\" alt=\"\" srcset=\"https:\/\/hansen.devwp.dk\/wp-content\/uploads\/2025\/12\/passport.png 536w, https:\/\/hansen.devwp.dk\/wp-content\/uploads\/2025\/12\/passport-391x300.png 391w\" sizes=\"auto, (max-width: 536px) 100vw, 536px\" \/>\t\t\t\t\t\t\t\t\t\t\t\t\t\t\t<\/div>\n\t\t\t\t<\/div>\n\t\t\t\t<\/div>\n\t\t\t\t\t<\/div>\n\t\t\t\t<\/div>\n\t\t<div class=\"wd-negative-gap elementor-element elementor-element-a408581 wd-section-stretch e-flex e-con-boxed e-con e-parent\" data-id=\"a408581\" data-element_type=\"container\" data-e-type=\"container\" data-settings=\"{&quot;background_background&quot;:&quot;classic&quot;}\">\n\t\t\t\t\t<div class=\"e-con-inner\">\n\t\t\t\t<div class=\"elementor-element elementor-element-1f288b8 elementor-widget elementor-widget-spacer\" data-id=\"1f288b8\" data-element_type=\"widget\" data-e-type=\"widget\" data-widget_type=\"spacer.default\">\n\t\t\t\t\t\t\t<div class=\"elementor-spacer\">\n\t\t\t<div class=\"elementor-spacer-inner\"><\/div>\n\t\t<\/div>\n\t\t\t\t\t\t<\/div>\n\t\t\t\t\t<\/div>\n\t\t\t\t<\/div>\n\t\t\t\t<\/div>\n\t\t","protected":false},"excerpt":{"rendered":"<p>Ved ankomst S\u00e5 du har kommet til Spania for \u00e5 starte et nytt prosjekt! Her vil vi forklare noen av<\/p>\n","protected":false},"author":1,"featured_media":0,"parent":0,"menu_order":9,"comment_status":"closed","ping_status":"closed","template":"elementor_header_footer","meta":{"footnotes":""},"class_list":["post-30151","page","type-page","status-publish","hentry"],"yoast_head":"<!-- This site is optimized with the Yoast SEO plugin v27.3 - https:\/\/yoast.com\/product\/yoast-seo-wordpress\/ -->\n<title>Ved ankomst til Spania: NIE, bank og bolig<\/title>\n<meta name=\"description\" content=\"Praktisk guide ved ankomst til Spania: NIE-nummer, bankkonto, bolig og forsyningsavtaler. Hansen Real Estate hjelper deg trygt videre.\" \/>\n<meta name=\"robots\" content=\"noindex, follow, max-snippet:-1, max-image-preview:large, max-video-preview:-1\" \/>\n<meta property=\"og:locale\" content=\"nb_NO\" \/>\n<meta property=\"og:type\" content=\"article\" \/>\n<meta property=\"og:title\" content=\"Ved ankomst til Spania: NIE, bank og bolig\" \/>\n<meta property=\"og:description\" content=\"Praktisk guide ved ankomst til Spania: NIE-nummer, bankkonto, bolig og forsyningsavtaler. Hansen Real Estate hjelper deg trygt videre.\" \/>\n<meta property=\"og:url\" content=\"https:\/\/hansen.devwp.dk\/no\/ved-ankomst\/\" \/>\n<meta property=\"og:site_name\" content=\"Hansen-Realestate\" \/>\n<meta property=\"article:modified_time\" content=\"2026-02-16T08:18:13+00:00\" \/>\n<meta property=\"og:image\" content=\"https:\/\/hansen.devwp.dk\/wp-content\/uploads\/2025\/12\/passport.png\" \/>\n<meta name=\"twitter:card\" content=\"summary_large_image\" \/>\n<meta name=\"twitter:label1\" content=\"Ansl. lesetid\" \/>\n\t<meta name=\"twitter:data1\" content=\"2 minutter\" \/>\n<script type=\"application\/ld+json\" class=\"yoast-schema-graph\">{\"@context\":\"https:\\\/\\\/schema.org\",\"@graph\":[{\"@type\":\"WebPage\",\"@id\":\"https:\\\/\\\/hansen.devwp.dk\\\/no\\\/ved-ankomst\\\/\",\"url\":\"https:\\\/\\\/hansen.devwp.dk\\\/no\\\/ved-ankomst\\\/\",\"name\":\"Ved ankomst til Spania: NIE, bank og bolig\",\"isPartOf\":{\"@id\":\"https:\\\/\\\/hansen.devwp.dk\\\/no\\\/#website\"},\"primaryImageOfPage\":{\"@id\":\"https:\\\/\\\/hansen.devwp.dk\\\/no\\\/ved-ankomst\\\/#primaryimage\"},\"image\":{\"@id\":\"https:\\\/\\\/hansen.devwp.dk\\\/no\\\/ved-ankomst\\\/#primaryimage\"},\"thumbnailUrl\":\"https:\\\/\\\/hansen.devwp.dk\\\/wp-content\\\/uploads\\\/2025\\\/12\\\/passport.png\",\"datePublished\":\"2025-12-12T10:31:37+00:00\",\"dateModified\":\"2026-02-16T08:18:13+00:00\",\"description\":\"Praktisk guide ved ankomst til Spania: NIE-nummer, bankkonto, bolig og forsyningsavtaler. Hansen Real Estate hjelper deg trygt videre.\",\"breadcrumb\":{\"@id\":\"https:\\\/\\\/hansen.devwp.dk\\\/no\\\/ved-ankomst\\\/#breadcrumb\"},\"inLanguage\":\"nb-NO\",\"potentialAction\":[{\"@type\":\"ReadAction\",\"target\":[\"https:\\\/\\\/hansen.devwp.dk\\\/no\\\/ved-ankomst\\\/\"]}]},{\"@type\":\"ImageObject\",\"inLanguage\":\"nb-NO\",\"@id\":\"https:\\\/\\\/hansen.devwp.dk\\\/no\\\/ved-ankomst\\\/#primaryimage\",\"url\":\"https:\\\/\\\/hansen.devwp.dk\\\/wp-content\\\/uploads\\\/2025\\\/12\\\/passport.png\",\"contentUrl\":\"https:\\\/\\\/hansen.devwp.dk\\\/wp-content\\\/uploads\\\/2025\\\/12\\\/passport.png\"},{\"@type\":\"BreadcrumbList\",\"@id\":\"https:\\\/\\\/hansen.devwp.dk\\\/no\\\/ved-ankomst\\\/#breadcrumb\",\"itemListElement\":[{\"@type\":\"ListItem\",\"position\":1,\"name\":\"Home\",\"item\":\"https:\\\/\\\/hansen.devwp.dk\\\/no\\\/hjem-reise\\\/\"},{\"@type\":\"ListItem\",\"position\":2,\"name\":\"Ved ankomst\"}]},{\"@type\":\"WebSite\",\"@id\":\"https:\\\/\\\/hansen.devwp.dk\\\/no\\\/#website\",\"url\":\"https:\\\/\\\/hansen.devwp.dk\\\/no\\\/\",\"name\":\"Hansen Realestate\",\"description\":\"\",\"publisher\":{\"@id\":\"https:\\\/\\\/hansen.devwp.dk\\\/no\\\/#organization\"},\"potentialAction\":[{\"@type\":\"SearchAction\",\"target\":{\"@type\":\"EntryPoint\",\"urlTemplate\":\"https:\\\/\\\/hansen.devwp.dk\\\/no\\\/?s={search_term_string}\"},\"query-input\":{\"@type\":\"PropertyValueSpecification\",\"valueRequired\":true,\"valueName\":\"search_term_string\"}}],\"inLanguage\":\"nb-NO\"},{\"@type\":\"Organization\",\"@id\":\"https:\\\/\\\/hansen.devwp.dk\\\/no\\\/#organization\",\"name\":\"Hansen Realestate\",\"url\":\"https:\\\/\\\/hansen.devwp.dk\\\/no\\\/\",\"logo\":{\"@type\":\"ImageObject\",\"inLanguage\":\"nb-NO\",\"@id\":\"https:\\\/\\\/hansen.devwp.dk\\\/no\\\/#\\\/schema\\\/logo\\\/image\\\/\",\"url\":\"https:\\\/\\\/hansen.devwp.dk\\\/wp-content\\\/uploads\\\/2025\\\/11\\\/logo_hansen1.png\",\"contentUrl\":\"https:\\\/\\\/hansen.devwp.dk\\\/wp-content\\\/uploads\\\/2025\\\/11\\\/logo_hansen1.png\",\"width\":250,\"height\":150,\"caption\":\"Hansen Realestate\"},\"image\":{\"@id\":\"https:\\\/\\\/hansen.devwp.dk\\\/no\\\/#\\\/schema\\\/logo\\\/image\\\/\"}}]}<\/script>\n<!-- \/ Yoast SEO plugin. -->","yoast_head_json":{"title":"Ved ankomst til Spania: NIE, bank og bolig","description":"Praktisk guide ved ankomst til Spania: NIE-nummer, bankkonto, bolig og forsyningsavtaler. Hansen Real Estate hjelper deg trygt videre.","robots":{"index":"noindex","follow":"follow","max-snippet":"max-snippet:-1","max-image-preview":"max-image-preview:large","max-video-preview":"max-video-preview:-1"},"og_locale":"nb_NO","og_type":"article","og_title":"Ved ankomst til Spania: NIE, bank og bolig","og_description":"Praktisk guide ved ankomst til Spania: NIE-nummer, bankkonto, bolig og forsyningsavtaler. Hansen Real Estate hjelper deg trygt videre.","og_url":"https:\/\/hansen.devwp.dk\/no\/ved-ankomst\/","og_site_name":"Hansen-Realestate","article_modified_time":"2026-02-16T08:18:13+00:00","og_image":[{"url":"https:\/\/hansen.devwp.dk\/wp-content\/uploads\/2025\/12\/passport.png","type":"","width":"","height":""}],"twitter_card":"summary_large_image","twitter_misc":{"Ansl. lesetid":"2 minutter"},"schema":{"@context":"https:\/\/schema.org","@graph":[{"@type":"WebPage","@id":"https:\/\/hansen.devwp.dk\/no\/ved-ankomst\/","url":"https:\/\/hansen.devwp.dk\/no\/ved-ankomst\/","name":"Ved ankomst til Spania: NIE, bank og bolig","isPartOf":{"@id":"https:\/\/hansen.devwp.dk\/no\/#website"},"primaryImageOfPage":{"@id":"https:\/\/hansen.devwp.dk\/no\/ved-ankomst\/#primaryimage"},"image":{"@id":"https:\/\/hansen.devwp.dk\/no\/ved-ankomst\/#primaryimage"},"thumbnailUrl":"https:\/\/hansen.devwp.dk\/wp-content\/uploads\/2025\/12\/passport.png","datePublished":"2025-12-12T10:31:37+00:00","dateModified":"2026-02-16T08:18:13+00:00","description":"Praktisk guide ved ankomst til Spania: NIE-nummer, bankkonto, bolig og forsyningsavtaler. Hansen Real Estate hjelper deg trygt videre.","breadcrumb":{"@id":"https:\/\/hansen.devwp.dk\/no\/ved-ankomst\/#breadcrumb"},"inLanguage":"nb-NO","potentialAction":[{"@type":"ReadAction","target":["https:\/\/hansen.devwp.dk\/no\/ved-ankomst\/"]}]},{"@type":"ImageObject","inLanguage":"nb-NO","@id":"https:\/\/hansen.devwp.dk\/no\/ved-ankomst\/#primaryimage","url":"https:\/\/hansen.devwp.dk\/wp-content\/uploads\/2025\/12\/passport.png","contentUrl":"https:\/\/hansen.devwp.dk\/wp-content\/uploads\/2025\/12\/passport.png"},{"@type":"BreadcrumbList","@id":"https:\/\/hansen.devwp.dk\/no\/ved-ankomst\/#breadcrumb","itemListElement":[{"@type":"ListItem","position":1,"name":"Home","item":"https:\/\/hansen.devwp.dk\/no\/hjem-reise\/"},{"@type":"ListItem","position":2,"name":"Ved ankomst"}]},{"@type":"WebSite","@id":"https:\/\/hansen.devwp.dk\/no\/#website","url":"https:\/\/hansen.devwp.dk\/no\/","name":"Hansen Realestate","description":"","publisher":{"@id":"https:\/\/hansen.devwp.dk\/no\/#organization"},"potentialAction":[{"@type":"SearchAction","target":{"@type":"EntryPoint","urlTemplate":"https:\/\/hansen.devwp.dk\/no\/?s={search_term_string}"},"query-input":{"@type":"PropertyValueSpecification","valueRequired":true,"valueName":"search_term_string"}}],"inLanguage":"nb-NO"},{"@type":"Organization","@id":"https:\/\/hansen.devwp.dk\/no\/#organization","name":"Hansen Realestate","url":"https:\/\/hansen.devwp.dk\/no\/","logo":{"@type":"ImageObject","inLanguage":"nb-NO","@id":"https:\/\/hansen.devwp.dk\/no\/#\/schema\/logo\/image\/","url":"https:\/\/hansen.devwp.dk\/wp-content\/uploads\/2025\/11\/logo_hansen1.png","contentUrl":"https:\/\/hansen.devwp.dk\/wp-content\/uploads\/2025\/11\/logo_hansen1.png","width":250,"height":150,"caption":"Hansen Realestate"},"image":{"@id":"https:\/\/hansen.devwp.dk\/no\/#\/schema\/logo\/image\/"}}]}},"_links":{"self":[{"href":"https:\/\/hansen.devwp.dk\/no\/wp-json\/wp\/v2\/pages\/30151","targetHints":{"allow":["GET"]}}],"collection":[{"href":"https:\/\/hansen.devwp.dk\/no\/wp-json\/wp\/v2\/pages"}],"about":[{"href":"https:\/\/hansen.devwp.dk\/no\/wp-json\/wp\/v2\/types\/page"}],"author":[{"embeddable":true,"href":"https:\/\/hansen.devwp.dk\/no\/wp-json\/wp\/v2\/users\/1"}],"replies":[{"embeddable":true,"href":"https:\/\/hansen.devwp.dk\/no\/wp-json\/wp\/v2\/comments?post=30151"}],"version-history":[{"count":1,"href":"https:\/\/hansen.devwp.dk\/no\/wp-json\/wp\/v2\/pages\/30151\/revisions"}],"predecessor-version":[{"id":30154,"href":"https:\/\/hansen.devwp.dk\/no\/wp-json\/wp\/v2\/pages\/30151\/revisions\/30154"}],"wp:attachment":[{"href":"https:\/\/hansen.devwp.dk\/no\/wp-json\/wp\/v2\/media?parent=30151"}],"curies":[{"name":"wp","href":"https:\/\/api.w.org\/{rel}","templated":true}]}}