{"id":29799,"date":"2025-12-06T20:41:35","date_gmt":"2025-12-06T20:41:35","guid":{"rendered":"https:\/\/hansen.devwp.dk\/nyproduktion\/"},"modified":"2026-02-16T08:04:55","modified_gmt":"2026-02-16T08:04:55","slug":"nyproduktion","status":"publish","type":"page","link":"https:\/\/hansen.devwp.dk\/sv\/nyproduktion\/","title":{"rendered":"Nyproduktion"},"content":{"rendered":"\t\t<div data-elementor-type=\"wp-page\" data-elementor-id=\"29799\" class=\"elementor elementor-29799 elementor-29313\" data-elementor-post-type=\"page\">\n\t\t\t\t<div class=\"wd-negative-gap elementor-element elementor-element-804f15e e-flex e-con-boxed e-con e-parent\" data-id=\"804f15e\" data-element_type=\"container\" data-e-type=\"container\">\n\t\t\t\t\t<div class=\"e-con-inner\">\n\t\t\t\t<div class=\"elementor-element elementor-element-c4e5eb6 elementor-widget elementor-widget-shortcode\" data-id=\"c4e5eb6\" data-element_type=\"widget\" data-e-type=\"widget\" data-widget_type=\"shortcode.default\">\n\t\t\t\t\t\t\t<div class=\"elementor-shortcode\"><p class=\"ego-hansen-error\">Utveckling hittades inte.<\/p>\n<\/div>\n\t\t\t\t\t\t<\/div>\n\t\t\t\t\t<\/div>\n\t\t\t\t<\/div>\n\t\t\t\t<\/div>\n\t\t","protected":false},"excerpt":{"rendered":"","protected":false},"author":1,"featured_media":0,"parent":0,"menu_order":3,"comment_status":"closed","ping_status":"closed","template":"elementor_header_footer","meta":{"footnotes":""},"class_list":["post-29799","page","type-page","status-publish","hentry"],"yoast_head":"<!-- This site is optimized with the Yoast SEO plugin v27.3 - https:\/\/yoast.com\/product\/yoast-seo-wordpress\/ -->\n<title>Nyproduktion p\u00e5 Costa del Sol | Hansen Real Estate<\/title>\n<meta name=\"description\" content=\"Se nyproduktion p\u00e5 Costa del Sol: l\u00e4genheter, villor, radhus och penthouse. Trygg v\u00e4gledning hela v\u00e4gen. Kontakta oss f\u00f6r visning.\" \/>\n<meta name=\"robots\" content=\"noindex, follow, max-snippet:-1, max-image-preview:large, max-video-preview:-1\" \/>\n<meta property=\"og:locale\" content=\"sv_SE\" \/>\n<meta property=\"og:type\" content=\"article\" \/>\n<meta property=\"og:title\" content=\"Nyproduktion p\u00e5 Costa del Sol | Hansen Real Estate\" \/>\n<meta property=\"og:description\" content=\"Se nyproduktion p\u00e5 Costa del Sol: l\u00e4genheter, villor, radhus och penthouse. Trygg v\u00e4gledning hela v\u00e4gen. Kontakta oss f\u00f6r visning.\" \/>\n<meta property=\"og:url\" content=\"https:\/\/hansen.devwp.dk\/sv\/nyproduktion\/\" \/>\n<meta property=\"og:site_name\" content=\"Hansen-Realestate\" \/>\n<meta property=\"article:modified_time\" content=\"2026-02-16T08:04:55+00:00\" \/>\n<meta name=\"twitter:card\" content=\"summary_large_image\" \/>\n<script type=\"application\/ld+json\" class=\"yoast-schema-graph\">{\"@context\":\"https:\\\/\\\/schema.org\",\"@graph\":[{\"@type\":\"WebPage\",\"@id\":\"https:\\\/\\\/hansen.devwp.dk\\\/sv\\\/nyproduktion\\\/\",\"url\":\"https:\\\/\\\/hansen.devwp.dk\\\/sv\\\/nyproduktion\\\/\",\"name\":\"Nyproduktion p\u00e5 Costa del Sol | Hansen Real Estate\",\"isPartOf\":{\"@id\":\"https:\\\/\\\/hansen.devwp.dk\\\/sv\\\/#website\"},\"datePublished\":\"2025-12-06T20:41:35+00:00\",\"dateModified\":\"2026-02-16T08:04:55+00:00\",\"description\":\"Se nyproduktion p\u00e5 Costa del Sol: l\u00e4genheter, villor, radhus och penthouse. Trygg v\u00e4gledning hela v\u00e4gen. Kontakta oss f\u00f6r visning.\",\"breadcrumb\":{\"@id\":\"https:\\\/\\\/hansen.devwp.dk\\\/sv\\\/nyproduktion\\\/#breadcrumb\"},\"inLanguage\":\"sv-SE\",\"potentialAction\":[{\"@type\":\"ReadAction\",\"target\":[\"https:\\\/\\\/hansen.devwp.dk\\\/sv\\\/nyproduktion\\\/\"]}]},{\"@type\":\"BreadcrumbList\",\"@id\":\"https:\\\/\\\/hansen.devwp.dk\\\/sv\\\/nyproduktion\\\/#breadcrumb\",\"itemListElement\":[{\"@type\":\"ListItem\",\"position\":1,\"name\":\"Home\",\"item\":\"https:\\\/\\\/hansen.devwp.dk\\\/sv\\\/hemresor\\\/\"},{\"@type\":\"ListItem\",\"position\":2,\"name\":\"Nyproduktion\"}]},{\"@type\":\"WebSite\",\"@id\":\"https:\\\/\\\/hansen.devwp.dk\\\/sv\\\/#website\",\"url\":\"https:\\\/\\\/hansen.devwp.dk\\\/sv\\\/\",\"name\":\"Hansen Realestate\",\"description\":\"\",\"publisher\":{\"@id\":\"https:\\\/\\\/hansen.devwp.dk\\\/sv\\\/#organization\"},\"potentialAction\":[{\"@type\":\"SearchAction\",\"target\":{\"@type\":\"EntryPoint\",\"urlTemplate\":\"https:\\\/\\\/hansen.devwp.dk\\\/sv\\\/?s={search_term_string}\"},\"query-input\":{\"@type\":\"PropertyValueSpecification\",\"valueRequired\":true,\"valueName\":\"search_term_string\"}}],\"inLanguage\":\"sv-SE\"},{\"@type\":\"Organization\",\"@id\":\"https:\\\/\\\/hansen.devwp.dk\\\/sv\\\/#organization\",\"name\":\"Hansen Realestate\",\"url\":\"https:\\\/\\\/hansen.devwp.dk\\\/sv\\\/\",\"logo\":{\"@type\":\"ImageObject\",\"inLanguage\":\"sv-SE\",\"@id\":\"https:\\\/\\\/hansen.devwp.dk\\\/sv\\\/#\\\/schema\\\/logo\\\/image\\\/\",\"url\":\"https:\\\/\\\/hansen.devwp.dk\\\/wp-content\\\/uploads\\\/2025\\\/11\\\/logo_hansen1.png\",\"contentUrl\":\"https:\\\/\\\/hansen.devwp.dk\\\/wp-content\\\/uploads\\\/2025\\\/11\\\/logo_hansen1.png\",\"width\":250,\"height\":150,\"caption\":\"Hansen Realestate\"},\"image\":{\"@id\":\"https:\\\/\\\/hansen.devwp.dk\\\/sv\\\/#\\\/schema\\\/logo\\\/image\\\/\"}}]}<\/script>\n<!-- \/ Yoast SEO plugin. -->","yoast_head_json":{"title":"Nyproduktion p\u00e5 Costa del Sol | Hansen Real Estate","description":"Se nyproduktion p\u00e5 Costa del Sol: l\u00e4genheter, villor, radhus och penthouse. Trygg v\u00e4gledning hela v\u00e4gen. Kontakta oss f\u00f6r visning.","robots":{"index":"noindex","follow":"follow","max-snippet":"max-snippet:-1","max-image-preview":"max-image-preview:large","max-video-preview":"max-video-preview:-1"},"og_locale":"sv_SE","og_type":"article","og_title":"Nyproduktion p\u00e5 Costa del Sol | Hansen Real Estate","og_description":"Se nyproduktion p\u00e5 Costa del Sol: l\u00e4genheter, villor, radhus och penthouse. Trygg v\u00e4gledning hela v\u00e4gen. Kontakta oss f\u00f6r visning.","og_url":"https:\/\/hansen.devwp.dk\/sv\/nyproduktion\/","og_site_name":"Hansen-Realestate","article_modified_time":"2026-02-16T08:04:55+00:00","twitter_card":"summary_large_image","schema":{"@context":"https:\/\/schema.org","@graph":[{"@type":"WebPage","@id":"https:\/\/hansen.devwp.dk\/sv\/nyproduktion\/","url":"https:\/\/hansen.devwp.dk\/sv\/nyproduktion\/","name":"Nyproduktion p\u00e5 Costa del Sol | Hansen Real Estate","isPartOf":{"@id":"https:\/\/hansen.devwp.dk\/sv\/#website"},"datePublished":"2025-12-06T20:41:35+00:00","dateModified":"2026-02-16T08:04:55+00:00","description":"Se nyproduktion p\u00e5 Costa del Sol: l\u00e4genheter, villor, radhus och penthouse. Trygg v\u00e4gledning hela v\u00e4gen. Kontakta oss f\u00f6r visning.","breadcrumb":{"@id":"https:\/\/hansen.devwp.dk\/sv\/nyproduktion\/#breadcrumb"},"inLanguage":"sv-SE","potentialAction":[{"@type":"ReadAction","target":["https:\/\/hansen.devwp.dk\/sv\/nyproduktion\/"]}]},{"@type":"BreadcrumbList","@id":"https:\/\/hansen.devwp.dk\/sv\/nyproduktion\/#breadcrumb","itemListElement":[{"@type":"ListItem","position":1,"name":"Home","item":"https:\/\/hansen.devwp.dk\/sv\/hemresor\/"},{"@type":"ListItem","position":2,"name":"Nyproduktion"}]},{"@type":"WebSite","@id":"https:\/\/hansen.devwp.dk\/sv\/#website","url":"https:\/\/hansen.devwp.dk\/sv\/","name":"Hansen Realestate","description":"","publisher":{"@id":"https:\/\/hansen.devwp.dk\/sv\/#organization"},"potentialAction":[{"@type":"SearchAction","target":{"@type":"EntryPoint","urlTemplate":"https:\/\/hansen.devwp.dk\/sv\/?s={search_term_string}"},"query-input":{"@type":"PropertyValueSpecification","valueRequired":true,"valueName":"search_term_string"}}],"inLanguage":"sv-SE"},{"@type":"Organization","@id":"https:\/\/hansen.devwp.dk\/sv\/#organization","name":"Hansen Realestate","url":"https:\/\/hansen.devwp.dk\/sv\/","logo":{"@type":"ImageObject","inLanguage":"sv-SE","@id":"https:\/\/hansen.devwp.dk\/sv\/#\/schema\/logo\/image\/","url":"https:\/\/hansen.devwp.dk\/wp-content\/uploads\/2025\/11\/logo_hansen1.png","contentUrl":"https:\/\/hansen.devwp.dk\/wp-content\/uploads\/2025\/11\/logo_hansen1.png","width":250,"height":150,"caption":"Hansen Realestate"},"image":{"@id":"https:\/\/hansen.devwp.dk\/sv\/#\/schema\/logo\/image\/"}}]}},"_links":{"self":[{"href":"https:\/\/hansen.devwp.dk\/sv\/wp-json\/wp\/v2\/pages\/29799","targetHints":{"allow":["GET"]}}],"collection":[{"href":"https:\/\/hansen.devwp.dk\/sv\/wp-json\/wp\/v2\/pages"}],"about":[{"href":"https:\/\/hansen.devwp.dk\/sv\/wp-json\/wp\/v2\/types\/page"}],"author":[{"embeddable":true,"href":"https:\/\/hansen.devwp.dk\/sv\/wp-json\/wp\/v2\/users\/1"}],"replies":[{"embeddable":true,"href":"https:\/\/hansen.devwp.dk\/sv\/wp-json\/wp\/v2\/comments?post=29799"}],"version-history":[{"count":1,"href":"https:\/\/hansen.devwp.dk\/sv\/wp-json\/wp\/v2\/pages\/29799\/revisions"}],"predecessor-version":[{"id":29800,"href":"https:\/\/hansen.devwp.dk\/sv\/wp-json\/wp\/v2\/pages\/29799\/revisions\/29800"}],"wp:attachment":[{"href":"https:\/\/hansen.devwp.dk\/sv\/wp-json\/wp\/v2\/media?parent=29799"}],"curies":[{"name":"wp","href":"https:\/\/api.w.org\/{rel}","templated":true}]}}