{"id":29854,"date":"2025-12-12T08:46:30","date_gmt":"2025-12-12T08:46:30","guid":{"rendered":"https:\/\/hansen.devwp.dk\/kundservice\/"},"modified":"2026-02-16T08:06:40","modified_gmt":"2026-02-16T08:06:40","slug":"kundservice","status":"publish","type":"page","link":"https:\/\/hansen.devwp.dk\/sv\/kundservice\/","title":{"rendered":"KUNDSERVICE"},"content":{"rendered":"\t\t<div data-elementor-type=\"wp-page\" data-elementor-id=\"29854\" class=\"elementor elementor-29854 elementor-29348\" data-elementor-post-type=\"page\">\n\t\t\t\t<div class=\"wd-negative-gap elementor-element elementor-element-ac24f6b e-flex e-con-boxed e-con e-parent\" data-id=\"ac24f6b\" data-element_type=\"container\" data-e-type=\"container\">\n\t\t\t\t\t<div class=\"e-con-inner\">\n\t\t\t\t<div class=\"elementor-element elementor-element-5f47cad elementor-widget elementor-widget-heading\" data-id=\"5f47cad\" data-element_type=\"widget\" data-e-type=\"widget\" data-widget_type=\"heading.default\">\n\t\t\t\t\t<h2 class=\"elementor-heading-title elementor-size-default\">Tj\u00e4nster<\/h2>\t\t\t\t<\/div>\n\t\t\t\t<div class=\"elementor-element elementor-element-c3ac937 color-scheme-inherit text-left elementor-widget elementor-widget-text-editor\" data-id=\"c3ac937\" data-element_type=\"widget\" data-e-type=\"widget\" data-widget_type=\"text-editor.default\">\n\t\t\t\t\t\t\t\t\t<div id=\"p1111142441585141\" class=\"Text Element align\"><div class=\"SEOElement\"><div class=\"contentContainer Size\"><div id=\"p1111142441585141_absfill\" class=\"absoluteFill\"><div class=\"elementBorder BoxStyle\"><div class=\"elementContainer ContainerStyle\"><div class=\"ViewportRealm break_320 break_480 break_768 break_992 break_1200\"><p>Vad du \u00e4n kan t\u00e4nkas beh\u00f6va, s\u00e5 finns vi d\u00e4r<\/p><\/div><\/div><\/div><\/div><\/div><\/div><\/div>\t\t\t\t\t\t\t\t<\/div>\n\t\t\t\t\t<\/div>\n\t\t\t\t<\/div>\n\t\t<div class=\"wd-negative-gap elementor-element elementor-element-98f78fc e-grid e-con-boxed e-con e-parent\" data-id=\"98f78fc\" data-element_type=\"container\" data-e-type=\"container\">\n\t\t\t\t\t<div class=\"e-con-inner\">\n\t\t<div class=\"elementor-element elementor-element-e137be6 e-con-full e-flex e-con e-child\" data-id=\"e137be6\" data-element_type=\"container\" data-e-type=\"container\" data-settings=\"{&quot;background_background&quot;:&quot;classic&quot;}\">\n\t\t\t\t<div class=\"elementor-element elementor-element-202a7c7 elementor-widget elementor-widget-heading\" data-id=\"202a7c7\" data-element_type=\"widget\" data-e-type=\"widget\" data-widget_type=\"heading.default\">\n\t\t\t\t\t<h2 class=\"elementor-heading-title elementor-size-default\">\nN\u00e4r du k\u00f6per<\/h2>\t\t\t\t<\/div>\n\t\t\t\t<\/div>\n\t\t<div class=\"elementor-element elementor-element-b82df3d e-con-full e-flex e-con e-child\" data-id=\"b82df3d\" data-element_type=\"container\" data-e-type=\"container\" data-settings=\"{&quot;background_background&quot;:&quot;classic&quot;}\">\n\t\t\t\t<div class=\"elementor-element elementor-element-25d40b3 elementor-widget elementor-widget-heading\" data-id=\"25d40b3\" data-element_type=\"widget\" data-e-type=\"widget\" data-widget_type=\"heading.default\">\n\t\t\t\t\t<h2 class=\"elementor-heading-title elementor-size-default\">N\u00e4r du s\u00e4ljer<\/h2>\t\t\t\t<\/div>\n\t\t\t\t<\/div>\n\t\t<div class=\"elementor-element elementor-element-83abd77 e-con-full e-flex e-con e-child\" data-id=\"83abd77\" data-element_type=\"container\" data-e-type=\"container\" data-settings=\"{&quot;background_background&quot;:&quot;classic&quot;}\">\n\t\t\t\t<div class=\"elementor-element elementor-element-d0ef06d elementor-widget elementor-widget-heading\" data-id=\"d0ef06d\" data-element_type=\"widget\" data-e-type=\"widget\" data-widget_type=\"heading.default\">\n\t\t\t\t\t<h2 class=\"elementor-heading-title elementor-size-default\">\n\nN\u00e4r du anl\u00e4nder<\/h2>\t\t\t\t<\/div>\n\t\t\t\t<\/div>\n\t\t\t\t\t<\/div>\n\t\t\t\t<\/div>\n\t\t\t\t<\/div>\n\t\t","protected":false},"excerpt":{"rendered":"<p>Tj\u00e4nster Vad du \u00e4n kan t\u00e4nkas beh\u00f6va, s\u00e5 finns vi d\u00e4r N\u00e4r du k\u00f6per N\u00e4r du s\u00e4ljer N\u00e4r du anl\u00e4nder<\/p>\n","protected":false},"author":1,"featured_media":0,"parent":0,"menu_order":8,"comment_status":"closed","ping_status":"closed","template":"elementor_header_footer","meta":{"footnotes":""},"class_list":["post-29854","page","type-page","status-publish","hentry"],"yoast_head":"<!-- This site is optimized with the Yoast SEO plugin v27.3 - https:\/\/yoast.com\/product\/yoast-seo-wordpress\/ -->\n<title>Kundservice p\u00e5 Costa del Sol | Hansen Real Estate<\/title>\n<meta name=\"description\" content=\"Trygg hj\u00e4lp n\u00e4r du k\u00f6per, s\u00e4ljer och anl\u00e4nder p\u00e5 Costa del Sol. Personlig service och tydlig v\u00e4gledning hela v\u00e4gen. Kontakta oss.\" \/>\n<meta name=\"robots\" content=\"noindex, follow, max-snippet:-1, max-image-preview:large, max-video-preview:-1\" \/>\n<meta property=\"og:locale\" content=\"sv_SE\" \/>\n<meta property=\"og:type\" content=\"article\" \/>\n<meta property=\"og:title\" content=\"Kundservice p\u00e5 Costa del Sol | Hansen Real Estate\" \/>\n<meta property=\"og:description\" content=\"Trygg hj\u00e4lp n\u00e4r du k\u00f6per, s\u00e4ljer och anl\u00e4nder p\u00e5 Costa del Sol. Personlig service och tydlig v\u00e4gledning hela v\u00e4gen. Kontakta oss.\" \/>\n<meta property=\"og:url\" content=\"https:\/\/hansen.devwp.dk\/sv\/kundservice\/\" \/>\n<meta property=\"og:site_name\" content=\"Hansen-Realestate\" \/>\n<meta property=\"article:modified_time\" content=\"2026-02-16T08:06:40+00:00\" \/>\n<meta name=\"twitter:card\" content=\"summary_large_image\" \/>\n<script type=\"application\/ld+json\" class=\"yoast-schema-graph\">{\"@context\":\"https:\\\/\\\/schema.org\",\"@graph\":[{\"@type\":\"WebPage\",\"@id\":\"https:\\\/\\\/hansen.devwp.dk\\\/sv\\\/kundservice\\\/\",\"url\":\"https:\\\/\\\/hansen.devwp.dk\\\/sv\\\/kundservice\\\/\",\"name\":\"Kundservice p\u00e5 Costa del Sol | Hansen Real Estate\",\"isPartOf\":{\"@id\":\"https:\\\/\\\/hansen.devwp.dk\\\/sv\\\/#website\"},\"datePublished\":\"2025-12-12T08:46:30+00:00\",\"dateModified\":\"2026-02-16T08:06:40+00:00\",\"description\":\"Trygg hj\u00e4lp n\u00e4r du k\u00f6per, s\u00e4ljer och anl\u00e4nder p\u00e5 Costa del Sol. Personlig service och tydlig v\u00e4gledning hela v\u00e4gen. Kontakta oss.\",\"breadcrumb\":{\"@id\":\"https:\\\/\\\/hansen.devwp.dk\\\/sv\\\/kundservice\\\/#breadcrumb\"},\"inLanguage\":\"sv-SE\",\"potentialAction\":[{\"@type\":\"ReadAction\",\"target\":[\"https:\\\/\\\/hansen.devwp.dk\\\/sv\\\/kundservice\\\/\"]}]},{\"@type\":\"BreadcrumbList\",\"@id\":\"https:\\\/\\\/hansen.devwp.dk\\\/sv\\\/kundservice\\\/#breadcrumb\",\"itemListElement\":[{\"@type\":\"ListItem\",\"position\":1,\"name\":\"Home\",\"item\":\"https:\\\/\\\/hansen.devwp.dk\\\/sv\\\/hemresor\\\/\"},{\"@type\":\"ListItem\",\"position\":2,\"name\":\"KUNDSERVICE\"}]},{\"@type\":\"WebSite\",\"@id\":\"https:\\\/\\\/hansen.devwp.dk\\\/sv\\\/#website\",\"url\":\"https:\\\/\\\/hansen.devwp.dk\\\/sv\\\/\",\"name\":\"Hansen Realestate\",\"description\":\"\",\"publisher\":{\"@id\":\"https:\\\/\\\/hansen.devwp.dk\\\/sv\\\/#organization\"},\"potentialAction\":[{\"@type\":\"SearchAction\",\"target\":{\"@type\":\"EntryPoint\",\"urlTemplate\":\"https:\\\/\\\/hansen.devwp.dk\\\/sv\\\/?s={search_term_string}\"},\"query-input\":{\"@type\":\"PropertyValueSpecification\",\"valueRequired\":true,\"valueName\":\"search_term_string\"}}],\"inLanguage\":\"sv-SE\"},{\"@type\":\"Organization\",\"@id\":\"https:\\\/\\\/hansen.devwp.dk\\\/sv\\\/#organization\",\"name\":\"Hansen Realestate\",\"url\":\"https:\\\/\\\/hansen.devwp.dk\\\/sv\\\/\",\"logo\":{\"@type\":\"ImageObject\",\"inLanguage\":\"sv-SE\",\"@id\":\"https:\\\/\\\/hansen.devwp.dk\\\/sv\\\/#\\\/schema\\\/logo\\\/image\\\/\",\"url\":\"https:\\\/\\\/hansen.devwp.dk\\\/wp-content\\\/uploads\\\/2025\\\/11\\\/logo_hansen1.png\",\"contentUrl\":\"https:\\\/\\\/hansen.devwp.dk\\\/wp-content\\\/uploads\\\/2025\\\/11\\\/logo_hansen1.png\",\"width\":250,\"height\":150,\"caption\":\"Hansen Realestate\"},\"image\":{\"@id\":\"https:\\\/\\\/hansen.devwp.dk\\\/sv\\\/#\\\/schema\\\/logo\\\/image\\\/\"}}]}<\/script>\n<!-- \/ Yoast SEO plugin. -->","yoast_head_json":{"title":"Kundservice p\u00e5 Costa del Sol | Hansen Real Estate","description":"Trygg hj\u00e4lp n\u00e4r du k\u00f6per, s\u00e4ljer och anl\u00e4nder p\u00e5 Costa del Sol. Personlig service och tydlig v\u00e4gledning hela v\u00e4gen. Kontakta oss.","robots":{"index":"noindex","follow":"follow","max-snippet":"max-snippet:-1","max-image-preview":"max-image-preview:large","max-video-preview":"max-video-preview:-1"},"og_locale":"sv_SE","og_type":"article","og_title":"Kundservice p\u00e5 Costa del Sol | Hansen Real Estate","og_description":"Trygg hj\u00e4lp n\u00e4r du k\u00f6per, s\u00e4ljer och anl\u00e4nder p\u00e5 Costa del Sol. Personlig service och tydlig v\u00e4gledning hela v\u00e4gen. Kontakta oss.","og_url":"https:\/\/hansen.devwp.dk\/sv\/kundservice\/","og_site_name":"Hansen-Realestate","article_modified_time":"2026-02-16T08:06:40+00:00","twitter_card":"summary_large_image","schema":{"@context":"https:\/\/schema.org","@graph":[{"@type":"WebPage","@id":"https:\/\/hansen.devwp.dk\/sv\/kundservice\/","url":"https:\/\/hansen.devwp.dk\/sv\/kundservice\/","name":"Kundservice p\u00e5 Costa del Sol | Hansen Real Estate","isPartOf":{"@id":"https:\/\/hansen.devwp.dk\/sv\/#website"},"datePublished":"2025-12-12T08:46:30+00:00","dateModified":"2026-02-16T08:06:40+00:00","description":"Trygg hj\u00e4lp n\u00e4r du k\u00f6per, s\u00e4ljer och anl\u00e4nder p\u00e5 Costa del Sol. Personlig service och tydlig v\u00e4gledning hela v\u00e4gen. Kontakta oss.","breadcrumb":{"@id":"https:\/\/hansen.devwp.dk\/sv\/kundservice\/#breadcrumb"},"inLanguage":"sv-SE","potentialAction":[{"@type":"ReadAction","target":["https:\/\/hansen.devwp.dk\/sv\/kundservice\/"]}]},{"@type":"BreadcrumbList","@id":"https:\/\/hansen.devwp.dk\/sv\/kundservice\/#breadcrumb","itemListElement":[{"@type":"ListItem","position":1,"name":"Home","item":"https:\/\/hansen.devwp.dk\/sv\/hemresor\/"},{"@type":"ListItem","position":2,"name":"KUNDSERVICE"}]},{"@type":"WebSite","@id":"https:\/\/hansen.devwp.dk\/sv\/#website","url":"https:\/\/hansen.devwp.dk\/sv\/","name":"Hansen Realestate","description":"","publisher":{"@id":"https:\/\/hansen.devwp.dk\/sv\/#organization"},"potentialAction":[{"@type":"SearchAction","target":{"@type":"EntryPoint","urlTemplate":"https:\/\/hansen.devwp.dk\/sv\/?s={search_term_string}"},"query-input":{"@type":"PropertyValueSpecification","valueRequired":true,"valueName":"search_term_string"}}],"inLanguage":"sv-SE"},{"@type":"Organization","@id":"https:\/\/hansen.devwp.dk\/sv\/#organization","name":"Hansen Realestate","url":"https:\/\/hansen.devwp.dk\/sv\/","logo":{"@type":"ImageObject","inLanguage":"sv-SE","@id":"https:\/\/hansen.devwp.dk\/sv\/#\/schema\/logo\/image\/","url":"https:\/\/hansen.devwp.dk\/wp-content\/uploads\/2025\/11\/logo_hansen1.png","contentUrl":"https:\/\/hansen.devwp.dk\/wp-content\/uploads\/2025\/11\/logo_hansen1.png","width":250,"height":150,"caption":"Hansen Realestate"},"image":{"@id":"https:\/\/hansen.devwp.dk\/sv\/#\/schema\/logo\/image\/"}}]}},"_links":{"self":[{"href":"https:\/\/hansen.devwp.dk\/sv\/wp-json\/wp\/v2\/pages\/29854","targetHints":{"allow":["GET"]}}],"collection":[{"href":"https:\/\/hansen.devwp.dk\/sv\/wp-json\/wp\/v2\/pages"}],"about":[{"href":"https:\/\/hansen.devwp.dk\/sv\/wp-json\/wp\/v2\/types\/page"}],"author":[{"embeddable":true,"href":"https:\/\/hansen.devwp.dk\/sv\/wp-json\/wp\/v2\/users\/1"}],"replies":[{"embeddable":true,"href":"https:\/\/hansen.devwp.dk\/sv\/wp-json\/wp\/v2\/comments?post=29854"}],"version-history":[{"count":1,"href":"https:\/\/hansen.devwp.dk\/sv\/wp-json\/wp\/v2\/pages\/29854\/revisions"}],"predecessor-version":[{"id":29858,"href":"https:\/\/hansen.devwp.dk\/sv\/wp-json\/wp\/v2\/pages\/29854\/revisions\/29858"}],"wp:attachment":[{"href":"https:\/\/hansen.devwp.dk\/sv\/wp-json\/wp\/v2\/media?parent=29854"}],"curies":[{"name":"wp","href":"https:\/\/api.w.org\/{rel}","templated":true}]}}