{"id":30508,"date":"2025-12-22T08:55:33","date_gmt":"2025-12-22T08:55:33","guid":{"rendered":"https:\/\/hansen.devwp.dk\/cookiepolicy\/"},"modified":"2026-02-16T09:07:05","modified_gmt":"2026-02-16T09:07:05","slug":"cookiepolicy","status":"publish","type":"page","link":"https:\/\/hansen.devwp.dk\/sv\/cookiepolicy\/","title":{"rendered":"Cookiepolicy"},"content":{"rendered":"\n<h2 class=\"wp-block-heading\">1. Vad \u00e4r cookies?<\/h2>\n\n<p>\u201dCookies\u201d \u00e4r sm\u00e5 programvarutaggar som lagras p\u00e5 din dator via webbl\u00e4saren. De sparar endast information relaterad till dina preferenser och inneh\u00e5ller inga personuppgifter.<\/p>\n\n<h2 class=\"wp-block-heading\">2. Vad anv\u00e4nds cookies till?<\/h2>\n\n<p>Cookies anv\u00e4nds f\u00f6r att hj\u00e4lpa till att fastst\u00e4lla webbplatsers anv\u00e4ndbarhet, intresse och antal anv\u00e4ndningar, vilket m\u00f6jligg\u00f6r snabbare och effektivare navigering och eliminerar behovet av att upprepade g\u00e5nger ange samma information.<\/p>\n\n<h2 class=\"wp-block-heading\">3. Vilka typer av cookies anv\u00e4nder vi?<\/h2>\n\n<p>Det finns tv\u00e5 grupper av cookies som kan anv\u00e4ndas:<\/p>\n\n<ul class=\"wp-block-list\">\n<li>Permanenta cookies \u2013 Dessa cookies lagras p\u00e5 webbl\u00e4sarniv\u00e5 p\u00e5 dina \u00e5tkomstenheter (PC, mobil och surfplatta) och anv\u00e4nds varje g\u00e5ng du bes\u00f6ker en av v\u00e5ra webbplatser. De anv\u00e4nds vanligtvis f\u00f6r att anpassa navigeringen efter anv\u00e4ndarens intressen, vilket g\u00f6r att vi kan erbjuda en mer personlig service. <\/li>\n\n\n\n<li>Sessionscookies \u2013 Dessa \u00e4r tillf\u00e4lliga cookies som finns kvar i din webbl\u00e4sares cookie-fil tills du l\u00e4mnar webbplatsen. Informationen som erh\u00e5lls via dessa cookies anv\u00e4nds f\u00f6r att analysera webbtrafikm\u00f6nster, vilket g\u00f6r att vi kan identifiera problem och ge en b\u00e4ttre surfupplevelse. <\/li>\n<\/ul>\n\n<h2 class=\"wp-block-heading\">4. Hur l\u00e4nge lagras cookies p\u00e5 min enhet?<\/h2>\n\n<p>Tv\u00e5 typer av cookies kan lagras:<\/p>\n\n<ul class=\"wp-block-list\">\n<li>Sessionscookies: Dessa raderas automatiskt n\u00e4r du st\u00e4nger din webbl\u00e4sare.<\/li>\n\n\n\n<li>Permanenta cookies: Dessa finns kvar p\u00e5 din dator tills de raderas eller upph\u00f6r att g\u00e4lla. Permanenta cookies kan beh\u00e5lla dina anv\u00e4ndarpreferenser f\u00f6r att g\u00f6ra framtida navigering enklare och mer relevant. <\/li>\n<\/ul>\n\n<h2 class=\"wp-block-heading\">5. Var lagras och behandlas din information?<\/h2>\n\n<p>Vi kan \u00f6verf\u00f6ra och lagra den information vi samlar in om dig utanf\u00f6r ditt ursprungsland. Den kan behandlas av v\u00e5rt interna team eller av tredjepartsf\u00f6retag som tillhandah\u00e5ller tj\u00e4nster till Hansen Real Estate. N\u00e4r vi g\u00f6r det s\u00e4kerst\u00e4ller vi att informationen \u00e4r s\u00e4ker och korrekt skyddad. Dessa \u00e5tg\u00e4rder baseras p\u00e5 adekvansbeslut eller implementering av l\u00e4mpliga skydds\u00e5tg\u00e4rder (t.ex. standardavtalsklausuler).   <\/p>\n\n<h2 class=\"wp-block-heading\">6. Hur kan jag \u00e4ndra mina cookiepreferenser?<\/h2>\n\n<p>Du kan \u00e4ndra dina cookiepreferenser via cookieinst\u00e4llningarna.<\/p>\n\n<h2 class=\"wp-block-heading\">7. Cookietyp och syfte<\/h2>\n\n<ul class=\"wp-block-list\">\n<li>7.1. Absolut n\u00f6dv\u00e4ndiga cookiesDessa g\u00f6r att du kan navigera p\u00e5 webbplatsen och anv\u00e4nda dess applikationer, samt komma \u00e5t s\u00e4kra omr\u00e5den p\u00e5 webbplatsen. Utan dessa cookies kan de beg\u00e4rda tj\u00e4nsterna inte tillhandah\u00e5llas. <\/li>\n\n\n\n<li>7.2. Analytiska cookiesDessa anv\u00e4nds anonymt i syfte att skapa och analysera statistik f\u00f6r att f\u00f6rb\u00e4ttra webbplatsens funktion.<\/li>\n\n\n\n<li>7.3. FunktionscookiesDessa lagrar anv\u00e4ndarpreferenser g\u00e4llande webbplatsanv\u00e4ndning s\u00e5 att du inte beh\u00f6ver konfigurera om webbplatsen varje g\u00e5ng du bes\u00f6ker den.<\/li>\n\n\n\n<li>7.4. TredjepartscookiesDessa m\u00e4ter framg\u00e5ngen f\u00f6r applikationer och effektiviteten av tredjepartsannonsering. De kan ocks\u00e5 anv\u00e4ndas f\u00f6r att anpassa en widget med anv\u00e4ndardata. <\/li>\n\n\n\n<li>7.5. AnnonseringscookiesDessa riktar annonsering baserat p\u00e5 varje anv\u00e4ndares intressen, och begr\u00e4nsar \u00e4ven antalet g\u00e5nger en annons visas, vilket hj\u00e4lper till att m\u00e4ta effektiviteten av annonsering och framg\u00e5ngen f\u00f6r webbplatsorganisationen.<\/li>\n\n\n\n<li>7.6. Tekniska cookiesDenna webbplats anv\u00e4nder endast cookies som m\u00f6jligg\u00f6r dess korrekta funktion och tillhandah\u00e5llandet av de tj\u00e4nster som erbjuds p\u00e5 den, och, i f\u00f6rekommande fall, egna cookies med det enda syftet att m\u00e4ta dess publik, vilka d\u00e4rf\u00f6r \u00e4r undantagna fr\u00e5n samtycke. D\u00e4rf\u00f6r, enligt artikel 22 i lagen om informationssamh\u00e4llets tj\u00e4nster, kr\u00e4vs inte ditt samtycke f\u00f6r deras installation. <\/li>\n<\/ul>\n\n<h2 class=\"wp-block-heading\">L\u00e4nkar<\/h2>\n\n<figure class=\"wp-block-embed\"><div class=\"wp-block-embed__wrapper\">\nhttps:\/\/allaboutcookies.org\n<\/div><\/figure>\n","protected":false},"excerpt":{"rendered":"<p>1. Vad \u00e4r cookies? \u201dCookies\u201d \u00e4r sm\u00e5 programvarutaggar som lagras p\u00e5 din dator via webbl\u00e4saren. De sparar endast information relaterad<\/p>\n","protected":false},"author":1,"featured_media":0,"parent":0,"menu_order":13,"comment_status":"closed","ping_status":"closed","template":"elementor_header_footer","meta":{"footnotes":""},"class_list":["post-30508","page","type-page","status-publish","hentry"],"yoast_head":"<!-- This site is optimized with the Yoast SEO plugin v27.3 - https:\/\/yoast.com\/product\/yoast-seo-wordpress\/ -->\n<title>Cookiepolicy | Hansen Real Estate<\/title>\n<meta name=\"description\" content=\"L\u00e4s om hur Hansen Real Estate anv\u00e4nder cookies, vilka typer som finns och hur du \u00e4ndrar dina inst\u00e4llningar. F\u00e5 tydlig information om syfte och lagring.\" \/>\n<meta name=\"robots\" content=\"noindex, follow, max-snippet:-1, max-image-preview:large, max-video-preview:-1\" \/>\n<meta property=\"og:locale\" content=\"sv_SE\" \/>\n<meta property=\"og:type\" content=\"article\" \/>\n<meta property=\"og:title\" content=\"Cookiepolicy | Hansen Real Estate\" \/>\n<meta property=\"og:description\" content=\"L\u00e4s om hur Hansen Real Estate anv\u00e4nder cookies, vilka typer som finns och hur du \u00e4ndrar dina inst\u00e4llningar. F\u00e5 tydlig information om syfte och lagring.\" \/>\n<meta property=\"og:url\" content=\"https:\/\/hansen.devwp.dk\/sv\/cookiepolicy\/\" \/>\n<meta property=\"og:site_name\" content=\"Hansen-Realestate\" \/>\n<meta property=\"article:modified_time\" content=\"2026-02-16T09:07:05+00:00\" \/>\n<meta name=\"twitter:card\" content=\"summary_large_image\" \/>\n<meta name=\"twitter:label1\" content=\"Ber\u00e4knad l\u00e4stid\" \/>\n\t<meta name=\"twitter:data1\" content=\"3 minuter\" \/>\n<script type=\"application\/ld+json\" class=\"yoast-schema-graph\">{\"@context\":\"https:\\\/\\\/schema.org\",\"@graph\":[{\"@type\":\"WebPage\",\"@id\":\"https:\\\/\\\/hansen.devwp.dk\\\/sv\\\/cookiepolicy\\\/\",\"url\":\"https:\\\/\\\/hansen.devwp.dk\\\/sv\\\/cookiepolicy\\\/\",\"name\":\"Cookiepolicy | Hansen Real Estate\",\"isPartOf\":{\"@id\":\"https:\\\/\\\/hansen.devwp.dk\\\/sv\\\/#website\"},\"datePublished\":\"2025-12-22T08:55:33+00:00\",\"dateModified\":\"2026-02-16T09:07:05+00:00\",\"description\":\"L\u00e4s om hur Hansen Real Estate anv\u00e4nder cookies, vilka typer som finns och hur du \u00e4ndrar dina inst\u00e4llningar. F\u00e5 tydlig information om syfte och lagring.\",\"breadcrumb\":{\"@id\":\"https:\\\/\\\/hansen.devwp.dk\\\/sv\\\/cookiepolicy\\\/#breadcrumb\"},\"inLanguage\":\"sv-SE\",\"potentialAction\":[{\"@type\":\"ReadAction\",\"target\":[\"https:\\\/\\\/hansen.devwp.dk\\\/sv\\\/cookiepolicy\\\/\"]}]},{\"@type\":\"BreadcrumbList\",\"@id\":\"https:\\\/\\\/hansen.devwp.dk\\\/sv\\\/cookiepolicy\\\/#breadcrumb\",\"itemListElement\":[{\"@type\":\"ListItem\",\"position\":1,\"name\":\"Home\",\"item\":\"https:\\\/\\\/hansen.devwp.dk\\\/sv\\\/hemresor\\\/\"},{\"@type\":\"ListItem\",\"position\":2,\"name\":\"Cookiepolicy\"}]},{\"@type\":\"WebSite\",\"@id\":\"https:\\\/\\\/hansen.devwp.dk\\\/sv\\\/#website\",\"url\":\"https:\\\/\\\/hansen.devwp.dk\\\/sv\\\/\",\"name\":\"Hansen Realestate\",\"description\":\"\",\"publisher\":{\"@id\":\"https:\\\/\\\/hansen.devwp.dk\\\/sv\\\/#organization\"},\"potentialAction\":[{\"@type\":\"SearchAction\",\"target\":{\"@type\":\"EntryPoint\",\"urlTemplate\":\"https:\\\/\\\/hansen.devwp.dk\\\/sv\\\/?s={search_term_string}\"},\"query-input\":{\"@type\":\"PropertyValueSpecification\",\"valueRequired\":true,\"valueName\":\"search_term_string\"}}],\"inLanguage\":\"sv-SE\"},{\"@type\":\"Organization\",\"@id\":\"https:\\\/\\\/hansen.devwp.dk\\\/sv\\\/#organization\",\"name\":\"Hansen Realestate\",\"url\":\"https:\\\/\\\/hansen.devwp.dk\\\/sv\\\/\",\"logo\":{\"@type\":\"ImageObject\",\"inLanguage\":\"sv-SE\",\"@id\":\"https:\\\/\\\/hansen.devwp.dk\\\/sv\\\/#\\\/schema\\\/logo\\\/image\\\/\",\"url\":\"https:\\\/\\\/hansen.devwp.dk\\\/wp-content\\\/uploads\\\/2025\\\/11\\\/logo_hansen1.png\",\"contentUrl\":\"https:\\\/\\\/hansen.devwp.dk\\\/wp-content\\\/uploads\\\/2025\\\/11\\\/logo_hansen1.png\",\"width\":250,\"height\":150,\"caption\":\"Hansen Realestate\"},\"image\":{\"@id\":\"https:\\\/\\\/hansen.devwp.dk\\\/sv\\\/#\\\/schema\\\/logo\\\/image\\\/\"}}]}<\/script>\n<!-- \/ Yoast SEO plugin. -->","yoast_head_json":{"title":"Cookiepolicy | Hansen Real Estate","description":"L\u00e4s om hur Hansen Real Estate anv\u00e4nder cookies, vilka typer som finns och hur du \u00e4ndrar dina inst\u00e4llningar. F\u00e5 tydlig information om syfte och lagring.","robots":{"index":"noindex","follow":"follow","max-snippet":"max-snippet:-1","max-image-preview":"max-image-preview:large","max-video-preview":"max-video-preview:-1"},"og_locale":"sv_SE","og_type":"article","og_title":"Cookiepolicy | Hansen Real Estate","og_description":"L\u00e4s om hur Hansen Real Estate anv\u00e4nder cookies, vilka typer som finns och hur du \u00e4ndrar dina inst\u00e4llningar. F\u00e5 tydlig information om syfte och lagring.","og_url":"https:\/\/hansen.devwp.dk\/sv\/cookiepolicy\/","og_site_name":"Hansen-Realestate","article_modified_time":"2026-02-16T09:07:05+00:00","twitter_card":"summary_large_image","twitter_misc":{"Ber\u00e4knad l\u00e4stid":"3 minuter"},"schema":{"@context":"https:\/\/schema.org","@graph":[{"@type":"WebPage","@id":"https:\/\/hansen.devwp.dk\/sv\/cookiepolicy\/","url":"https:\/\/hansen.devwp.dk\/sv\/cookiepolicy\/","name":"Cookiepolicy | Hansen Real Estate","isPartOf":{"@id":"https:\/\/hansen.devwp.dk\/sv\/#website"},"datePublished":"2025-12-22T08:55:33+00:00","dateModified":"2026-02-16T09:07:05+00:00","description":"L\u00e4s om hur Hansen Real Estate anv\u00e4nder cookies, vilka typer som finns och hur du \u00e4ndrar dina inst\u00e4llningar. F\u00e5 tydlig information om syfte och lagring.","breadcrumb":{"@id":"https:\/\/hansen.devwp.dk\/sv\/cookiepolicy\/#breadcrumb"},"inLanguage":"sv-SE","potentialAction":[{"@type":"ReadAction","target":["https:\/\/hansen.devwp.dk\/sv\/cookiepolicy\/"]}]},{"@type":"BreadcrumbList","@id":"https:\/\/hansen.devwp.dk\/sv\/cookiepolicy\/#breadcrumb","itemListElement":[{"@type":"ListItem","position":1,"name":"Home","item":"https:\/\/hansen.devwp.dk\/sv\/hemresor\/"},{"@type":"ListItem","position":2,"name":"Cookiepolicy"}]},{"@type":"WebSite","@id":"https:\/\/hansen.devwp.dk\/sv\/#website","url":"https:\/\/hansen.devwp.dk\/sv\/","name":"Hansen Realestate","description":"","publisher":{"@id":"https:\/\/hansen.devwp.dk\/sv\/#organization"},"potentialAction":[{"@type":"SearchAction","target":{"@type":"EntryPoint","urlTemplate":"https:\/\/hansen.devwp.dk\/sv\/?s={search_term_string}"},"query-input":{"@type":"PropertyValueSpecification","valueRequired":true,"valueName":"search_term_string"}}],"inLanguage":"sv-SE"},{"@type":"Organization","@id":"https:\/\/hansen.devwp.dk\/sv\/#organization","name":"Hansen Realestate","url":"https:\/\/hansen.devwp.dk\/sv\/","logo":{"@type":"ImageObject","inLanguage":"sv-SE","@id":"https:\/\/hansen.devwp.dk\/sv\/#\/schema\/logo\/image\/","url":"https:\/\/hansen.devwp.dk\/wp-content\/uploads\/2025\/11\/logo_hansen1.png","contentUrl":"https:\/\/hansen.devwp.dk\/wp-content\/uploads\/2025\/11\/logo_hansen1.png","width":250,"height":150,"caption":"Hansen Realestate"},"image":{"@id":"https:\/\/hansen.devwp.dk\/sv\/#\/schema\/logo\/image\/"}}]}},"_links":{"self":[{"href":"https:\/\/hansen.devwp.dk\/sv\/wp-json\/wp\/v2\/pages\/30508","targetHints":{"allow":["GET"]}}],"collection":[{"href":"https:\/\/hansen.devwp.dk\/sv\/wp-json\/wp\/v2\/pages"}],"about":[{"href":"https:\/\/hansen.devwp.dk\/sv\/wp-json\/wp\/v2\/types\/page"}],"author":[{"embeddable":true,"href":"https:\/\/hansen.devwp.dk\/sv\/wp-json\/wp\/v2\/users\/1"}],"replies":[{"embeddable":true,"href":"https:\/\/hansen.devwp.dk\/sv\/wp-json\/wp\/v2\/comments?post=30508"}],"version-history":[{"count":1,"href":"https:\/\/hansen.devwp.dk\/sv\/wp-json\/wp\/v2\/pages\/30508\/revisions"}],"predecessor-version":[{"id":30512,"href":"https:\/\/hansen.devwp.dk\/sv\/wp-json\/wp\/v2\/pages\/30508\/revisions\/30512"}],"wp:attachment":[{"href":"https:\/\/hansen.devwp.dk\/sv\/wp-json\/wp\/v2\/media?parent=30508"}],"curies":[{"name":"wp","href":"https:\/\/api.w.org\/{rel}","templated":true}]}}